{"id":2924,"date":"2024-11-20T10:40:27","date_gmt":"2024-11-20T10:40:27","guid":{"rendered":"https:\/\/timbrehotels.com\/boavista\/mapa-del-sitio\/"},"modified":"2025-01-06T12:21:48","modified_gmt":"2025-01-06T12:21:48","slug":"mapa-del-sitio","status":"publish","type":"page","link":"https:\/\/timbrehotels.com\/boavista\/es\/mapa-del-sitio\/","title":{"rendered":"Mapa del S\u00edtio"},"content":{"rendered":"\t\t<div data-elementor-type=\"wp-page\" data-elementor-id=\"2924\" class=\"elementor elementor-2924 elementor-431\" data-elementor-post-type=\"page\">\n\t\t\t\t\t\t<section class=\"elementor-section elementor-top-section elementor-element elementor-element-3e75220 elementor-section-boxed elementor-section-height-default elementor-section-height-default\" data-id=\"3e75220\" data-element_type=\"section\" data-e-type=\"section\" data-settings=\"{&quot;background_background&quot;:&quot;classic&quot;}\">\n\t\t\t\t\t\t<div class=\"elementor-container elementor-column-gap-default\">\n\t\t\t\t\t<div class=\"elementor-column elementor-col-100 elementor-top-column elementor-element elementor-element-06613b6\" data-id=\"06613b6\" data-element_type=\"column\" data-e-type=\"column\">\n\t\t\t<div class=\"elementor-widget-wrap elementor-element-populated\">\n\t\t\t\t\t\t<div class=\"elementor-element elementor-element-fefda58 elementor-widget-divider--view-line_text elementor-widget-divider--element-align-left elementor-widget elementor-widget-divider\" data-id=\"fefda58\" data-element_type=\"widget\" data-e-type=\"widget\" data-widget_type=\"divider.default\">\n\t\t\t\t\t\t\t<div class=\"elementor-divider\">\n\t\t\t<span class=\"elementor-divider-separator\">\n\t\t\t\t\t\t\t<h2 class=\"elementor-divider__text elementor-divider__element\">\n\t\t\t\tMAPA DEL S\u00cdTIO\t\t\t\t<\/h2>\n\t\t\t\t\t\t<\/span>\n\t\t<\/div>\n\t\t\t\t\t\t<\/div>\n\t\t\t\t<section class=\"elementor-section elementor-inner-section elementor-element elementor-element-f1d58c1 elementor-section-boxed elementor-section-height-default elementor-section-height-default\" data-id=\"f1d58c1\" data-element_type=\"section\" data-e-type=\"section\">\n\t\t\t\t\t\t<div class=\"elementor-container elementor-column-gap-default\">\n\t\t\t\t\t<div class=\"elementor-column elementor-col-50 elementor-inner-column elementor-element elementor-element-07605c1\" data-id=\"07605c1\" data-element_type=\"column\" data-e-type=\"column\">\n\t\t\t<div class=\"elementor-widget-wrap elementor-element-populated\">\n\t\t\t\t\t\t<div class=\"elementor-element elementor-element-e8296a3 elementor-widget elementor-widget-sitemap\" data-id=\"e8296a3\" data-element_type=\"widget\" data-e-type=\"widget\" data-widget_type=\"sitemap.default\">\n\t\t\t\t\t<div class=\"elementor-sitemap-wrap\"><div class=\"elementor-sitemap-section\"><h2 class=\"elementor-sitemap-title elementor-sitemap-page-title\"> <\/h2><ul class=\"elementor-sitemap-list elementor-sitemap-page-list\"><li class=\"elementor-sitemap-item elementor-sitemap-item-page page_item page-item-2747\"><a href=\"https:\/\/timbrehotels.com\/boavista\/es\/galeria\/\">Galer\u00eda<\/a><\/li><li class=\"elementor-sitemap-item elementor-sitemap-item-page page_item page-item-2738\"><a href=\"https:\/\/timbrehotels.com\/boavista\/es\/\">P\u00e1gina Principal<\/a><\/li><li class=\"elementor-sitemap-item elementor-sitemap-item-page page_item page-item-2790\"><a href=\"https:\/\/timbrehotels.com\/boavista\/es\/servicios\/\">Servicios<\/a><\/li><li class=\"elementor-sitemap-item elementor-sitemap-item-page page_item page-item-2810\"><a href=\"https:\/\/timbrehotels.com\/boavista\/es\/ubicacion-contacto\/\">Ubicaci\u00f3n | Contacto<\/a><\/li><li class=\"elementor-sitemap-item elementor-sitemap-item-page page_item page-item-4764\"><a href=\"https:\/\/timbrehotels.com\/boavista\/es\/ofertas-especiales\/\">Ofertas Especiales<\/a><\/li><li class=\"elementor-sitemap-item elementor-sitemap-item-page page_item page-item-4472\"><a href=\"https:\/\/timbrehotels.com\/boavista\/es\/terminos-y-condiciones\/\">T\u00e9rminos y Condiciones<\/a><\/li><li class=\"elementor-sitemap-item elementor-sitemap-item-page page_item page-item-2814\"><a href=\"https:\/\/timbrehotels.com\/boavista\/es\/apartamentos\/\">Apartamentos<\/a><ul class='children'><li class=\"elementor-sitemap-item elementor-sitemap-item-page page_item page-item-2848\"><a href=\"https:\/\/timbrehotels.com\/boavista\/es\/apartamentos\/estudio-premium\/\">Estudio Premium<\/a><\/li><li class=\"elementor-sitemap-item elementor-sitemap-item-page page_item page-item-2825\"><a href=\"https:\/\/timbrehotels.com\/boavista\/es\/apartamentos\/estudio-twin-doble\/\">Estudio Twin\/Doble<\/a><\/li><li class=\"elementor-sitemap-item elementor-sitemap-item-page page_item page-item-2861\"><a href=\"https:\/\/timbrehotels.com\/boavista\/es\/apartamentos\/apartamento-t1-con-terraza\/\">Apartamento T1 con Terraza<\/a><\/li><li class=\"elementor-sitemap-item elementor-sitemap-item-page page_item page-item-2835\"><a href=\"https:\/\/timbrehotels.com\/boavista\/es\/apartamentos\/estudio-twin-doble-con-balcon\/\">Estudio Twin\/Doble con Balc\u00f3n<\/a><\/li><\/ul><\/li><li class=\"elementor-sitemap-item elementor-sitemap-item-page page_item page-item-2804\"><a href=\"https:\/\/timbrehotels.com\/boavista\/es\/comida-bebidas\/\">Comida &amp; Bebidas<\/a><\/li><\/ul><\/div><\/div>\t\t\t\t<\/div>\n\t\t\t\t\t<\/div>\n\t\t<\/div>\n\t\t\t\t<div class=\"elementor-column elementor-col-50 elementor-inner-column elementor-element elementor-element-54a5337\" data-id=\"54a5337\" data-element_type=\"column\" data-e-type=\"column\">\n\t\t\t<div class=\"elementor-widget-wrap elementor-element-populated\">\n\t\t\t\t\t\t<div class=\"elementor-element elementor-element-ee1614a elementor-widget elementor-widget-heading\" data-id=\"ee1614a\" data-element_type=\"widget\" data-e-type=\"widget\" data-widget_type=\"heading.default\">\n\t\t\t\t\t<h6 class=\"elementor-heading-title elementor-size-default\">GRUPO TIMBRE<\/h6>\t\t\t\t<\/div>\n\t\t\t\t<div class=\"elementor-element elementor-element-0e1bb56 elementor-icon-list--layout-traditional elementor-list-item-link-full_width elementor-widget elementor-widget-icon-list\" data-id=\"0e1bb56\" data-element_type=\"widget\" data-e-type=\"widget\" data-widget_type=\"icon-list.default\">\n\t\t\t\t\t\t\t<ul class=\"elementor-icon-list-items\">\n\t\t\t\t\t\t\t<li class=\"elementor-icon-list-item\">\n\t\t\t\t\t\t\t\t\t\t\t<a href=\"https:\/\/timbrehotels.com\/boavista\/es\/\" target=\"_blank\">\n\n\t\t\t\t\t\t\t\t\t\t\t\t<span class=\"elementor-icon-list-icon\">\n\t\t\t\t\t\t\t<svg aria-hidden=\"true\" class=\"e-font-icon-svg e-fas-circle\" viewBox=\"0 0 512 512\" xmlns=\"http:\/\/www.w3.org\/2000\/svg\"><path d=\"M256 8C119 8 8 119 8 256s111 248 248 248 248-111 248-248S393 8 256 8z\"><\/path><\/svg>\t\t\t\t\t\t<\/span>\n\t\t\t\t\t\t\t\t\t\t<span class=\"elementor-icon-list-text\">Timbre Boavista<\/span>\n\t\t\t\t\t\t\t\t\t\t\t<\/a>\n\t\t\t\t\t\t\t\t\t<\/li>\n\t\t\t\t\t\t<\/ul>\n\t\t\t\t\t\t<\/div>\n\t\t\t\t<div class=\"elementor-element elementor-element-41d6094 elementor-icon-list--layout-traditional elementor-list-item-link-full_width elementor-widget elementor-widget-icon-list\" data-id=\"41d6094\" data-element_type=\"widget\" data-e-type=\"widget\" data-widget_type=\"icon-list.default\">\n\t\t\t\t\t\t\t<ul class=\"elementor-icon-list-items\">\n\t\t\t\t\t\t\t<li class=\"elementor-icon-list-item\">\n\t\t\t\t\t\t\t\t\t\t\t<a href=\"https:\/\/timbrehotels.com\/heroismo\">\n\n\t\t\t\t\t\t\t\t\t\t\t\t<span class=\"elementor-icon-list-icon\">\n\t\t\t\t\t\t\t<svg aria-hidden=\"true\" class=\"e-font-icon-svg e-fas-circle\" viewBox=\"0 0 512 512\" xmlns=\"http:\/\/www.w3.org\/2000\/svg\"><path d=\"M256 8C119 8 8 119 8 256s111 248 248 248 248-111 248-248S393 8 256 8z\"><\/path><\/svg>\t\t\t\t\t\t<\/span>\n\t\t\t\t\t\t\t\t\t\t<span class=\"elementor-icon-list-text\">Timbre Hero\u00edsmo<\/span>\n\t\t\t\t\t\t\t\t\t\t\t<\/a>\n\t\t\t\t\t\t\t\t\t<\/li>\n\t\t\t\t\t\t<\/ul>\n\t\t\t\t\t\t<\/div>\n\t\t\t\t<div class=\"elementor-element elementor-element-178d7ab elementor-icon-list--layout-traditional elementor-list-item-link-full_width elementor-widget elementor-widget-icon-list\" data-id=\"178d7ab\" data-element_type=\"widget\" data-e-type=\"widget\" data-widget_type=\"icon-list.default\">\n\t\t\t\t\t\t\t<ul class=\"elementor-icon-list-items\">\n\t\t\t\t\t\t\t<li class=\"elementor-icon-list-item\">\n\t\t\t\t\t\t\t\t\t\t\t<a href=\"https:\/\/timbrehotels.com\/boavista\/es\/\">\n\n\t\t\t\t\t\t\t\t\t\t\t\t<span class=\"elementor-icon-list-icon\">\n\t\t\t\t\t\t\t<svg aria-hidden=\"true\" class=\"e-font-icon-svg e-fas-circle\" viewBox=\"0 0 512 512\" xmlns=\"http:\/\/www.w3.org\/2000\/svg\"><path d=\"M256 8C119 8 8 119 8 256s111 248 248 248 248-111 248-248S393 8 256 8z\"><\/path><\/svg>\t\t\t\t\t\t<\/span>\n\t\t\t\t\t\t\t\t\t\t<span class=\"elementor-icon-list-text\">Timbre Virtudes<\/span>\n\t\t\t\t\t\t\t\t\t\t\t<\/a>\n\t\t\t\t\t\t\t\t\t<\/li>\n\t\t\t\t\t\t<\/ul>\n\t\t\t\t\t\t<\/div>\n\t\t\t\t<div class=\"elementor-element elementor-element-0cf638b elementor-widget elementor-widget-heading\" data-id=\"0cf638b\" data-element_type=\"widget\" data-e-type=\"widget\" data-widget_type=\"heading.default\">\n\t\t\t\t\t<h6 class=\"elementor-heading-title elementor-size-default\">SOPORTE<\/h6>\t\t\t\t<\/div>\n\t\t\t\t<div class=\"elementor-element elementor-element-a4da677 elementor-widget elementor-widget-sitemap\" data-id=\"a4da677\" data-element_type=\"widget\" data-e-type=\"widget\" data-widget_type=\"sitemap.default\">\n\t\t\t\t\t<div class=\"elementor-sitemap-wrap\"><div class=\"elementor-sitemap-section\"><h2 class=\"elementor-sitemap-title elementor-sitemap-page-title\"> <\/h2><ul class=\"elementor-sitemap-list elementor-sitemap-page-list\"><li class=\"elementor-sitemap-item elementor-sitemap-item-page page_item page-item-2924\"><a href=\"https:\/\/timbrehotels.com\/boavista\/es\/mapa-del-sitio\/\">Mapa del S\u00edtio<\/a><\/li><li class=\"elementor-sitemap-item elementor-sitemap-item-page page_item page-item-2926\"><a href=\"https:\/\/timbrehotels.com\/boavista\/es\/politica-de-privacidad\/\">Pol\u00edtica de Privacidad<\/a><\/li><li class=\"elementor-sitemap-item elementor-sitemap-item-page page_item page-item-2931\"><a href=\"https:\/\/timbrehotels.com\/boavista\/es\/politica-de-cookies\/\">Pol\u00edtica de Cookies<\/a><\/li><li class=\"elementor-sitemap-item elementor-sitemap-item-page page_item page-item-4472\"><a href=\"https:\/\/timbrehotels.com\/boavista\/es\/terminos-y-condiciones\/\">T\u00e9rminos y Condiciones<\/a><\/li><li class=\"elementor-sitemap-item elementor-sitemap-item-page page_item page-item-4764\"><a href=\"https:\/\/timbrehotels.com\/boavista\/es\/ofertas-especiales\/\">Ofertas Especiales<\/a><\/li><li class=\"elementor-sitemap-item elementor-sitemap-item-page page_item page-item-2812\"><a href=\"https:\/\/timbrehotels.com\/boavista\/es\/faqs\/\">FAQs<\/a><\/li><\/ul><\/div><\/div>\t\t\t\t<\/div>\n\t\t\t\t\t<\/div>\n\t\t<\/div>\n\t\t\t\t\t<\/div>\n\t\t<\/section>\n\t\t\t\t\t<\/div>\n\t\t<\/div>\n\t\t\t\t\t<\/div>\n\t\t<\/section>\n\t\t\t\t<\/div>\n\t\t","protected":false},"excerpt":{"rendered":"<p>MAPA DEL S\u00cdTIO GRUPO TIMBRE Timbre Boavista Timbre Hero\u00edsmo Timbre Virtudes SOPORTE<\/p>\n","protected":false},"author":2,"featured_media":0,"parent":0,"menu_order":0,"comment_status":"closed","ping_status":"closed","template":"elementor_header_footer","meta":{"_sitemap_exclude":false,"_sitemap_priority":"","_sitemap_frequency":"","footnotes":""},"class_list":["post-2924","page","type-page","status-publish","hentry"],"yoast_head":"<!-- This site is optimized with the Yoast SEO plugin v27.4 - https:\/\/yoast.com\/product\/yoast-seo-wordpress\/ -->\n<title>Mapa del S\u00edtio - Timbre Boavista<\/title>\n<meta name=\"robots\" content=\"noindex, nofollow\" \/>\n<meta property=\"og:locale\" content=\"es_ES\" \/>\n<meta property=\"og:type\" content=\"article\" \/>\n<meta property=\"og:title\" content=\"Mapa del S\u00edtio - Timbre Boavista\" \/>\n<meta property=\"og:description\" content=\"MAPA DEL S\u00cdTIO GRUPO TIMBRE Timbre Boavista Timbre Hero\u00edsmo Timbre Virtudes SOPORTE\" \/>\n<meta property=\"og:url\" content=\"https:\/\/timbrehotels.com\/boavista\/es\/mapa-del-sitio\/\" \/>\n<meta property=\"og:site_name\" content=\"Timbre Boavista\" \/>\n<meta property=\"article:modified_time\" content=\"2025-01-06T12:21:48+00:00\" \/>\n<meta name=\"twitter:card\" content=\"summary_large_image\" \/>\n<script type=\"application\/ld+json\" class=\"yoast-schema-graph\">{\"@context\":\"https:\\\/\\\/schema.org\",\"@graph\":[{\"@type\":\"WebPage\",\"@id\":\"https:\\\/\\\/timbrehotels.com\\\/boavista\\\/es\\\/mapa-del-sitio\\\/\",\"url\":\"https:\\\/\\\/timbrehotels.com\\\/boavista\\\/es\\\/mapa-del-sitio\\\/\",\"name\":\"Mapa del S\u00edtio - Timbre Boavista\",\"isPartOf\":{\"@id\":\"https:\\\/\\\/timbrehotels.com\\\/boavista\\\/es\\\/#website\"},\"datePublished\":\"2024-11-20T10:40:27+00:00\",\"dateModified\":\"2025-01-06T12:21:48+00:00\",\"breadcrumb\":{\"@id\":\"https:\\\/\\\/timbrehotels.com\\\/boavista\\\/es\\\/mapa-del-sitio\\\/#breadcrumb\"},\"inLanguage\":\"es\",\"potentialAction\":[{\"@type\":\"ReadAction\",\"target\":[\"https:\\\/\\\/timbrehotels.com\\\/boavista\\\/es\\\/mapa-del-sitio\\\/\"]}]},{\"@type\":\"BreadcrumbList\",\"@id\":\"https:\\\/\\\/timbrehotels.com\\\/boavista\\\/es\\\/mapa-del-sitio\\\/#breadcrumb\",\"itemListElement\":[{\"@type\":\"ListItem\",\"position\":1,\"name\":\"In\u00edcio\",\"item\":\"https:\\\/\\\/timbrehotels.com\\\/boavista\\\/es\\\/\"},{\"@type\":\"ListItem\",\"position\":2,\"name\":\"Mapa del S\u00edtio\"}]},{\"@type\":\"WebSite\",\"@id\":\"https:\\\/\\\/timbrehotels.com\\\/boavista\\\/es\\\/#website\",\"url\":\"https:\\\/\\\/timbrehotels.com\\\/boavista\\\/es\\\/\",\"name\":\"Timbre Boavista\",\"description\":\"\",\"potentialAction\":[{\"@type\":\"SearchAction\",\"target\":{\"@type\":\"EntryPoint\",\"urlTemplate\":\"https:\\\/\\\/timbrehotels.com\\\/boavista\\\/es\\\/?s={search_term_string}\"},\"query-input\":{\"@type\":\"PropertyValueSpecification\",\"valueRequired\":true,\"valueName\":\"search_term_string\"}}],\"inLanguage\":\"es\"}]}<\/script>\n<!-- \/ Yoast SEO plugin. -->","yoast_head_json":{"title":"Mapa del S\u00edtio - Timbre Boavista","robots":{"index":"noindex","follow":"nofollow"},"og_locale":"es_ES","og_type":"article","og_title":"Mapa del S\u00edtio - Timbre Boavista","og_description":"MAPA DEL S\u00cdTIO GRUPO TIMBRE Timbre Boavista Timbre Hero\u00edsmo Timbre Virtudes SOPORTE","og_url":"https:\/\/timbrehotels.com\/boavista\/es\/mapa-del-sitio\/","og_site_name":"Timbre Boavista","article_modified_time":"2025-01-06T12:21:48+00:00","twitter_card":"summary_large_image","schema":{"@context":"https:\/\/schema.org","@graph":[{"@type":"WebPage","@id":"https:\/\/timbrehotels.com\/boavista\/es\/mapa-del-sitio\/","url":"https:\/\/timbrehotels.com\/boavista\/es\/mapa-del-sitio\/","name":"Mapa del S\u00edtio - Timbre Boavista","isPartOf":{"@id":"https:\/\/timbrehotels.com\/boavista\/es\/#website"},"datePublished":"2024-11-20T10:40:27+00:00","dateModified":"2025-01-06T12:21:48+00:00","breadcrumb":{"@id":"https:\/\/timbrehotels.com\/boavista\/es\/mapa-del-sitio\/#breadcrumb"},"inLanguage":"es","potentialAction":[{"@type":"ReadAction","target":["https:\/\/timbrehotels.com\/boavista\/es\/mapa-del-sitio\/"]}]},{"@type":"BreadcrumbList","@id":"https:\/\/timbrehotels.com\/boavista\/es\/mapa-del-sitio\/#breadcrumb","itemListElement":[{"@type":"ListItem","position":1,"name":"In\u00edcio","item":"https:\/\/timbrehotels.com\/boavista\/es\/"},{"@type":"ListItem","position":2,"name":"Mapa del S\u00edtio"}]},{"@type":"WebSite","@id":"https:\/\/timbrehotels.com\/boavista\/es\/#website","url":"https:\/\/timbrehotels.com\/boavista\/es\/","name":"Timbre Boavista","description":"","potentialAction":[{"@type":"SearchAction","target":{"@type":"EntryPoint","urlTemplate":"https:\/\/timbrehotels.com\/boavista\/es\/?s={search_term_string}"},"query-input":{"@type":"PropertyValueSpecification","valueRequired":true,"valueName":"search_term_string"}}],"inLanguage":"es"}]}},"_links":{"self":[{"href":"https:\/\/timbrehotels.com\/boavista\/es\/wp-json\/wp\/v2\/pages\/2924","targetHints":{"allow":["GET"]}}],"collection":[{"href":"https:\/\/timbrehotels.com\/boavista\/es\/wp-json\/wp\/v2\/pages"}],"about":[{"href":"https:\/\/timbrehotels.com\/boavista\/es\/wp-json\/wp\/v2\/types\/page"}],"author":[{"embeddable":true,"href":"https:\/\/timbrehotels.com\/boavista\/es\/wp-json\/wp\/v2\/users\/2"}],"replies":[{"embeddable":true,"href":"https:\/\/timbrehotels.com\/boavista\/es\/wp-json\/wp\/v2\/comments?post=2924"}],"version-history":[{"count":0,"href":"https:\/\/timbrehotels.com\/boavista\/es\/wp-json\/wp\/v2\/pages\/2924\/revisions"}],"wp:attachment":[{"href":"https:\/\/timbrehotels.com\/boavista\/es\/wp-json\/wp\/v2\/media?parent=2924"}],"curies":[{"name":"wp","href":"https:\/\/api.w.org\/{rel}","templated":true}]}}