{"id":2931,"date":"2024-11-20T10:33:35","date_gmt":"2024-11-20T10:33:35","guid":{"rendered":"https:\/\/timbrehotels.com\/boavista\/politica-de-cookies\/"},"modified":"2025-11-15T22:27:27","modified_gmt":"2025-11-15T22:27:27","slug":"politica-de-cookies","status":"publish","type":"page","link":"https:\/\/timbrehotels.com\/boavista\/es\/politica-de-cookies\/","title":{"rendered":"Pol\u00edtica de Cookies"},"content":{"rendered":"\t\t<div data-elementor-type=\"wp-page\" data-elementor-id=\"2931\" class=\"elementor elementor-2931 elementor-422\" data-elementor-post-type=\"page\">\n\t\t\t\t\t\t<section class=\"elementor-section elementor-top-section elementor-element elementor-element-dca087f elementor-section-boxed elementor-section-height-default elementor-section-height-default\" data-id=\"dca087f\" data-element_type=\"section\" data-e-type=\"section\" data-settings=\"{&quot;background_background&quot;:&quot;classic&quot;}\">\n\t\t\t\t\t\t<div class=\"elementor-container elementor-column-gap-default\">\n\t\t\t\t\t<div class=\"elementor-column elementor-col-100 elementor-top-column elementor-element elementor-element-f9c6da0\" data-id=\"f9c6da0\" data-element_type=\"column\" data-e-type=\"column\">\n\t\t\t<div class=\"elementor-widget-wrap elementor-element-populated\">\n\t\t\t\t\t\t<div class=\"elementor-element elementor-element-7fc8ccb elementor-widget-divider--view-line_text elementor-widget-divider--element-align-left elementor-widget elementor-widget-divider\" data-id=\"7fc8ccb\" data-element_type=\"widget\" data-e-type=\"widget\" data-widget_type=\"divider.default\">\n\t\t\t\t\t\t\t<div class=\"elementor-divider\">\n\t\t\t<span class=\"elementor-divider-separator\">\n\t\t\t\t\t\t\t<h2 class=\"elementor-divider__text elementor-divider__element\">\n\t\t\t\tPOL\u00cdTICA DE COOKIES\t\t\t\t<\/h2>\n\t\t\t\t\t\t<\/span>\n\t\t<\/div>\n\t\t\t\t\t\t<\/div>\n\t\t\t\t<div class=\"elementor-element elementor-element-5bf63bb elementor-widget elementor-widget-heading\" data-id=\"5bf63bb\" data-element_type=\"widget\" data-e-type=\"widget\" data-widget_type=\"heading.default\">\n\t\t\t\t\t<h3 class=\"elementor-heading-title elementor-size-default\">1. \u00bfQu\u00e9 son las Cookies? <\/h3>\t\t\t\t<\/div>\n\t\t\t\t<div class=\"elementor-element elementor-element-16ac8e6 elementor-widget elementor-widget-text-editor\" data-id=\"16ac8e6\" data-element_type=\"widget\" data-e-type=\"widget\" data-widget_type=\"text-editor.default\">\n\t\t\t\t\t\t\t\t\tLas cookies son peque\u00f1os archivos de texto almacenados en el dispositivo del usuario cuando visita un sitio web. Estos archivos permiten:\n<ul>\n \t<li>Garantizar el correcto funcionamiento del sitio web<\/li>\n \t<li>Mejorar la experiencia de navegaci\u00f3n<\/li>\n \t<li>Recordar preferencias<\/li>\n \t<li>Recopilar datos estad\u00edsticos<\/li>\n \t<li>Presentar anuncios relevantes<\/li>\n<\/ul>\nSeg\u00fan los t\u00e9rminos del RGPD, ciertas cookies pueden constituir datos personales, cuando permiten identificar directa o indirectamente al usuario.\t\t\t\t\t\t\t\t<\/div>\n\t\t\t\t<div class=\"elementor-element elementor-element-6f1a5a4 elementor-widget elementor-widget-heading\" data-id=\"6f1a5a4\" data-element_type=\"widget\" data-e-type=\"widget\" data-widget_type=\"heading.default\">\n\t\t\t\t\t<h3 class=\"elementor-heading-title elementor-size-default\">2. \u00bfPor qu\u00e9 utilizamos Cookies? <\/h3>\t\t\t\t<\/div>\n\t\t\t\t<div class=\"elementor-element elementor-element-a7d9f9b elementor-widget elementor-widget-text-editor\" data-id=\"a7d9f9b\" data-element_type=\"widget\" data-e-type=\"widget\" data-widget_type=\"text-editor.default\">\n\t\t\t\t\t\t\t\t\tTimbre Hotels utiliza cookies para:\n<ul>\n \t<li>Asegurar el funcionamiento correcto del sitio web<\/li>\n \t<li>Facilitar la navegaci\u00f3n<\/li>\n \t<li>Guardar preferencias y configuraciones<\/li>\n \t<li>Efectuar an\u00e1lisis estad\u00edsticos y de rendimiento<\/li>\n \t<li>Personalizar contenidos<\/li>\n \t<li>Presentar publicidad relevante<\/li>\n \t<li>Medir la eficacia de campa\u00f1as digitales<\/li>\n<\/ul>\nAlgunas cookies son estrictamente necesarias, mientras que otras requieren el consentimiento expl\u00edcito del usuario.\t\t\t\t\t\t\t\t<\/div>\n\t\t\t\t<div class=\"elementor-element elementor-element-b5d68cf elementor-widget elementor-widget-heading\" data-id=\"b5d68cf\" data-element_type=\"widget\" data-e-type=\"widget\" data-widget_type=\"heading.default\">\n\t\t\t\t\t<h3 class=\"elementor-heading-title elementor-size-default\">3. Tipos de Cookies Utilizadas <\/h3>\t\t\t\t<\/div>\n\t\t\t\t<div class=\"elementor-element elementor-element-6782ece elementor-widget elementor-widget-text-editor\" data-id=\"6782ece\" data-element_type=\"widget\" data-e-type=\"widget\" data-widget_type=\"text-editor.default\">\n\t\t\t\t\t\t\t\t\t<p>Las cookies utilizadas en nuestro sitio web se encuadran en las siguientes categor\u00edas:<\/p><p><strong>3.1. Cookies Esenciales (necesarias)<\/strong><\/p><p>Garantizan el funcionamiento b\u00e1sico del sitio web y de sus funcionalidades (ej.: permitir reservas, acceder a \u00e1reas seguras, carga de p\u00e1ginas).<\/p><p><strong>Base legal:<\/strong> Inter\u00e9s leg\u00edtimo. Sin estas cookies, el sitio web puede no funcionar correctamente.<\/p><p><strong>3.2. Cookies de Preferencias<\/strong><\/p><p>Permiten recordar preferencias del usuario, como idioma, regi\u00f3n o configuraciones personalizadas.<\/p><p><strong>Base legal:<\/strong> Consentimiento.<\/p><p><strong>3.3. Cookies Anal\u00edticas\/Estad\u00edsticas<\/strong><\/p><p>Recopilan informaci\u00f3n sobre el uso del sitio web (p\u00e1ginas visitadas, tiempo de sesi\u00f3n, clics), permitiendo mejorar su rendimiento.<\/p><ul><li><strong>Ejemplo:<\/strong> Google Analytics.<\/li><\/ul><p><strong>Base legal:<\/strong> Consentimiento.<\/p><p><strong>3.4. Cookies de Marketing y Publicidad<\/strong><\/p><p>Utilizadas para presentar anuncios relevantes al usuario, medir el impacto de las campa\u00f1as y evitar la repetici\u00f3n de anuncios.<\/p><ul><li><strong>Ejemplo:<\/strong> Google Ads, Facebook Pixel.<\/li><li><strong>Base legal:<\/strong> Consentimiento.<\/li><\/ul><p><strong>3.5. Cookies de Sesi\u00f3n\u00a0<\/strong><\/p><p>Son temporales y se eliminan autom\u00e1ticamente cuando cierra el navegador. Utilizadas para gestionar la navegaci\u00f3n y garantizar la seguridad.<\/p><p><strong>Base legal:<\/strong> Inter\u00e9s leg\u00edtimo.<\/p>\t\t\t\t\t\t\t\t<\/div>\n\t\t\t\t<div class=\"elementor-element elementor-element-319e87c elementor-widget elementor-widget-heading\" data-id=\"319e87c\" data-element_type=\"widget\" data-e-type=\"widget\" data-widget_type=\"heading.default\">\n\t\t\t\t\t<h3 class=\"elementor-heading-title elementor-size-default\">4. Cookies Utilizadas \u2013 Tabla Informativa<\/h3>\t\t\t\t<\/div>\n\t\t\t\t<div class=\"elementor-element elementor-element-d502c50 elementor-widget elementor-widget-text-editor\" data-id=\"d502c50\" data-element_type=\"widget\" data-e-type=\"widget\" data-widget_type=\"text-editor.default\">\n\t\t\t\t\t\t\t\t\t\n<table width=\"603\">\n<tbody>\n<tr>\n<td width=\"110\"><strong>Cookie<\/strong><\/td>\n<td width=\"240\"><strong>Prop\u00f3sito<\/strong><\/td>\n<td width=\"92\"><strong>Tipo<\/strong><\/td>\n<td width=\"99\"><strong>Dura\u00e7\u00e3o<\/strong><\/td>\n<td width=\"62\"><strong>Terceiro<\/strong><\/td>\n<\/tr>\n<tr>\n<td width=\"110\">_ga<\/td>\n<td width=\"240\">Estad\u00edsticas Google Analytics<\/td>\n<td width=\"92\">Anal\u00edtica<\/td>\n<td width=\"99\">2 a\u00f1os<\/td>\n<td width=\"62\">Google<\/td>\n<\/tr>\n<tr>\n<td width=\"110\">_gid<\/td>\n<td width=\"240\">Estad\u00edsticas de uso<\/td>\n<td width=\"92\">Anal\u00edtica<\/td>\n<td width=\"99\">24h<\/td>\n<td width=\"62\">Google<\/td>\n<\/tr>\n<tr>\n<td width=\"110\">_gat<\/td>\n<td width=\"240\">Limitar solicitudes<\/td>\n<td width=\"92\">Anal\u00edtica<\/td>\n<td width=\"99\">1 minuto<\/td>\n<td width=\"62\">Google<\/td>\n<\/tr>\n<tr>\n<td width=\"110\">cookie_consent<\/td>\n<td width=\"240\">Guardar preferencias de consentimiento<\/td>\n<td width=\"92\">Esencial<\/td>\n<td width=\"99\">12 meses<\/td>\n<td width=\"62\">N\u00e3o<\/td>\n<\/tr>\n<tr>\n<td width=\"110\">session_id<\/td>\n<td width=\"240\">Mantener la sesi\u00f3n activa<\/td>\n<td width=\"92\">Esencial<\/td>\n<td width=\"99\">Sesi\u00f3n<\/td>\n<td width=\"62\">N\u00e3o<\/td>\n<\/tr>\n<tr>\n<td width=\"110\">fb_pixel<\/td>\n<td width=\"240\">Medici\u00f3n y remarketing<\/td>\n<td width=\"92\">Marketing<\/td>\n<td width=\"99\">90 dias<\/td>\n<td width=\"62\">Meta<\/td>\n<\/tr>\n<tr>\n<td width=\"110\">gads<\/td>\n<td width=\"240\">Publicidad de Google Ads<\/td>\n<td width=\"92\">Marketing<\/td>\n<td width=\"99\">hasta 13 meses<\/td>\n<td width=\"62\">Google<\/td>\n<\/tr>\n<\/tbody>\n<\/table>\t\t\t\t\t\t\t\t<\/div>\n\t\t\t\t<div class=\"elementor-element elementor-element-5142cd6 elementor-widget elementor-widget-heading\" data-id=\"5142cd6\" data-element_type=\"widget\" data-e-type=\"widget\" data-widget_type=\"heading.default\">\n\t\t\t\t\t<h3 class=\"elementor-heading-title elementor-size-default\">5. Consentimiento de Cookies <\/h3>\t\t\t\t<\/div>\n\t\t\t\t<div class=\"elementor-element elementor-element-3c703d7 elementor-widget elementor-widget-text-editor\" data-id=\"3c703d7\" data-element_type=\"widget\" data-e-type=\"widget\" data-widget_type=\"text-editor.default\">\n\t\t\t\t\t\t\t\t\tAl entrar en el sitio web, el usuario ver\u00e1 un banner de consentimiento, a trav\u00e9s del cual puede:\n<ul>\n \t<li>Aceptar todas las cookies<\/li>\n \t<li>Rechazar todas las cookies no esenciales<\/li>\n \t<li>Personalizar preferencias (activar\/desactivar categor\u00edas)<\/li>\n<\/ul>\nEl consentimiento puede ser modificado o retirado en cualquier momento, a trav\u00e9s del enlace \u201cGestionar Cookies\u201d en el pie de p\u00e1gina del sitio web.\n\t\t\t\t\t\t\t\t<\/div>\n\t\t\t\t<div class=\"elementor-element elementor-element-34c228b elementor-widget elementor-widget-heading\" data-id=\"34c228b\" data-element_type=\"widget\" data-e-type=\"widget\" data-widget_type=\"heading.default\">\n\t\t\t\t\t<h3 class=\"elementor-heading-title elementor-size-default\">6. C\u00f3mo desactivar las Cookies en el navegador <\/h3>\t\t\t\t<\/div>\n\t\t\t\t<div class=\"elementor-element elementor-element-3495e87 elementor-widget elementor-widget-text-editor\" data-id=\"3495e87\" data-element_type=\"widget\" data-e-type=\"widget\" data-widget_type=\"text-editor.default\">\n\t\t\t\t\t\t\t\t\tEl usuario puede configurar manualmente las cookies en su navegador. Sin embargo, la gesti\u00f3n a trav\u00e9s del banner de consentimiento es la forma recomendada y conforme. Enlaces directos:\n<ul>\n \t<li><strong>Chrome:<\/strong> <a href=\"https:\/\/support.google.com\/chrome\/answer\/95647\">https:\/\/support.google.com\/chrome\/answer\/95647<\/a><\/li>\n \t<li><strong>Firefox:<\/strong> <a href=\"https:\/\/support.mozilla.org\/pt-PT\/kb\/ativar-desativar-cookies\">https:\/\/support.mozilla.org\/pt-PT\/kb\/ativar-desativar-cookies<\/a><\/li>\n \t<li><strong>Safari:<\/strong> <a href=\"https:\/\/support.apple.com\/pt-pt\/guide\/safari\/sfri11471\/mac\">https:\/\/support.apple.com\/pt-pt\/guide\/safari\/sfri11471\/mac<\/a><\/li>\n \t<li><strong>Edge:<\/strong> <a href=\"https:\/\/support.microsoft.com\/edge\">https:\/\/support.microsoft.com\/edge<\/a><\/li>\n<\/ul>\t\t\t\t\t\t\t\t<\/div>\n\t\t\t\t<div class=\"elementor-element elementor-element-b4d8516 elementor-widget elementor-widget-heading\" data-id=\"b4d8516\" data-element_type=\"widget\" data-e-type=\"widget\" data-widget_type=\"heading.default\">\n\t\t\t\t\t<h3 class=\"elementor-heading-title elementor-size-default\">7. Cookies de Terceros <\/h3>\t\t\t\t<\/div>\n\t\t\t\t<div class=\"elementor-element elementor-element-7d195df elementor-widget elementor-widget-text-editor\" data-id=\"7d195df\" data-element_type=\"widget\" data-e-type=\"widget\" data-widget_type=\"text-editor.default\">\n\t\t\t\t\t\t\t\t\tAlgunas cookies son definidas por terceros (Google, Meta, PMS, motor de reservas). Timbre Hotels no controla totalmente estas cookies y recomienda la consulta de las pol\u00edticas de dichos proveedores.\t\t\t\t\t\t\t\t<\/div>\n\t\t\t\t<div class=\"elementor-element elementor-element-1aeb2da elementor-widget elementor-widget-heading\" data-id=\"1aeb2da\" data-element_type=\"widget\" data-e-type=\"widget\" data-widget_type=\"heading.default\">\n\t\t\t\t\t<h3 class=\"elementor-heading-title elementor-size-default\">8. Actualizaciones de esta Pol\u00edtica <\/h3>\t\t\t\t<\/div>\n\t\t\t\t<div class=\"elementor-element elementor-element-95eeafe elementor-widget elementor-widget-text-editor\" data-id=\"95eeafe\" data-element_type=\"widget\" data-e-type=\"widget\" data-widget_type=\"text-editor.default\">\n\t\t\t\t\t\t\t\t\tTimbre Hotels puede actualizar esta Pol\u00edtica de Cookies en cualquier momento, para reflejar cambios t\u00e9cnicos, legales u operativos. La versi\u00f3n m\u00e1s reciente estar\u00e1 siempre disponible en esta p\u00e1gina.\n\t\t\t\t\t\t\t\t<\/div>\n\t\t\t\t<div class=\"elementor-element elementor-element-fb9ac0e elementor-widget elementor-widget-heading\" data-id=\"fb9ac0e\" data-element_type=\"widget\" data-e-type=\"widget\" data-widget_type=\"heading.default\">\n\t\t\t\t\t<h3 class=\"elementor-heading-title elementor-size-default\">9. Contacto <\/h3>\t\t\t\t<\/div>\n\t\t\t\t<div class=\"elementor-element elementor-element-f8676b2 elementor-widget elementor-widget-text-editor\" data-id=\"f8676b2\" data-element_type=\"widget\" data-e-type=\"widget\" data-widget_type=\"text-editor.default\">\n\t\t\t\t\t\t\t\t\t<p>Para m\u00e1s informaci\u00f3n sobre las cookies o sobre el tratamiento de sus datos personales, contacte:<\/p><p><strong>IME \u2013 Im\u00f3veis e Empreendimentos Hoteleiros, S.A.<\/strong><br \/>Email: info@timbrehotels.com<br \/>Direcci\u00f3n: Rua do Arquitecto Cassiano Barbosa 44 Esc 9, 4100-009 Porto, Portugal<\/p>\t\t\t\t\t\t\t\t<\/div>\n\t\t\t\t\t<\/div>\n\t\t<\/div>\n\t\t\t\t\t<\/div>\n\t\t<\/section>\n\t\t\t\t<\/div>\n\t\t","protected":false},"excerpt":{"rendered":"<p>POL\u00cdTICA DE COOKIES 1. \u00bfQu\u00e9 son las Cookies? Las cookies son peque\u00f1os archivos de texto almacenados en el dispositivo del usuario cuando visita un sitio web. Estos archivos permiten: Garantizar el correcto funcionamiento del sitio web Mejorar la experiencia de navegaci\u00f3n Recordar preferencias Recopilar datos estad\u00edsticos Presentar anuncios relevantes Seg\u00fan los t\u00e9rminos del RGPD, ciertas [&hellip;]<\/p>\n","protected":false},"author":2,"featured_media":0,"parent":0,"menu_order":0,"comment_status":"closed","ping_status":"closed","template":"elementor_header_footer","meta":{"_sitemap_exclude":false,"_sitemap_priority":"","_sitemap_frequency":"","footnotes":""},"class_list":["post-2931","page","type-page","status-publish","hentry"],"yoast_head":"<!-- This site is optimized with the Yoast SEO plugin v27.4 - https:\/\/yoast.com\/product\/yoast-seo-wordpress\/ -->\n<title>Pol\u00edtica de Cookies - Timbre Boavista<\/title>\n<meta name=\"robots\" content=\"noindex, nofollow\" \/>\n<meta property=\"og:locale\" content=\"es_ES\" \/>\n<meta property=\"og:type\" content=\"article\" \/>\n<meta property=\"og:title\" content=\"Pol\u00edtica de Cookies - Timbre Boavista\" \/>\n<meta property=\"og:description\" content=\"POL\u00cdTICA DE COOKIES 1. \u00bfQu\u00e9 son las Cookies? Las cookies son peque\u00f1os archivos de texto almacenados en el dispositivo del usuario cuando visita un sitio web. Estos archivos permiten: Garantizar el correcto funcionamiento del sitio web Mejorar la experiencia de navegaci\u00f3n Recordar preferencias Recopilar datos estad\u00edsticos Presentar anuncios relevantes Seg\u00fan los t\u00e9rminos del RGPD, ciertas [&hellip;]\" \/>\n<meta property=\"og:url\" content=\"https:\/\/timbrehotels.com\/boavista\/es\/politica-de-cookies\/\" \/>\n<meta property=\"og:site_name\" content=\"Timbre Boavista\" \/>\n<meta property=\"article:modified_time\" content=\"2025-11-15T22:27:27+00:00\" \/>\n<meta name=\"twitter:card\" content=\"summary_large_image\" \/>\n<meta name=\"twitter:label1\" content=\"Tiempo de lectura\" \/>\n\t<meta name=\"twitter:data1\" content=\"3 minutos\" \/>\n<script type=\"application\/ld+json\" class=\"yoast-schema-graph\">{\"@context\":\"https:\\\/\\\/schema.org\",\"@graph\":[{\"@type\":\"WebPage\",\"@id\":\"https:\\\/\\\/timbrehotels.com\\\/boavista\\\/es\\\/politica-de-cookies\\\/\",\"url\":\"https:\\\/\\\/timbrehotels.com\\\/boavista\\\/es\\\/politica-de-cookies\\\/\",\"name\":\"Pol\u00edtica de Cookies - Timbre Boavista\",\"isPartOf\":{\"@id\":\"https:\\\/\\\/timbrehotels.com\\\/boavista\\\/es\\\/#website\"},\"datePublished\":\"2024-11-20T10:33:35+00:00\",\"dateModified\":\"2025-11-15T22:27:27+00:00\",\"breadcrumb\":{\"@id\":\"https:\\\/\\\/timbrehotels.com\\\/boavista\\\/es\\\/politica-de-cookies\\\/#breadcrumb\"},\"inLanguage\":\"es\",\"potentialAction\":[{\"@type\":\"ReadAction\",\"target\":[\"https:\\\/\\\/timbrehotels.com\\\/boavista\\\/es\\\/politica-de-cookies\\\/\"]}]},{\"@type\":\"BreadcrumbList\",\"@id\":\"https:\\\/\\\/timbrehotels.com\\\/boavista\\\/es\\\/politica-de-cookies\\\/#breadcrumb\",\"itemListElement\":[{\"@type\":\"ListItem\",\"position\":1,\"name\":\"In\u00edcio\",\"item\":\"https:\\\/\\\/timbrehotels.com\\\/boavista\\\/es\\\/\"},{\"@type\":\"ListItem\",\"position\":2,\"name\":\"Pol\u00edtica de Cookies\"}]},{\"@type\":\"WebSite\",\"@id\":\"https:\\\/\\\/timbrehotels.com\\\/boavista\\\/es\\\/#website\",\"url\":\"https:\\\/\\\/timbrehotels.com\\\/boavista\\\/es\\\/\",\"name\":\"Timbre Boavista\",\"description\":\"\",\"potentialAction\":[{\"@type\":\"SearchAction\",\"target\":{\"@type\":\"EntryPoint\",\"urlTemplate\":\"https:\\\/\\\/timbrehotels.com\\\/boavista\\\/es\\\/?s={search_term_string}\"},\"query-input\":{\"@type\":\"PropertyValueSpecification\",\"valueRequired\":true,\"valueName\":\"search_term_string\"}}],\"inLanguage\":\"es\"}]}<\/script>\n<!-- \/ Yoast SEO plugin. -->","yoast_head_json":{"title":"Pol\u00edtica de Cookies - Timbre Boavista","robots":{"index":"noindex","follow":"nofollow"},"og_locale":"es_ES","og_type":"article","og_title":"Pol\u00edtica de Cookies - Timbre Boavista","og_description":"POL\u00cdTICA DE COOKIES 1. \u00bfQu\u00e9 son las Cookies? Las cookies son peque\u00f1os archivos de texto almacenados en el dispositivo del usuario cuando visita un sitio web. Estos archivos permiten: Garantizar el correcto funcionamiento del sitio web Mejorar la experiencia de navegaci\u00f3n Recordar preferencias Recopilar datos estad\u00edsticos Presentar anuncios relevantes Seg\u00fan los t\u00e9rminos del RGPD, ciertas [&hellip;]","og_url":"https:\/\/timbrehotels.com\/boavista\/es\/politica-de-cookies\/","og_site_name":"Timbre Boavista","article_modified_time":"2025-11-15T22:27:27+00:00","twitter_card":"summary_large_image","twitter_misc":{"Tiempo de lectura":"3 minutos"},"schema":{"@context":"https:\/\/schema.org","@graph":[{"@type":"WebPage","@id":"https:\/\/timbrehotels.com\/boavista\/es\/politica-de-cookies\/","url":"https:\/\/timbrehotels.com\/boavista\/es\/politica-de-cookies\/","name":"Pol\u00edtica de Cookies - Timbre Boavista","isPartOf":{"@id":"https:\/\/timbrehotels.com\/boavista\/es\/#website"},"datePublished":"2024-11-20T10:33:35+00:00","dateModified":"2025-11-15T22:27:27+00:00","breadcrumb":{"@id":"https:\/\/timbrehotels.com\/boavista\/es\/politica-de-cookies\/#breadcrumb"},"inLanguage":"es","potentialAction":[{"@type":"ReadAction","target":["https:\/\/timbrehotels.com\/boavista\/es\/politica-de-cookies\/"]}]},{"@type":"BreadcrumbList","@id":"https:\/\/timbrehotels.com\/boavista\/es\/politica-de-cookies\/#breadcrumb","itemListElement":[{"@type":"ListItem","position":1,"name":"In\u00edcio","item":"https:\/\/timbrehotels.com\/boavista\/es\/"},{"@type":"ListItem","position":2,"name":"Pol\u00edtica de Cookies"}]},{"@type":"WebSite","@id":"https:\/\/timbrehotels.com\/boavista\/es\/#website","url":"https:\/\/timbrehotels.com\/boavista\/es\/","name":"Timbre Boavista","description":"","potentialAction":[{"@type":"SearchAction","target":{"@type":"EntryPoint","urlTemplate":"https:\/\/timbrehotels.com\/boavista\/es\/?s={search_term_string}"},"query-input":{"@type":"PropertyValueSpecification","valueRequired":true,"valueName":"search_term_string"}}],"inLanguage":"es"}]}},"_links":{"self":[{"href":"https:\/\/timbrehotels.com\/boavista\/es\/wp-json\/wp\/v2\/pages\/2931","targetHints":{"allow":["GET"]}}],"collection":[{"href":"https:\/\/timbrehotels.com\/boavista\/es\/wp-json\/wp\/v2\/pages"}],"about":[{"href":"https:\/\/timbrehotels.com\/boavista\/es\/wp-json\/wp\/v2\/types\/page"}],"author":[{"embeddable":true,"href":"https:\/\/timbrehotels.com\/boavista\/es\/wp-json\/wp\/v2\/users\/2"}],"replies":[{"embeddable":true,"href":"https:\/\/timbrehotels.com\/boavista\/es\/wp-json\/wp\/v2\/comments?post=2931"}],"version-history":[{"count":3,"href":"https:\/\/timbrehotels.com\/boavista\/es\/wp-json\/wp\/v2\/pages\/2931\/revisions"}],"predecessor-version":[{"id":4455,"href":"https:\/\/timbrehotels.com\/boavista\/es\/wp-json\/wp\/v2\/pages\/2931\/revisions\/4455"}],"wp:attachment":[{"href":"https:\/\/timbrehotels.com\/boavista\/es\/wp-json\/wp\/v2\/media?parent=2931"}],"curies":[{"name":"wp","href":"https:\/\/api.w.org\/{rel}","templated":true}]}}