{"id":3268,"date":"2024-11-20T10:33:35","date_gmt":"2024-11-20T10:33:35","guid":{"rendered":"https:\/\/timbrehotels.com\/boavista\/politique-de-cookies\/"},"modified":"2025-11-15T22:25:52","modified_gmt":"2025-11-15T22:25:52","slug":"politique-de-cookies","status":"publish","type":"page","link":"https:\/\/timbrehotels.com\/boavista\/fr\/politique-de-cookies\/","title":{"rendered":"Politique de Cookies"},"content":{"rendered":"\t\t<div data-elementor-type=\"wp-page\" data-elementor-id=\"3268\" class=\"elementor elementor-3268 elementor-422\" data-elementor-post-type=\"page\">\n\t\t\t\t\t\t<section class=\"elementor-section elementor-top-section elementor-element elementor-element-81bdd1a elementor-section-boxed elementor-section-height-default elementor-section-height-default\" data-id=\"81bdd1a\" data-element_type=\"section\" data-e-type=\"section\" data-settings=\"{&quot;background_background&quot;:&quot;classic&quot;}\">\n\t\t\t\t\t\t<div class=\"elementor-container elementor-column-gap-default\">\n\t\t\t\t\t<div class=\"elementor-column elementor-col-100 elementor-top-column elementor-element elementor-element-9992670\" data-id=\"9992670\" data-element_type=\"column\" data-e-type=\"column\">\n\t\t\t<div class=\"elementor-widget-wrap elementor-element-populated\">\n\t\t\t\t\t\t<div class=\"elementor-element elementor-element-94a5c11 elementor-widget-divider--view-line_text elementor-widget-divider--element-align-left elementor-widget elementor-widget-divider\" data-id=\"94a5c11\" data-element_type=\"widget\" data-e-type=\"widget\" data-widget_type=\"divider.default\">\n\t\t\t\t\t\t\t<div class=\"elementor-divider\">\n\t\t\t<span class=\"elementor-divider-separator\">\n\t\t\t\t\t\t\t<h2 class=\"elementor-divider__text elementor-divider__element\">\n\t\t\t\tPOLITIQUE DE COOKIES\t\t\t\t<\/h2>\n\t\t\t\t\t\t<\/span>\n\t\t<\/div>\n\t\t\t\t\t\t<\/div>\n\t\t\t\t<div class=\"elementor-element elementor-element-981b4d2 elementor-widget elementor-widget-heading\" data-id=\"981b4d2\" data-element_type=\"widget\" data-e-type=\"widget\" data-widget_type=\"heading.default\">\n\t\t\t\t\t<h3 class=\"elementor-heading-title elementor-size-default\">1. Que sont les Cookies ? <\/h3>\t\t\t\t<\/div>\n\t\t\t\t<div class=\"elementor-element elementor-element-bbaae76 elementor-widget elementor-widget-text-editor\" data-id=\"bbaae76\" data-element_type=\"widget\" data-e-type=\"widget\" data-widget_type=\"text-editor.default\">\n\t\t\t\t\t\t\t\t\tLes cookies sont de petits fichiers texte stock\u00e9s sur l&rsquo;appareil de l&rsquo;utilisateur lorsqu&rsquo;il visite un site web. Ces fichiers permettent de :\n<ul>\n \t<li>Garantir le bon fonctionnement du site web<\/li>\n \t<li>Am\u00e9liorer l&rsquo;exp\u00e9rience de navigation<\/li>\n \t<li>M\u00e9moriser les pr\u00e9f\u00e9rences<\/li>\n \t<li>Collecter des donn\u00e9es statistiques<\/li>\n \t<li>Pr\u00e9senter des publicit\u00e9s pertinentes<\/li>\n<\/ul>\nSelon les termes du RGPD, certains cookies peuvent constituer des donn\u00e9es personnelles, lorsqu&rsquo;ils permettent d&rsquo;identifier directement ou indirectement l&rsquo;utilisateur.\t\t\t\t\t\t\t\t<\/div>\n\t\t\t\t<div class=\"elementor-element elementor-element-971f0b6 elementor-widget elementor-widget-heading\" data-id=\"971f0b6\" data-element_type=\"widget\" data-e-type=\"widget\" data-widget_type=\"heading.default\">\n\t\t\t\t\t<h3 class=\"elementor-heading-title elementor-size-default\">2. Pourquoi utilisons-nous des Cookies ? <\/h3>\t\t\t\t<\/div>\n\t\t\t\t<div class=\"elementor-element elementor-element-507198f elementor-widget elementor-widget-text-editor\" data-id=\"507198f\" data-element_type=\"widget\" data-e-type=\"widget\" data-widget_type=\"text-editor.default\">\n\t\t\t\t\t\t\t\t\tTimbre Hotels utilise des cookies pour :\n<ul>\n \t<li>Assurer le bon fonctionnement du site web<\/li>\n \t<li>Faciliter la navigation<\/li>\n \t<li>Enregistrer les pr\u00e9f\u00e9rences et les param\u00e8tres<\/li>\n \t<li>Effectuer des analyses statistiques et de performance<\/li>\n \t<li>Personnaliser les contenus<\/li>\n \t<li>Pr\u00e9senter des publicit\u00e9s pertinentes<\/li>\n \t<li>Mesurer l&rsquo;efficacit\u00e9 des campagnes num\u00e9riques<\/li>\n<\/ul>\nCertains cookies sont strictement n\u00e9cessaires, tandis que d&rsquo;autres requi\u00e8rent le consentement explicite de l&rsquo;utilisateur.\t\t\t\t\t\t\t\t<\/div>\n\t\t\t\t<div class=\"elementor-element elementor-element-0a7b9d9 elementor-widget elementor-widget-heading\" data-id=\"0a7b9d9\" data-element_type=\"widget\" data-e-type=\"widget\" data-widget_type=\"heading.default\">\n\t\t\t\t\t<h3 class=\"elementor-heading-title elementor-size-default\">3. Types de Cookies Utilis\u00e9s <\/h3>\t\t\t\t<\/div>\n\t\t\t\t<div class=\"elementor-element elementor-element-a08bcdf elementor-widget elementor-widget-text-editor\" data-id=\"a08bcdf\" data-element_type=\"widget\" data-e-type=\"widget\" data-widget_type=\"text-editor.default\">\n\t\t\t\t\t\t\t\t\t<p>Les cookies utilis\u00e9s sur notre site web entrent dans les cat\u00e9gories suivantes :<\/p><p><strong>3.1. Cookies Essentiels (n\u00e9cessaires)\u00a0<\/strong><\/p><p>Ils garantissent le fonctionnement de base du site web et de ses fonctionnalit\u00e9s (ex. : permettre les r\u00e9servations, acc\u00e9der aux zones s\u00e9curis\u00e9es, chargement des pages).<\/p><p><strong>Base l\u00e9gale :<\/strong> Int\u00e9r\u00eat l\u00e9gitime. Sans ces cookies, le site web pourrait ne pas fonctionner correctement.<\/p><p><strong>3.2. Cookies de Pr\u00e9f\u00e9rences<\/strong><\/p><p>Ils permettent de m\u00e9moriser les pr\u00e9f\u00e9rences de l&rsquo;utilisateur, comme la langue, la r\u00e9gion ou les param\u00e8tres personnalis\u00e9s.<\/p><p><strong>Base l\u00e9gale :<\/strong> Consentement.<\/p><p><strong>3.3. Cookies Analytiques\/Statistiques<\/strong><\/p><p>Ils collectent des informations sur l&rsquo;utilisation du site web (pages visit\u00e9es, temps de session, clics), permettant d&rsquo;am\u00e9liorer sa performance.<\/p><ul><li><strong>Exemple :<\/strong> Google Analytics.<\/li><\/ul><p><strong>Base l\u00e9gale :<\/strong> Consentement.<\/p><p><strong>3.4. Cookies de Marketing et Publicit\u00e9<\/strong><\/p><p>Utilis\u00e9s pour pr\u00e9senter des publicit\u00e9s pertinentes \u00e0 l&rsquo;utilisateur, mesurer l&rsquo;impact des campagnes et \u00e9viter la r\u00e9p\u00e9tition des annonces.<\/p><ul><li><strong>Exemple :<\/strong> Google Ads, Facebook Pixel.<\/li><li><strong>Base l\u00e9gale :<\/strong> Consentement.<\/li><\/ul><p><strong>3.5. Cookies de Session<\/strong><\/p><p>Ils sont temporaires et supprim\u00e9s automatiquement lorsque vous fermez le navigateur. Utilis\u00e9s pour g\u00e9rer la navigation et garantir la s\u00e9curit\u00e9.<\/p><p><strong>Base l\u00e9gale :<\/strong> Int\u00e9r\u00eat l\u00e9gitime.<\/p>\t\t\t\t\t\t\t\t<\/div>\n\t\t\t\t<div class=\"elementor-element elementor-element-17533b7 elementor-widget elementor-widget-heading\" data-id=\"17533b7\" data-element_type=\"widget\" data-e-type=\"widget\" data-widget_type=\"heading.default\">\n\t\t\t\t\t<h3 class=\"elementor-heading-title elementor-size-default\">4. Cookies Utilis\u00e9s \u2013 Tableau Informatif<\/h3>\t\t\t\t<\/div>\n\t\t\t\t<div class=\"elementor-element elementor-element-a1c4482 elementor-widget elementor-widget-text-editor\" data-id=\"a1c4482\" data-element_type=\"widget\" data-e-type=\"widget\" data-widget_type=\"text-editor.default\">\n\t\t\t\t\t\t\t\t\t<table width=\"630\">\n<tbody>\n<tr>\n<td width=\"110\"><strong>Cookie<\/strong><\/td>\n<td width=\"256\"><strong>Finalit\u00e9<\/strong><\/td>\n<td width=\"85\"><strong>Type<\/strong><\/td>\n<td width=\"99\"><strong>Dur\u00e9e<\/strong><\/td>\n<td width=\"80\"><strong>Tiers<\/strong><\/td>\n<\/tr>\n<tr>\n<td width=\"110\">_ga<\/td>\n<td width=\"256\">Google Analytics Statistiques<\/td>\n<td width=\"85\">Analytique<\/td>\n<td width=\"99\">2 ans<\/td>\n<td width=\"80\">Google<\/td>\n<\/tr>\n<tr>\n<td width=\"110\">_gid<\/td>\n<td width=\"256\">Statistiques d&rsquo;utilisation<\/td>\n<td width=\"85\">Analytique<\/td>\n<td width=\"99\">24 heures<\/td>\n<td width=\"80\">Google<\/td>\n<\/tr>\n<tr>\n<td width=\"110\">_gat<\/td>\n<td width=\"256\">Limiter les requ\u00eates<\/td>\n<td width=\"85\">Analytique<\/td>\n<td width=\"99\">1 minute<\/td>\n<td width=\"80\">Google<\/td>\n<\/tr>\n<tr>\n<td width=\"110\">cookie_consent<\/td>\n<td width=\"256\">Enregistrer les pr\u00e9f\u00e9rences de consentement<\/td>\n<td width=\"85\">Essentiel<\/td>\n<td width=\"99\">12 mois<\/td>\n<td width=\"80\">N\u00e3o<\/td>\n<\/tr>\n<tr>\n<td width=\"110\">session_id<\/td>\n<td width=\"256\">Maintenir la session active<\/td>\n<td width=\"85\">Essentiel<\/td>\n<td width=\"99\">Essentiel<\/td>\n<td width=\"80\">N\u00e3o<\/td>\n<\/tr>\n<tr>\n<td width=\"110\">fb_pixel<\/td>\n<td width=\"256\">Mesure et remarketing<\/td>\n<td width=\"85\">Marketing<\/td>\n<td width=\"99\">90 jours<\/td>\n<td width=\"80\">Meta<\/td>\n<\/tr>\n<tr>\n<td width=\"110\">gads<\/td>\n<td width=\"256\">Publicit\u00e9 Google Ads<\/td>\n<td width=\"85\">Marketing<\/td>\n<td width=\"99\">Jusqu&rsquo;\u00e0 13 mois<\/td>\n<td width=\"80\">Google<\/td>\n<\/tr>\n<\/tbody>\n<\/table>\t\t\t\t\t\t\t\t<\/div>\n\t\t\t\t<div class=\"elementor-element elementor-element-3a96b71 elementor-widget elementor-widget-heading\" data-id=\"3a96b71\" data-element_type=\"widget\" data-e-type=\"widget\" data-widget_type=\"heading.default\">\n\t\t\t\t\t<h3 class=\"elementor-heading-title elementor-size-default\">5. Consentement aux Cookies <\/h3>\t\t\t\t<\/div>\n\t\t\t\t<div class=\"elementor-element elementor-element-e8407ae elementor-widget elementor-widget-text-editor\" data-id=\"e8407ae\" data-element_type=\"widget\" data-e-type=\"widget\" data-widget_type=\"text-editor.default\">\n\t\t\t\t\t\t\t\t\tEn acc\u00e9dant au site web, l&rsquo;utilisateur verra une banni\u00e8re de consentement, \u00e0 travers laquelle il peut :\n<ul>\n \t<li>Accepter tous les cookies<\/li>\n \t<li>Refuser tous les cookies non essentiels<\/li>\n \t<li>Personnaliser les pr\u00e9f\u00e9rences (activer\/d\u00e9sactiver les cat\u00e9gories)<\/li>\n<\/ul>\nLe consentement peut \u00eatre modifi\u00e9 ou retir\u00e9 \u00e0 tout moment, via le lien \u00ab G\u00e9rer les Cookies \u00bb dans le pied de page du site web.\t\t\t\t\t\t\t\t<\/div>\n\t\t\t\t<div class=\"elementor-element elementor-element-6b27577 elementor-widget elementor-widget-heading\" data-id=\"6b27577\" data-element_type=\"widget\" data-e-type=\"widget\" data-widget_type=\"heading.default\">\n\t\t\t\t\t<h3 class=\"elementor-heading-title elementor-size-default\">6. Comment d\u00e9sactiver les Cookies dans le navigateur <\/h3>\t\t\t\t<\/div>\n\t\t\t\t<div class=\"elementor-element elementor-element-a980725 elementor-widget elementor-widget-text-editor\" data-id=\"a980725\" data-element_type=\"widget\" data-e-type=\"widget\" data-widget_type=\"text-editor.default\">\n\t\t\t\t\t\t\t\t\tL&rsquo;utilisateur peut configurer manuellement les cookies dans son navigateur. Cependant, la gestion via la banni\u00e8re de consentement est la m\u00e9thode recommand\u00e9e et conforme. Liens directs :\n<ul>\n \t<li><strong>Chrome :<\/strong> <a href=\"https:\/\/support.google.com\/chrome\/answer\/95647\">https:\/\/support.google.com\/chrome\/answer\/95647<\/a><\/li>\n \t<li><strong>Firefox :<\/strong> <a href=\"https:\/\/support.mozilla.org\/pt-PT\/kb\/ativar-desativar-cookies\">https:\/\/support.mozilla.org\/pt-PT\/kb\/ativar-desativar-cookies<\/a><\/li>\n \t<li><strong>Safari :<\/strong> <a href=\"https:\/\/support.apple.com\/pt-pt\/guide\/safari\/sfri11471\/mac\">https:\/\/support.apple.com\/pt-pt\/guide\/safari\/sfri11471\/mac<\/a><\/li>\n \t<li><strong>Edge :<\/strong> <a href=\"https:\/\/support.microsoft.com\/edge\">https:\/\/support.microsoft.com\/edge<\/a><\/li>\n<\/ul>\t\t\t\t\t\t\t\t<\/div>\n\t\t\t\t<div class=\"elementor-element elementor-element-ef09305 elementor-widget elementor-widget-heading\" data-id=\"ef09305\" data-element_type=\"widget\" data-e-type=\"widget\" data-widget_type=\"heading.default\">\n\t\t\t\t\t<h3 class=\"elementor-heading-title elementor-size-default\">7. Cookies de Tiers <\/h3>\t\t\t\t<\/div>\n\t\t\t\t<div class=\"elementor-element elementor-element-f12af16 elementor-widget elementor-widget-text-editor\" data-id=\"f12af16\" data-element_type=\"widget\" data-e-type=\"widget\" data-widget_type=\"text-editor.default\">\n\t\t\t\t\t\t\t\t\tCertains cookies sont d\u00e9finis par des tiers (Google, Meta, PMS, moteur de r\u00e9servation). Timbre Hotels ne contr\u00f4le pas totalement ces cookies et recommande de consulter les politiques de ces fournisseurs.\t\t\t\t\t\t\t\t<\/div>\n\t\t\t\t<div class=\"elementor-element elementor-element-3fc9b24 elementor-widget elementor-widget-heading\" data-id=\"3fc9b24\" data-element_type=\"widget\" data-e-type=\"widget\" data-widget_type=\"heading.default\">\n\t\t\t\t\t<h3 class=\"elementor-heading-title elementor-size-default\">8. Mises \u00e0 jour de cette Politique <\/h3>\t\t\t\t<\/div>\n\t\t\t\t<div class=\"elementor-element elementor-element-bfb6eae elementor-widget elementor-widget-text-editor\" data-id=\"bfb6eae\" data-element_type=\"widget\" data-e-type=\"widget\" data-widget_type=\"text-editor.default\">\n\t\t\t\t\t\t\t\t\tTimbre Hotels peut mettre \u00e0 jour cette Politique de Cookies \u00e0 tout moment, pour refl\u00e9ter des changements techniques, l\u00e9gaux ou op\u00e9rationnels. La version la plus r\u00e9cente sera toujours disponible sur cette page.\t\t\t\t\t\t\t\t<\/div>\n\t\t\t\t<div class=\"elementor-element elementor-element-20175b4 elementor-widget elementor-widget-heading\" data-id=\"20175b4\" data-element_type=\"widget\" data-e-type=\"widget\" data-widget_type=\"heading.default\">\n\t\t\t\t\t<h3 class=\"elementor-heading-title elementor-size-default\">9. Contact <\/h3>\t\t\t\t<\/div>\n\t\t\t\t<div class=\"elementor-element elementor-element-e61906f elementor-widget elementor-widget-text-editor\" data-id=\"e61906f\" data-element_type=\"widget\" data-e-type=\"widget\" data-widget_type=\"text-editor.default\">\n\t\t\t\t\t\t\t\t\t<p>Pour plus d&rsquo;informations sur les cookies ou sur le traitement de vos donn\u00e9es personnelles, contactez :<\/p><p><strong>IME \u2013 Im\u00f3veis e Empreendimentos Hoteleiros, S.A.<\/strong><br \/>Email: info@timbrehotels.com<br \/>Adresse: Rua do Arquitecto Cassiano Barbosa 44 Esc 9, 4100-009 Porto, Portugal\u00a0<\/p>\t\t\t\t\t\t\t\t<\/div>\n\t\t\t\t\t<\/div>\n\t\t<\/div>\n\t\t\t\t\t<\/div>\n\t\t<\/section>\n\t\t\t\t<\/div>\n\t\t","protected":false},"excerpt":{"rendered":"<p>POLITIQUE DE COOKIES 1. Que sont les Cookies ? Les cookies sont de petits fichiers texte stock\u00e9s sur l&rsquo;appareil de l&rsquo;utilisateur lorsqu&rsquo;il visite un site web. Ces fichiers permettent de : Garantir le bon fonctionnement du site web Am\u00e9liorer l&rsquo;exp\u00e9rience de navigation M\u00e9moriser les pr\u00e9f\u00e9rences Collecter des donn\u00e9es statistiques Pr\u00e9senter des publicit\u00e9s pertinentes Selon les [&hellip;]<\/p>\n","protected":false},"author":2,"featured_media":0,"parent":0,"menu_order":0,"comment_status":"closed","ping_status":"closed","template":"elementor_header_footer","meta":{"_sitemap_exclude":false,"_sitemap_priority":"","_sitemap_frequency":"","footnotes":""},"class_list":["post-3268","page","type-page","status-publish","hentry"],"yoast_head":"<!-- This site is optimized with the Yoast SEO plugin v27.4 - https:\/\/yoast.com\/product\/yoast-seo-wordpress\/ -->\n<title>Politique de Cookies - Timbre Boavista<\/title>\n<meta name=\"robots\" content=\"noindex, nofollow\" \/>\n<meta property=\"og:locale\" content=\"fr_FR\" \/>\n<meta property=\"og:type\" content=\"article\" \/>\n<meta property=\"og:title\" content=\"Politique de Cookies - Timbre Boavista\" \/>\n<meta property=\"og:description\" content=\"POLITIQUE DE COOKIES 1. Que sont les Cookies ? Les cookies sont de petits fichiers texte stock\u00e9s sur l&rsquo;appareil de l&rsquo;utilisateur lorsqu&rsquo;il visite un site web. Ces fichiers permettent de : Garantir le bon fonctionnement du site web Am\u00e9liorer l&rsquo;exp\u00e9rience de navigation M\u00e9moriser les pr\u00e9f\u00e9rences Collecter des donn\u00e9es statistiques Pr\u00e9senter des publicit\u00e9s pertinentes Selon les [&hellip;]\" \/>\n<meta property=\"og:url\" content=\"https:\/\/timbrehotels.com\/boavista\/fr\/politique-de-cookies\/\" \/>\n<meta property=\"og:site_name\" content=\"Timbre Boavista\" \/>\n<meta property=\"article:modified_time\" content=\"2025-11-15T22:25:52+00:00\" \/>\n<meta name=\"twitter:card\" content=\"summary_large_image\" \/>\n<meta name=\"twitter:label1\" content=\"Dur\u00e9e de lecture estim\u00e9e\" \/>\n\t<meta name=\"twitter:data1\" content=\"3 minutes\" \/>\n<script type=\"application\/ld+json\" class=\"yoast-schema-graph\">{\"@context\":\"https:\\\/\\\/schema.org\",\"@graph\":[{\"@type\":\"WebPage\",\"@id\":\"https:\\\/\\\/timbrehotels.com\\\/boavista\\\/fr\\\/politique-de-cookies\\\/\",\"url\":\"https:\\\/\\\/timbrehotels.com\\\/boavista\\\/fr\\\/politique-de-cookies\\\/\",\"name\":\"Politique de Cookies - Timbre Boavista\",\"isPartOf\":{\"@id\":\"https:\\\/\\\/timbrehotels.com\\\/boavista\\\/fr\\\/#website\"},\"datePublished\":\"2024-11-20T10:33:35+00:00\",\"dateModified\":\"2025-11-15T22:25:52+00:00\",\"breadcrumb\":{\"@id\":\"https:\\\/\\\/timbrehotels.com\\\/boavista\\\/fr\\\/politique-de-cookies\\\/#breadcrumb\"},\"inLanguage\":\"fr-FR\",\"potentialAction\":[{\"@type\":\"ReadAction\",\"target\":[\"https:\\\/\\\/timbrehotels.com\\\/boavista\\\/fr\\\/politique-de-cookies\\\/\"]}]},{\"@type\":\"BreadcrumbList\",\"@id\":\"https:\\\/\\\/timbrehotels.com\\\/boavista\\\/fr\\\/politique-de-cookies\\\/#breadcrumb\",\"itemListElement\":[{\"@type\":\"ListItem\",\"position\":1,\"name\":\"In\u00edcio\",\"item\":\"https:\\\/\\\/timbrehotels.com\\\/boavista\\\/fr\\\/\"},{\"@type\":\"ListItem\",\"position\":2,\"name\":\"Politique de Cookies\"}]},{\"@type\":\"WebSite\",\"@id\":\"https:\\\/\\\/timbrehotels.com\\\/boavista\\\/fr\\\/#website\",\"url\":\"https:\\\/\\\/timbrehotels.com\\\/boavista\\\/fr\\\/\",\"name\":\"Timbre Boavista\",\"description\":\"\",\"potentialAction\":[{\"@type\":\"SearchAction\",\"target\":{\"@type\":\"EntryPoint\",\"urlTemplate\":\"https:\\\/\\\/timbrehotels.com\\\/boavista\\\/fr\\\/?s={search_term_string}\"},\"query-input\":{\"@type\":\"PropertyValueSpecification\",\"valueRequired\":true,\"valueName\":\"search_term_string\"}}],\"inLanguage\":\"fr-FR\"}]}<\/script>\n<!-- \/ Yoast SEO plugin. -->","yoast_head_json":{"title":"Politique de Cookies - Timbre Boavista","robots":{"index":"noindex","follow":"nofollow"},"og_locale":"fr_FR","og_type":"article","og_title":"Politique de Cookies - Timbre Boavista","og_description":"POLITIQUE DE COOKIES 1. Que sont les Cookies ? Les cookies sont de petits fichiers texte stock\u00e9s sur l&rsquo;appareil de l&rsquo;utilisateur lorsqu&rsquo;il visite un site web. Ces fichiers permettent de : Garantir le bon fonctionnement du site web Am\u00e9liorer l&rsquo;exp\u00e9rience de navigation M\u00e9moriser les pr\u00e9f\u00e9rences Collecter des donn\u00e9es statistiques Pr\u00e9senter des publicit\u00e9s pertinentes Selon les [&hellip;]","og_url":"https:\/\/timbrehotels.com\/boavista\/fr\/politique-de-cookies\/","og_site_name":"Timbre Boavista","article_modified_time":"2025-11-15T22:25:52+00:00","twitter_card":"summary_large_image","twitter_misc":{"Dur\u00e9e de lecture estim\u00e9e":"3 minutes"},"schema":{"@context":"https:\/\/schema.org","@graph":[{"@type":"WebPage","@id":"https:\/\/timbrehotels.com\/boavista\/fr\/politique-de-cookies\/","url":"https:\/\/timbrehotels.com\/boavista\/fr\/politique-de-cookies\/","name":"Politique de Cookies - Timbre Boavista","isPartOf":{"@id":"https:\/\/timbrehotels.com\/boavista\/fr\/#website"},"datePublished":"2024-11-20T10:33:35+00:00","dateModified":"2025-11-15T22:25:52+00:00","breadcrumb":{"@id":"https:\/\/timbrehotels.com\/boavista\/fr\/politique-de-cookies\/#breadcrumb"},"inLanguage":"fr-FR","potentialAction":[{"@type":"ReadAction","target":["https:\/\/timbrehotels.com\/boavista\/fr\/politique-de-cookies\/"]}]},{"@type":"BreadcrumbList","@id":"https:\/\/timbrehotels.com\/boavista\/fr\/politique-de-cookies\/#breadcrumb","itemListElement":[{"@type":"ListItem","position":1,"name":"In\u00edcio","item":"https:\/\/timbrehotels.com\/boavista\/fr\/"},{"@type":"ListItem","position":2,"name":"Politique de Cookies"}]},{"@type":"WebSite","@id":"https:\/\/timbrehotels.com\/boavista\/fr\/#website","url":"https:\/\/timbrehotels.com\/boavista\/fr\/","name":"Timbre Boavista","description":"","potentialAction":[{"@type":"SearchAction","target":{"@type":"EntryPoint","urlTemplate":"https:\/\/timbrehotels.com\/boavista\/fr\/?s={search_term_string}"},"query-input":{"@type":"PropertyValueSpecification","valueRequired":true,"valueName":"search_term_string"}}],"inLanguage":"fr-FR"}]}},"_links":{"self":[{"href":"https:\/\/timbrehotels.com\/boavista\/fr\/wp-json\/wp\/v2\/pages\/3268","targetHints":{"allow":["GET"]}}],"collection":[{"href":"https:\/\/timbrehotels.com\/boavista\/fr\/wp-json\/wp\/v2\/pages"}],"about":[{"href":"https:\/\/timbrehotels.com\/boavista\/fr\/wp-json\/wp\/v2\/types\/page"}],"author":[{"embeddable":true,"href":"https:\/\/timbrehotels.com\/boavista\/fr\/wp-json\/wp\/v2\/users\/2"}],"replies":[{"embeddable":true,"href":"https:\/\/timbrehotels.com\/boavista\/fr\/wp-json\/wp\/v2\/comments?post=3268"}],"version-history":[{"count":3,"href":"https:\/\/timbrehotels.com\/boavista\/fr\/wp-json\/wp\/v2\/pages\/3268\/revisions"}],"predecessor-version":[{"id":4452,"href":"https:\/\/timbrehotels.com\/boavista\/fr\/wp-json\/wp\/v2\/pages\/3268\/revisions\/4452"}],"wp:attachment":[{"href":"https:\/\/timbrehotels.com\/boavista\/fr\/wp-json\/wp\/v2\/media?parent=3268"}],"curies":[{"name":"wp","href":"https:\/\/api.w.org\/{rel}","templated":true}]}}