{"id":4476,"date":"2025-11-15T22:28:46","date_gmt":"2025-11-15T22:28:46","guid":{"rendered":"https:\/\/timbrehotels.com\/boavista\/termes-et-conditions\/"},"modified":"2025-11-16T00:36:32","modified_gmt":"2025-11-16T00:36:32","slug":"termes-et-conditions","status":"publish","type":"page","link":"https:\/\/timbrehotels.com\/boavista\/fr\/termes-et-conditions\/","title":{"rendered":"Termes et Conditions"},"content":{"rendered":"\t\t<div data-elementor-type=\"wp-page\" data-elementor-id=\"4476\" class=\"elementor elementor-4476 elementor-4456\" data-elementor-post-type=\"page\">\n\t\t\t\t\t\t<section class=\"elementor-section elementor-top-section elementor-element elementor-element-7d6eb46 elementor-section-boxed elementor-section-height-default elementor-section-height-default\" data-id=\"7d6eb46\" data-element_type=\"section\" data-e-type=\"section\" data-settings=\"{&quot;background_background&quot;:&quot;classic&quot;}\">\n\t\t\t\t\t\t<div class=\"elementor-container elementor-column-gap-default\">\n\t\t\t\t\t<div class=\"elementor-column elementor-col-100 elementor-top-column elementor-element elementor-element-3d276fd\" data-id=\"3d276fd\" data-element_type=\"column\" data-e-type=\"column\">\n\t\t\t<div class=\"elementor-widget-wrap elementor-element-populated\">\n\t\t\t\t\t\t<div class=\"elementor-element elementor-element-7190206 elementor-widget-divider--view-line_text elementor-widget-divider--element-align-left elementor-widget elementor-widget-divider\" data-id=\"7190206\" data-element_type=\"widget\" data-e-type=\"widget\" data-widget_type=\"divider.default\">\n\t\t\t\t\t\t\t<div class=\"elementor-divider\">\n\t\t\t<span class=\"elementor-divider-separator\">\n\t\t\t\t\t\t\t<h2 class=\"elementor-divider__text elementor-divider__element\">\n\t\t\t\tTERMES ET CONDITIONS\t\t\t\t<\/h2>\n\t\t\t\t\t\t<\/span>\n\t\t<\/div>\n\t\t\t\t\t\t<\/div>\n\t\t\t\t<div class=\"elementor-element elementor-element-3b236ce elementor-widget elementor-widget-heading\" data-id=\"3b236ce\" data-element_type=\"widget\" data-e-type=\"widget\" data-widget_type=\"heading.default\">\n\t\t\t\t\t<h3 class=\"elementor-heading-title elementor-size-default\">1. Identification de l'Entreprise <\/h3>\t\t\t\t<\/div>\n\t\t\t\t<div class=\"elementor-element elementor-element-6005ac5 policy elementor-widget elementor-widget-text-editor\" data-id=\"6005ac5\" data-element_type=\"widget\" data-e-type=\"widget\" data-widget_type=\"text-editor.default\">\n\t\t\t\t\t\t\t\t\t<p>La gestion et l\u2019exploitation de ce site web sont sous la responsabilit\u00e9 de :<br \/><strong>IME \u2013 Im\u00f3veis e Empreendimentos Hoteleiros, S.A.<\/strong><br \/>NIPC (N\u00ba fiscal) : 503 226 033<br \/>Si\u00e8ge social : Rua do Arquitecto Cassiano Barbosa 44 Esc 9, 4100-009 Porto, Portugal<br \/>T\u00e9l\u00e9phone : (+351) 226 105 430 (Appel vers le r\u00e9seau fixe national)<br \/>Email : <a href=\"mailto:info@timbrehotels.com\">info@timbrehotels.com<\/a><\/p><div id=\"inspect-element-top-layer\" style=\"pointer-events: none; border: unset; padding: 0px;\" data-inspect-element=\"inspectElement\">\u00a0<\/div>\t\t\t\t\t\t\t\t<\/div>\n\t\t\t\t<div class=\"elementor-element elementor-element-6a2c946 elementor-widget elementor-widget-heading\" data-id=\"6a2c946\" data-element_type=\"widget\" data-e-type=\"widget\" data-widget_type=\"heading.default\">\n\t\t\t\t\t<h3 class=\"elementor-heading-title elementor-size-default\">2. Objet des Termes et Conditions <\/h3>\t\t\t\t<\/div>\n\t\t\t\t<div class=\"elementor-element elementor-element-93f05d3 policy elementor-widget elementor-widget-text-editor\" data-id=\"93f05d3\" data-element_type=\"widget\" data-e-type=\"widget\" data-widget_type=\"text-editor.default\">\n\t\t\t\t\t\t\t\t\tCes Termes et Conditions r\u00e9gissent l\u2019acc\u00e8s et l\u2019utilisation du site web timbrehotels.com, ainsi que les conditions applicables aux r\u00e9servations effectu\u00e9es via le site.\t\t\t\t\t\t\t\t<\/div>\n\t\t\t\t<div class=\"elementor-element elementor-element-2b8681a elementor-widget elementor-widget-heading\" data-id=\"2b8681a\" data-element_type=\"widget\" data-e-type=\"widget\" data-widget_type=\"heading.default\">\n\t\t\t\t\t<h3 class=\"elementor-heading-title elementor-size-default\">3. Conditions de R\u00e9servation<\/h3>\t\t\t\t<\/div>\n\t\t\t\t<div class=\"elementor-element elementor-element-3f306d0 policy elementor-widget elementor-widget-text-editor\" data-id=\"3f306d0\" data-element_type=\"widget\" data-e-type=\"widget\" data-widget_type=\"text-editor.default\">\n\t\t\t\t\t\t\t\t\t<p><strong>3.1. Moment du d\u00e9bit<\/strong><\/p><p>Le montant \u00e0 payer est pr\u00e9sent\u00e9 au moment de la r\u00e9servation, en fonction des tarifs et conditions s\u00e9lectionn\u00e9s.<\/p><ul><li><strong>Tarifs Non Remboursables :<\/strong> Le montant total est d\u00e9bit\u00e9 imm\u00e9diatement apr\u00e8s la confirmation de la r\u00e9servation.<\/li><li><strong>Tarifs Flexibles : <\/strong>La carte de cr\u00e9dit peut \u00eatre pr\u00e9-autoris\u00e9e. Le paiement final est effectu\u00e9 au check-in ou au check-out, selon les conditions du tarif choisi. <\/li><\/ul><p><strong>3.2. Politique d\u2019annulation<\/strong><\/p><p>Les conditions d\u2019annulation sont pr\u00e9sent\u00e9es lors du processus de r\u00e9servation et varient selon le tarif s\u00e9lectionn\u00e9.<\/p><p><strong>Exemples typiques :<\/strong><\/p><ul><li><strong>Tarif Flexible : <\/strong>Annulation gratuite jusqu\u2019\u00e0 48 heures avant la date d\u2019arriv\u00e9e ; apr\u00e8s cette p\u00e9riode, le montant de la premi\u00e8re nuit ou le montant total pourra \u00eatre factur\u00e9, selon la politique applicable.<\/li><li><strong>Tarif Non Remboursable : <\/strong>Ne permet ni annulation ni modification ; en cas d\u2019annulation, de modification ou de non-pr\u00e9sentation (no-show), le montant total pay\u00e9 n\u2019est pas rembours\u00e9.<\/li><\/ul><div id=\"inspect-element-top-layer\" style=\"pointer-events: none; border: unset; padding: 0px;\" data-inspect-element=\"inspectElement\"> <\/div>\t\t\t\t\t\t\t\t<\/div>\n\t\t\t\t<div class=\"elementor-element elementor-element-a0088d6 elementor-widget elementor-widget-heading\" data-id=\"a0088d6\" data-element_type=\"widget\" data-e-type=\"widget\" data-widget_type=\"heading.default\">\n\t\t\t\t\t<h3 class=\"elementor-heading-title elementor-size-default\">4. Prix et Taxes <\/h3>\t\t\t\t<\/div>\n\t\t\t\t<div class=\"elementor-element elementor-element-cb0d8ca elementor-widget elementor-widget-text-editor\" data-id=\"cb0d8ca\" data-element_type=\"widget\" data-e-type=\"widget\" data-widget_type=\"text-editor.default\">\n\t\t\t\t\t\t\t\t\tLes prix pr\u00e9sent\u00e9s incluent la TVA au taux l\u00e9gal en vigueur. La Municipalit\u00e9 de Porto applique une Taxe de S\u00e9jour Municipale (Taxa Municipal Tur\u00edstica), dont le montant est communiqu\u00e9 lors du processus de r\u00e9servation et per\u00e7u conform\u00e9ment aux r\u00e8gles en vigueur. \t\t\t\t\t\t\t\t<\/div>\n\t\t\t\t<div class=\"elementor-element elementor-element-c6c7515 elementor-widget elementor-widget-heading\" data-id=\"c6c7515\" data-element_type=\"widget\" data-e-type=\"widget\" data-widget_type=\"heading.default\">\n\t\t\t\t\t<h3 class=\"elementor-heading-title elementor-size-default\">5. Droits du Consommateur <\/h3>\t\t\t\t<\/div>\n\t\t\t\t<div class=\"elementor-element elementor-element-45307e9 elementor-widget elementor-widget-text-editor\" data-id=\"45307e9\" data-element_type=\"widget\" data-e-type=\"widget\" data-widget_type=\"text-editor.default\">\n\t\t\t\t\t\t\t\t\t<p>Le consommateur a le droit de d\u00e9poser une r\u00e9clamation en vertu de la l\u00e9gislation portugaise, notamment aupr\u00e8s de la <strong>Direction G\u00e9n\u00e9rale de la Consommation (Dire\u00e7\u00e3o-Geral do Consumidor) <\/strong>ou via le <strong>Livre de R\u00e9clamations \u00c9lectronique (Livro de Reclama\u00e7\u00f5es Eletr\u00f3nico)<\/strong>, accessible sur ce site web.<\/p><p>En cas de litige de consommation, le consommateur peut recourir aux entit\u00e9s de R\u00e8glement Alternatif des Litiges (RAL) pr\u00e9vues par la Loi n.\u00ba 144\/2015, y compris les <strong>Juges de Paix (Julgados de Paz)<\/strong>, lorsqu\u2019ils sont territorialement comp\u00e9tents, et les <strong>Centres d\u2019Arbitrage des Conflits de Consommation<\/strong>. <\/p><p>Plus d\u2019informations disponibles sur: <a href=\"https:\/\/www.consumidor.gov.pt\">https:\/\/www.consumidor.gov.pt<\/a><\/p>\t\t\t\t\t\t\t\t<\/div>\n\t\t\t\t<div class=\"elementor-element elementor-element-25fae94 elementor-widget elementor-widget-heading\" data-id=\"25fae94\" data-element_type=\"widget\" data-e-type=\"widget\" data-widget_type=\"heading.default\">\n\t\t\t\t\t<h3 class=\"elementor-heading-title elementor-size-default\">6. Confidentialit\u00e9 et Protection des Donn\u00e9es <\/h3>\t\t\t\t<\/div>\n\t\t\t\t<div class=\"elementor-element elementor-element-79a5743 elementor-widget elementor-widget-text-editor\" data-id=\"79a5743\" data-element_type=\"widget\" data-e-type=\"widget\" data-widget_type=\"text-editor.default\">\n\t\t\t\t\t\t\t\t\tLes donn\u00e9es personnelles trait\u00e9es dans le cadre de l\u2019utilisation du site web et des r\u00e9servations sont utilis\u00e9es exclusivement pour :\n<ul>\n \t<li>La gestion et la confirmation des r\u00e9servations<\/li>\n \t<li>La facturation<\/li>\n \t<li>La communication avec le client<\/li>\n \t<li>Le respect des obligations l\u00e9gales, y compris la communication au SEF<\/li>\n \t<li>S\u00e9curit\u00e9 et pr\u00e9vention de la fraude<\/li>\n<\/ul>\nLes donn\u00e9es personnelles <strong>ne sont pas partag\u00e9es avec des tiers<\/strong>, sauf lorsque cela est n\u00e9cessaire pour :\n<ul>\n \t<li>Les entit\u00e9s de traitement des paiements<\/li>\n \t<li>PMS (Property Management System)<\/li>\n \t<li>Le moteur de r\u00e9servation<\/li>\n \t<li>Les obligations l\u00e9gales impos\u00e9es par les autorit\u00e9s publiques<\/li>\n<\/ul>\nLe traitement des donn\u00e9es est conforme au RGPD (R\u00e8glement UE 2016\/2016\/679). Pour plus d\u2019informations, consultez notre <strong>Politique de Confidentialit\u00e9<\/strong>. \t\t\t\t\t\t\t\t<\/div>\n\t\t\t\t<div class=\"elementor-element elementor-element-21849af elementor-widget elementor-widget-heading\" data-id=\"21849af\" data-element_type=\"widget\" data-e-type=\"widget\" data-widget_type=\"heading.default\">\n\t\t\t\t\t<h3 class=\"elementor-heading-title elementor-size-default\">7. Propri\u00e9t\u00e9 Intellectuelle <\/h3>\t\t\t\t<\/div>\n\t\t\t\t<div class=\"elementor-element elementor-element-b9b65fc policy elementor-widget elementor-widget-text-editor\" data-id=\"b9b65fc\" data-element_type=\"widget\" data-e-type=\"widget\" data-widget_type=\"text-editor.default\">\n\t\t\t\t\t\t\t\t\tTout le contenu du site web (textes, images, graphiques, marques, logos) est la propri\u00e9t\u00e9 de Timbre Hotels ou utilis\u00e9 avec autorisation, et ne peut \u00eatre copi\u00e9 ou reproduit sans consentement pr\u00e9alable.\t\t\t\t\t\t\t\t<\/div>\n\t\t\t\t<div class=\"elementor-element elementor-element-46d535b elementor-widget elementor-widget-heading\" data-id=\"46d535b\" data-element_type=\"widget\" data-e-type=\"widget\" data-widget_type=\"heading.default\">\n\t\t\t\t\t<h3 class=\"elementor-heading-title elementor-size-default\">8. Responsabilit\u00e9 <\/h3>\t\t\t\t<\/div>\n\t\t\t\t<div class=\"elementor-element elementor-element-4070e57 elementor-widget elementor-widget-text-editor\" data-id=\"4070e57\" data-element_type=\"widget\" data-e-type=\"widget\" data-widget_type=\"text-editor.default\">\n\t\t\t\t\t\t\t\t\t<strong>IME \u2013 Im\u00f3veis e Empreendimentos Hoteleiros, S.A. <\/strong>(\u00ab Timbre Hotels \u00bb) ne garantit pas que le site web fonctionnera sans interruptions ou erreurs techniques.<br>Elle n\u2019est pas responsable des dommages r\u00e9sultant d\u2019une mauvaise utilisation du site, de d\u00e9faillances de communication ou d\u2019acc\u00e8s non autoris\u00e9s. \t\t\t\t\t\t\t\t<\/div>\n\t\t\t\t<div class=\"elementor-element elementor-element-bb26a37 elementor-widget elementor-widget-heading\" data-id=\"bb26a37\" data-element_type=\"widget\" data-e-type=\"widget\" data-widget_type=\"heading.default\">\n\t\t\t\t\t<h3 class=\"elementor-heading-title elementor-size-default\">9. Liens vers des Sites Tiers <\/h3>\t\t\t\t<\/div>\n\t\t\t\t<div class=\"elementor-element elementor-element-3f400f8 elementor-widget elementor-widget-text-editor\" data-id=\"3f400f8\" data-element_type=\"widget\" data-e-type=\"widget\" data-widget_type=\"text-editor.default\">\n\t\t\t\t\t\t\t\t\tLe site web peut contenir des liens externes. Timbre Hotels n\u2019assume aucune responsabilit\u00e9 pour les contenus de tiers. \t\t\t\t\t\t\t\t<\/div>\n\t\t\t\t<div class=\"elementor-element elementor-element-93fe182 elementor-widget elementor-widget-heading\" data-id=\"93fe182\" data-element_type=\"widget\" data-e-type=\"widget\" data-widget_type=\"heading.default\">\n\t\t\t\t\t<h3 class=\"elementor-heading-title elementor-size-default\">10. Loi Applicable et Juridiction<\/h3>\t\t\t\t<\/div>\n\t\t\t\t<div class=\"elementor-element elementor-element-2c43370 elementor-widget elementor-widget-text-editor\" data-id=\"2c43370\" data-element_type=\"widget\" data-e-type=\"widget\" data-widget_type=\"text-editor.default\">\n\t\t\t\t\t\t\t\t\tLes pr\u00e9sents Termes et Conditions sont r\u00e9gis par la <strong>Loi Portugaise<\/strong>.<br>En cas de litige, le <strong>tribunal du district de Porto (Comarca do Porto) <\/strong>est comp\u00e9tent, sans pr\u00e9judice du recours aux entit\u00e9s RAL pr\u00e9vues par la loi. \t\t\t\t\t\t\t\t<\/div>\n\t\t\t\t<div class=\"elementor-element elementor-element-c0a728f elementor-widget elementor-widget-heading\" data-id=\"c0a728f\" data-element_type=\"widget\" data-e-type=\"widget\" data-widget_type=\"heading.default\">\n\t\t\t\t\t<h3 class=\"elementor-heading-title elementor-size-default\">11. Modifications des Termes et Conditions <\/h3>\t\t\t\t<\/div>\n\t\t\t\t<div class=\"elementor-element elementor-element-6bb00d0 elementor-widget elementor-widget-text-editor\" data-id=\"6bb00d0\" data-element_type=\"widget\" data-e-type=\"widget\" data-widget_type=\"text-editor.default\">\n\t\t\t\t\t\t\t\t\t<strong>IME \u2013 Im\u00f3veis e Empreendimentos Hoteleiros, S.A.<\/strong> (\u00ab Timbre Hotels \u00bb) se r\u00e9serve le droit de modifier ces Termes et Conditions \u00e0 tout moment. Les modifications entrent en vigueur d\u00e8s leur publication sur le site web. \t\t\t\t\t\t\t\t<\/div>\n\t\t\t\t\t<\/div>\n\t\t<\/div>\n\t\t\t\t\t<\/div>\n\t\t<\/section>\n\t\t\t\t<\/div>\n\t\t","protected":false},"excerpt":{"rendered":"<p>TERMES ET CONDITIONS 1. Identification de l&rsquo;Entreprise La gestion et l\u2019exploitation de ce site web sont sous la responsabilit\u00e9 de :IME \u2013 Im\u00f3veis e Empreendimentos Hoteleiros, S.A.NIPC (N\u00ba fiscal) : 503 226 033Si\u00e8ge social : Rua do Arquitecto Cassiano Barbosa 44 Esc 9, 4100-009 Porto, PortugalT\u00e9l\u00e9phone : (+351) 226 105 430 (Appel vers le r\u00e9seau [&hellip;]<\/p>\n","protected":false},"author":2,"featured_media":0,"parent":0,"menu_order":0,"comment_status":"closed","ping_status":"closed","template":"elementor_header_footer","meta":{"_sitemap_exclude":false,"_sitemap_priority":"","_sitemap_frequency":"","footnotes":""},"class_list":["post-4476","page","type-page","status-publish","hentry"],"yoast_head":"<!-- This site is optimized with the Yoast SEO plugin v27.4 - https:\/\/yoast.com\/product\/yoast-seo-wordpress\/ -->\n<title>Termes et Conditions - Timbre Boavista<\/title>\n<meta name=\"robots\" content=\"index, follow, max-snippet:-1, max-image-preview:large, max-video-preview:-1\" \/>\n<link rel=\"canonical\" href=\"https:\/\/timbrehotels.com\/boavista\/fr\/termes-et-conditions\/\" \/>\n<meta property=\"og:locale\" content=\"fr_FR\" \/>\n<meta property=\"og:type\" content=\"article\" \/>\n<meta property=\"og:title\" content=\"Termes et Conditions - Timbre Boavista\" \/>\n<meta property=\"og:description\" content=\"TERMES ET CONDITIONS 1. Identification de l&rsquo;Entreprise La gestion et l\u2019exploitation de ce site web sont sous la responsabilit\u00e9 de :IME \u2013 Im\u00f3veis e Empreendimentos Hoteleiros, S.A.NIPC (N\u00ba fiscal) : 503 226 033Si\u00e8ge social : Rua do Arquitecto Cassiano Barbosa 44 Esc 9, 4100-009 Porto, PortugalT\u00e9l\u00e9phone : (+351) 226 105 430 (Appel vers le r\u00e9seau [&hellip;]\" \/>\n<meta property=\"og:url\" content=\"https:\/\/timbrehotels.com\/boavista\/fr\/termes-et-conditions\/\" \/>\n<meta property=\"og:site_name\" content=\"Timbre Boavista\" \/>\n<meta property=\"article:modified_time\" content=\"2025-11-16T00:36:32+00:00\" \/>\n<meta name=\"twitter:card\" content=\"summary_large_image\" \/>\n<meta name=\"twitter:label1\" content=\"Dur\u00e9e de lecture estim\u00e9e\" \/>\n\t<meta name=\"twitter:data1\" content=\"4 minutes\" \/>\n<script type=\"application\/ld+json\" class=\"yoast-schema-graph\">{\"@context\":\"https:\\\/\\\/schema.org\",\"@graph\":[{\"@type\":\"WebPage\",\"@id\":\"https:\\\/\\\/timbrehotels.com\\\/boavista\\\/fr\\\/termes-et-conditions\\\/\",\"url\":\"https:\\\/\\\/timbrehotels.com\\\/boavista\\\/fr\\\/termes-et-conditions\\\/\",\"name\":\"Termes et Conditions - Timbre Boavista\",\"isPartOf\":{\"@id\":\"https:\\\/\\\/timbrehotels.com\\\/boavista\\\/fr\\\/#website\"},\"datePublished\":\"2025-11-15T22:28:46+00:00\",\"dateModified\":\"2025-11-16T00:36:32+00:00\",\"breadcrumb\":{\"@id\":\"https:\\\/\\\/timbrehotels.com\\\/boavista\\\/fr\\\/termes-et-conditions\\\/#breadcrumb\"},\"inLanguage\":\"fr-FR\",\"potentialAction\":[{\"@type\":\"ReadAction\",\"target\":[\"https:\\\/\\\/timbrehotels.com\\\/boavista\\\/fr\\\/termes-et-conditions\\\/\"]}]},{\"@type\":\"BreadcrumbList\",\"@id\":\"https:\\\/\\\/timbrehotels.com\\\/boavista\\\/fr\\\/termes-et-conditions\\\/#breadcrumb\",\"itemListElement\":[{\"@type\":\"ListItem\",\"position\":1,\"name\":\"In\u00edcio\",\"item\":\"https:\\\/\\\/timbrehotels.com\\\/boavista\\\/fr\\\/\"},{\"@type\":\"ListItem\",\"position\":2,\"name\":\"Termes et Conditions\"}]},{\"@type\":\"WebSite\",\"@id\":\"https:\\\/\\\/timbrehotels.com\\\/boavista\\\/fr\\\/#website\",\"url\":\"https:\\\/\\\/timbrehotels.com\\\/boavista\\\/fr\\\/\",\"name\":\"Timbre Boavista\",\"description\":\"\",\"potentialAction\":[{\"@type\":\"SearchAction\",\"target\":{\"@type\":\"EntryPoint\",\"urlTemplate\":\"https:\\\/\\\/timbrehotels.com\\\/boavista\\\/fr\\\/?s={search_term_string}\"},\"query-input\":{\"@type\":\"PropertyValueSpecification\",\"valueRequired\":true,\"valueName\":\"search_term_string\"}}],\"inLanguage\":\"fr-FR\"}]}<\/script>\n<!-- \/ Yoast SEO plugin. -->","yoast_head_json":{"title":"Termes et Conditions - Timbre Boavista","robots":{"index":"index","follow":"follow","max-snippet":"max-snippet:-1","max-image-preview":"max-image-preview:large","max-video-preview":"max-video-preview:-1"},"canonical":"https:\/\/timbrehotels.com\/boavista\/fr\/termes-et-conditions\/","og_locale":"fr_FR","og_type":"article","og_title":"Termes et Conditions - Timbre Boavista","og_description":"TERMES ET CONDITIONS 1. Identification de l&rsquo;Entreprise La gestion et l\u2019exploitation de ce site web sont sous la responsabilit\u00e9 de :IME \u2013 Im\u00f3veis e Empreendimentos Hoteleiros, S.A.NIPC (N\u00ba fiscal) : 503 226 033Si\u00e8ge social : Rua do Arquitecto Cassiano Barbosa 44 Esc 9, 4100-009 Porto, PortugalT\u00e9l\u00e9phone : (+351) 226 105 430 (Appel vers le r\u00e9seau [&hellip;]","og_url":"https:\/\/timbrehotels.com\/boavista\/fr\/termes-et-conditions\/","og_site_name":"Timbre Boavista","article_modified_time":"2025-11-16T00:36:32+00:00","twitter_card":"summary_large_image","twitter_misc":{"Dur\u00e9e de lecture estim\u00e9e":"4 minutes"},"schema":{"@context":"https:\/\/schema.org","@graph":[{"@type":"WebPage","@id":"https:\/\/timbrehotels.com\/boavista\/fr\/termes-et-conditions\/","url":"https:\/\/timbrehotels.com\/boavista\/fr\/termes-et-conditions\/","name":"Termes et Conditions - Timbre Boavista","isPartOf":{"@id":"https:\/\/timbrehotels.com\/boavista\/fr\/#website"},"datePublished":"2025-11-15T22:28:46+00:00","dateModified":"2025-11-16T00:36:32+00:00","breadcrumb":{"@id":"https:\/\/timbrehotels.com\/boavista\/fr\/termes-et-conditions\/#breadcrumb"},"inLanguage":"fr-FR","potentialAction":[{"@type":"ReadAction","target":["https:\/\/timbrehotels.com\/boavista\/fr\/termes-et-conditions\/"]}]},{"@type":"BreadcrumbList","@id":"https:\/\/timbrehotels.com\/boavista\/fr\/termes-et-conditions\/#breadcrumb","itemListElement":[{"@type":"ListItem","position":1,"name":"In\u00edcio","item":"https:\/\/timbrehotels.com\/boavista\/fr\/"},{"@type":"ListItem","position":2,"name":"Termes et Conditions"}]},{"@type":"WebSite","@id":"https:\/\/timbrehotels.com\/boavista\/fr\/#website","url":"https:\/\/timbrehotels.com\/boavista\/fr\/","name":"Timbre Boavista","description":"","potentialAction":[{"@type":"SearchAction","target":{"@type":"EntryPoint","urlTemplate":"https:\/\/timbrehotels.com\/boavista\/fr\/?s={search_term_string}"},"query-input":{"@type":"PropertyValueSpecification","valueRequired":true,"valueName":"search_term_string"}}],"inLanguage":"fr-FR"}]}},"_links":{"self":[{"href":"https:\/\/timbrehotels.com\/boavista\/fr\/wp-json\/wp\/v2\/pages\/4476","targetHints":{"allow":["GET"]}}],"collection":[{"href":"https:\/\/timbrehotels.com\/boavista\/fr\/wp-json\/wp\/v2\/pages"}],"about":[{"href":"https:\/\/timbrehotels.com\/boavista\/fr\/wp-json\/wp\/v2\/types\/page"}],"author":[{"embeddable":true,"href":"https:\/\/timbrehotels.com\/boavista\/fr\/wp-json\/wp\/v2\/users\/2"}],"replies":[{"embeddable":true,"href":"https:\/\/timbrehotels.com\/boavista\/fr\/wp-json\/wp\/v2\/comments?post=4476"}],"version-history":[{"count":4,"href":"https:\/\/timbrehotels.com\/boavista\/fr\/wp-json\/wp\/v2\/pages\/4476\/revisions"}],"predecessor-version":[{"id":4495,"href":"https:\/\/timbrehotels.com\/boavista\/fr\/wp-json\/wp\/v2\/pages\/4476\/revisions\/4495"}],"wp:attachment":[{"href":"https:\/\/timbrehotels.com\/boavista\/fr\/wp-json\/wp\/v2\/media?parent=4476"}],"curies":[{"name":"wp","href":"https:\/\/api.w.org\/{rel}","templated":true}]}}