{"id":4444,"date":"2024-08-06T15:37:40","date_gmt":"2024-08-06T15:37:40","guid":{"rendered":"https:\/\/timbrehotels.com\/destinations\/"},"modified":"2025-08-04T09:50:48","modified_gmt":"2025-08-04T09:50:48","slug":"destinations","status":"publish","type":"page","link":"https:\/\/timbrehotels.com\/fr\/destinations\/","title":{"rendered":"Destinations"},"content":{"rendered":"\t\t<div data-elementor-type=\"wp-page\" data-elementor-id=\"4444\" class=\"elementor elementor-4444 elementor-441\" data-elementor-post-type=\"page\">\n\t\t\t\t\t\t<section class=\"elementor-section elementor-top-section elementor-element elementor-element-98b998c elementor-section-full_width elementor-section-height-full elementor-section-height-default elementor-section-items-middle\" data-id=\"98b998c\" data-element_type=\"section\" data-e-type=\"section\" data-settings=\"{&quot;background_background&quot;:&quot;classic&quot;}\">\n\t\t\t\t\t\t<div class=\"elementor-container elementor-column-gap-no\">\n\t\t\t\t\t<div class=\"elementor-column elementor-col-50 elementor-top-column elementor-element elementor-element-eaf4811\" data-id=\"eaf4811\" data-element_type=\"column\" data-e-type=\"column\" data-settings=\"{&quot;background_background&quot;:&quot;classic&quot;}\">\n\t\t\t<div class=\"elementor-widget-wrap elementor-element-populated\">\n\t\t\t\t\t\t<div class=\"elementor-element elementor-element-5945aa2 elementor-widget elementor-widget-image\" data-id=\"5945aa2\" data-element_type=\"widget\" data-e-type=\"widget\" data-widget_type=\"image.default\">\n\t\t\t\t\t\t\t\t\t\t\t\t\t\t\t<img fetchpriority=\"high\" decoding=\"async\" width=\"588\" height=\"579\" src=\"https:\/\/timbrehotels.com\/wp-content\/uploads\/2024\/12\/Artboard-1-copy-2@2x.png\" class=\"attachment-large size-large wp-image-2740\" alt=\"\" srcset=\"https:\/\/timbrehotels.com\/wp-content\/uploads\/2024\/12\/Artboard-1-copy-2@2x.png 588w, https:\/\/timbrehotels.com\/wp-content\/uploads\/2024\/12\/Artboard-1-copy-2@2x-300x295.png 300w\" sizes=\"(max-width: 588px) 100vw, 588px\" \/>\t\t\t\t\t\t\t\t\t\t\t\t\t\t\t<\/div>\n\t\t\t\t\t<\/div>\n\t\t<\/div>\n\t\t\t\t<div class=\"elementor-column elementor-col-50 elementor-top-column elementor-element elementor-element-c0b5f33\" data-id=\"c0b5f33\" data-element_type=\"column\" data-e-type=\"column\">\n\t\t\t<div class=\"elementor-widget-wrap elementor-element-populated\">\n\t\t\t\t\t\t<div class=\"elementor-element elementor-element-6a73e83 elementor-widget elementor-widget-image\" data-id=\"6a73e83\" data-element_type=\"widget\" data-e-type=\"widget\" data-widget_type=\"image.default\">\n\t\t\t\t\t\t\t\t\t\t\t\t\t\t\t<img decoding=\"async\" width=\"900\" height=\"900\" src=\"https:\/\/timbrehotels.com\/wp-content\/uploads\/2024\/07\/Timbre_website_12_Julho_2024-37-1.jpg\" class=\"attachment-full size-full wp-image-4460\" alt=\"\" srcset=\"https:\/\/timbrehotels.com\/wp-content\/uploads\/2024\/07\/Timbre_website_12_Julho_2024-37-1.jpg 900w, https:\/\/timbrehotels.com\/wp-content\/uploads\/2024\/07\/Timbre_website_12_Julho_2024-37-1-300x300.jpg 300w, https:\/\/timbrehotels.com\/wp-content\/uploads\/2024\/07\/Timbre_website_12_Julho_2024-37-1-150x150.jpg 150w, https:\/\/timbrehotels.com\/wp-content\/uploads\/2024\/07\/Timbre_website_12_Julho_2024-37-1-768x768.jpg 768w, https:\/\/timbrehotels.com\/wp-content\/uploads\/2024\/07\/Timbre_website_12_Julho_2024-37-1-230x230.jpg 230w, https:\/\/timbrehotels.com\/wp-content\/uploads\/2024\/07\/Timbre_website_12_Julho_2024-37-1-350x350.jpg 350w, https:\/\/timbrehotels.com\/wp-content\/uploads\/2024\/07\/Timbre_website_12_Julho_2024-37-1-480x480.jpg 480w\" sizes=\"(max-width: 900px) 100vw, 900px\" \/>\t\t\t\t\t\t\t\t\t\t\t\t\t\t\t<\/div>\n\t\t\t\t\t<\/div>\n\t\t<\/div>\n\t\t\t\t\t<\/div>\n\t\t<\/section>\n\t\t\t\t<section class=\"elementor-section elementor-top-section elementor-element elementor-element-af265e6 elementor-section-boxed elementor-section-height-default elementor-section-height-default\" data-id=\"af265e6\" data-element_type=\"section\" data-e-type=\"section\" data-settings=\"{&quot;background_background&quot;:&quot;classic&quot;}\">\n\t\t\t\t\t\t<div class=\"elementor-container elementor-column-gap-default\">\n\t\t\t\t\t<div class=\"elementor-column elementor-col-100 elementor-top-column elementor-element elementor-element-d934617\" data-id=\"d934617\" data-element_type=\"column\" data-e-type=\"column\">\n\t\t\t<div class=\"elementor-widget-wrap elementor-element-populated\">\n\t\t\t\t\t\t<section class=\"elementor-section elementor-inner-section elementor-element elementor-element-0571b6e elementor-section-full_width elementor-section-height-default elementor-section-height-default\" data-id=\"0571b6e\" data-element_type=\"section\" data-e-type=\"section\">\n\t\t\t\t\t\t<div class=\"elementor-container elementor-column-gap-no\">\n\t\t\t\t\t<div class=\"elementor-column elementor-col-50 elementor-inner-column elementor-element elementor-element-9410f89\" data-id=\"9410f89\" data-element_type=\"column\" data-e-type=\"column\">\n\t\t\t<div class=\"elementor-widget-wrap elementor-element-populated\">\n\t\t\t\t\t\t<div class=\"elementor-element elementor-element-e40952e elementor-widget elementor-widget-image\" data-id=\"e40952e\" data-element_type=\"widget\" data-e-type=\"widget\" data-widget_type=\"image.default\">\n\t\t\t\t\t\t\t\t\t\t\t\t\t\t\t<img decoding=\"async\" width=\"1920\" height=\"1280\" src=\"https:\/\/timbrehotels.com\/wp-content\/uploads\/2024\/11\/hvirtudes_exterior-2-1-1.webp\" class=\"attachment-full size-full wp-image-1184\" alt=\"\" srcset=\"https:\/\/timbrehotels.com\/wp-content\/uploads\/2024\/11\/hvirtudes_exterior-2-1-1.webp 1920w, https:\/\/timbrehotels.com\/wp-content\/uploads\/2024\/11\/hvirtudes_exterior-2-1-1-300x200.webp 300w, https:\/\/timbrehotels.com\/wp-content\/uploads\/2024\/11\/hvirtudes_exterior-2-1-1-1024x683.webp 1024w, https:\/\/timbrehotels.com\/wp-content\/uploads\/2024\/11\/hvirtudes_exterior-2-1-1-768x512.webp 768w, https:\/\/timbrehotels.com\/wp-content\/uploads\/2024\/11\/hvirtudes_exterior-2-1-1-1536x1024.webp 1536w\" sizes=\"(max-width: 1920px) 100vw, 1920px\" \/>\t\t\t\t\t\t\t\t\t\t\t\t\t\t\t<\/div>\n\t\t\t\t\t<\/div>\n\t\t<\/div>\n\t\t\t\t<div class=\"elementor-column elementor-col-50 elementor-inner-column elementor-element elementor-element-189bfed\" data-id=\"189bfed\" data-element_type=\"column\" data-e-type=\"column\">\n\t\t\t<div class=\"elementor-widget-wrap elementor-element-populated\">\n\t\t\t\t\t\t<div class=\"elementor-element elementor-element-0b857c6 elementor-widget elementor-widget-image\" data-id=\"0b857c6\" data-element_type=\"widget\" data-e-type=\"widget\" data-widget_type=\"image.default\">\n\t\t\t\t\t\t\t\t\t\t\t\t\t\t\t<img loading=\"lazy\" decoding=\"async\" width=\"296\" height=\"114\" src=\"https:\/\/timbrehotels.com\/wp-content\/uploads\/2024\/11\/virtudes.png\" class=\"attachment-full size-full wp-image-1241\" alt=\"\" \/>\t\t\t\t\t\t\t\t\t\t\t\t\t\t\t<\/div>\n\t\t\t\t<div class=\"elementor-element elementor-element-88efb4c elementor-widget elementor-widget-text-editor\" data-id=\"88efb4c\" data-element_type=\"widget\" data-e-type=\"widget\" data-widget_type=\"text-editor.default\">\n\t\t\t\t\t\t\t\t\t<p>Un h\u00f4tel 5 \u00e9toiles aux racines m\u00e9di\u00e9vales datant du XVIe si\u00e8cle, qui incarne le charme unique de Porto. Situ\u00e9 en bord de rivi\u00e8re, au c\u0153ur du quartier historique de Miragaia, le Timbre Virtudes constitue le point de d\u00e9part id\u00e9al pour explorer et s&rsquo;immerger dans la ville. <\/p>\n\t\t\t\t\t\t\t\t<\/div>\n\t\t\t\t<div class=\"elementor-element elementor-element-1e74d6c elementor-widget__width-auto elementor-widget elementor-widget-heading\" data-id=\"1e74d6c\" data-element_type=\"widget\" data-e-type=\"widget\" data-widget_type=\"heading.default\">\n\t\t\t\t\t<h2 class=\"elementor-heading-title elementor-size-default\"><a href=\"https:\/\/timbrehotels.com\/virtudes\/fr\/\">Plus d'informations<\/a><\/h2>\t\t\t\t<\/div>\n\t\t\t\t<div class=\"elementor-element elementor-element-9b529fd elementor-widget__width-initial e-transform elementor-widget elementor-widget-image\" data-id=\"9b529fd\" data-element_type=\"widget\" data-e-type=\"widget\" data-settings=\"{&quot;_transform_translateX_effect_hover&quot;:{&quot;unit&quot;:&quot;px&quot;,&quot;size&quot;:24,&quot;sizes&quot;:[]},&quot;_transform_translateX_effect_hover_tablet&quot;:{&quot;unit&quot;:&quot;px&quot;,&quot;size&quot;:&quot;&quot;,&quot;sizes&quot;:[]},&quot;_transform_translateX_effect_hover_mobile&quot;:{&quot;unit&quot;:&quot;px&quot;,&quot;size&quot;:&quot;&quot;,&quot;sizes&quot;:[]},&quot;_transform_translateY_effect_hover&quot;:{&quot;unit&quot;:&quot;px&quot;,&quot;size&quot;:&quot;&quot;,&quot;sizes&quot;:[]},&quot;_transform_translateY_effect_hover_tablet&quot;:{&quot;unit&quot;:&quot;px&quot;,&quot;size&quot;:&quot;&quot;,&quot;sizes&quot;:[]},&quot;_transform_translateY_effect_hover_mobile&quot;:{&quot;unit&quot;:&quot;px&quot;,&quot;size&quot;:&quot;&quot;,&quot;sizes&quot;:[]}}\" data-widget_type=\"image.default\">\n\t\t\t\t\t\t\t\t\t\t\t\t\t\t\t\t<a href=\"https:\/\/timbrehotels.com\/virtudes\/fr\/\">\n\t\t\t\t\t\t\t<img loading=\"lazy\" decoding=\"async\" width=\"165\" height=\"102\" src=\"https:\/\/timbrehotels.com\/wp-content\/uploads\/2024\/08\/seta_vermelha.png\" class=\"attachment-full size-full wp-image-4441\" alt=\"\" \/>\t\t\t\t\t\t\t\t<\/a>\n\t\t\t\t\t\t\t\t\t\t\t\t\t\t\t<\/div>\n\t\t\t\t\t<\/div>\n\t\t<\/div>\n\t\t\t\t\t<\/div>\n\t\t<\/section>\n\t\t\t\t<section class=\"elementor-section elementor-inner-section elementor-element elementor-element-759935a elementor-section-full_width elementor-reverse-mobile elementor-section-height-default elementor-section-height-default\" data-id=\"759935a\" data-element_type=\"section\" data-e-type=\"section\">\n\t\t\t\t\t\t<div class=\"elementor-container elementor-column-gap-no\">\n\t\t\t\t\t<div class=\"elementor-column elementor-col-50 elementor-inner-column elementor-element elementor-element-cdebe20\" data-id=\"cdebe20\" data-element_type=\"column\" data-e-type=\"column\">\n\t\t\t<div class=\"elementor-widget-wrap elementor-element-populated\">\n\t\t\t\t\t\t<div class=\"elementor-element elementor-element-f546cc0 elementor-widget elementor-widget-image\" data-id=\"f546cc0\" data-element_type=\"widget\" data-e-type=\"widget\" data-widget_type=\"image.default\">\n\t\t\t\t\t\t\t\t\t\t\t\t\t\t\t<img loading=\"lazy\" decoding=\"async\" width=\"634\" height=\"237\" src=\"https:\/\/timbrehotels.com\/wp-content\/uploads\/2024\/11\/heroismologo.png\" class=\"attachment-full size-full wp-image-4451\" alt=\"\" srcset=\"https:\/\/timbrehotels.com\/wp-content\/uploads\/2024\/11\/heroismologo.png 634w, https:\/\/timbrehotels.com\/wp-content\/uploads\/2024\/11\/heroismologo-300x112.png 300w\" sizes=\"(max-width: 634px) 100vw, 634px\" \/>\t\t\t\t\t\t\t\t\t\t\t\t\t\t\t<\/div>\n\t\t\t\t<div class=\"elementor-element elementor-element-258a170 elementor-widget elementor-widget-text-editor\" data-id=\"258a170\" data-element_type=\"widget\" data-e-type=\"widget\" data-widget_type=\"text-editor.default\">\n\t\t\t\t\t\t\t\t\t<p>Le choix parfait pour les voyageurs d&rsquo;affaires. \u00c0 quelques minutes du centre historique de la ville, le Timbre Hero\u00edsmo dispose de salles de conf\u00e9rences modulables, de diff\u00e9rentes tailles et configurations, \u00e9quip\u00e9es d&rsquo;une technologie audiovisuelle de pointe pour garantir des r\u00e9unions et \u00e9v\u00e9nements sans le moindre souci.<\/p>\t\t\t\t\t\t\t\t<\/div>\n\t\t\t\t<div class=\"elementor-element elementor-element-b3ac24c elementor-widget__width-auto elementor-widget elementor-widget-heading\" data-id=\"b3ac24c\" data-element_type=\"widget\" data-e-type=\"widget\" data-widget_type=\"heading.default\">\n\t\t\t\t\t<h2 class=\"elementor-heading-title elementor-size-default\"><a href=\"https:\/\/timbrehotels.com\/heroismo\/fr\/\">Plus d'informations<\/a><\/h2>\t\t\t\t<\/div>\n\t\t\t\t<div class=\"elementor-element elementor-element-8705feb elementor-widget__width-initial e-transform elementor-widget elementor-widget-image\" data-id=\"8705feb\" data-element_type=\"widget\" data-e-type=\"widget\" data-settings=\"{&quot;_transform_translateX_effect_hover&quot;:{&quot;unit&quot;:&quot;px&quot;,&quot;size&quot;:24,&quot;sizes&quot;:[]},&quot;_transform_translateX_effect_hover_tablet&quot;:{&quot;unit&quot;:&quot;px&quot;,&quot;size&quot;:&quot;&quot;,&quot;sizes&quot;:[]},&quot;_transform_translateX_effect_hover_mobile&quot;:{&quot;unit&quot;:&quot;px&quot;,&quot;size&quot;:&quot;&quot;,&quot;sizes&quot;:[]},&quot;_transform_translateY_effect_hover&quot;:{&quot;unit&quot;:&quot;px&quot;,&quot;size&quot;:&quot;&quot;,&quot;sizes&quot;:[]},&quot;_transform_translateY_effect_hover_tablet&quot;:{&quot;unit&quot;:&quot;px&quot;,&quot;size&quot;:&quot;&quot;,&quot;sizes&quot;:[]},&quot;_transform_translateY_effect_hover_mobile&quot;:{&quot;unit&quot;:&quot;px&quot;,&quot;size&quot;:&quot;&quot;,&quot;sizes&quot;:[]}}\" data-widget_type=\"image.default\">\n\t\t\t\t\t\t\t\t\t\t\t\t\t\t\t\t<a href=\"https:\/\/timbrehotels.com\/heroismo\/fr\/\" target=\"_blank\">\n\t\t\t\t\t\t\t<img loading=\"lazy\" decoding=\"async\" width=\"165\" height=\"102\" src=\"https:\/\/timbrehotels.com\/wp-content\/uploads\/2024\/08\/seta_vermelha.png\" class=\"attachment-full size-full wp-image-4441\" alt=\"\" \/>\t\t\t\t\t\t\t\t<\/a>\n\t\t\t\t\t\t\t\t\t\t\t\t\t\t\t<\/div>\n\t\t\t\t\t<\/div>\n\t\t<\/div>\n\t\t\t\t<div class=\"elementor-column elementor-col-50 elementor-inner-column elementor-element elementor-element-f7ee8d3\" data-id=\"f7ee8d3\" data-element_type=\"column\" data-e-type=\"column\">\n\t\t\t<div class=\"elementor-widget-wrap elementor-element-populated\">\n\t\t\t\t\t\t<div class=\"elementor-element elementor-element-d996b5e elementor-widget elementor-widget-image\" data-id=\"d996b5e\" data-element_type=\"widget\" data-e-type=\"widget\" data-widget_type=\"image.default\">\n\t\t\t\t\t\t\t\t\t\t\t\t\t\t\t<img loading=\"lazy\" decoding=\"async\" width=\"1920\" height=\"1281\" src=\"https:\/\/timbrehotels.com\/wp-content\/uploads\/2024\/11\/176.webp\" class=\"attachment-full size-full wp-image-4452\" alt=\"\" srcset=\"https:\/\/timbrehotels.com\/wp-content\/uploads\/2024\/11\/176.webp 1920w, https:\/\/timbrehotels.com\/wp-content\/uploads\/2024\/11\/176-300x200.webp 300w, https:\/\/timbrehotels.com\/wp-content\/uploads\/2024\/11\/176-1024x683.webp 1024w, https:\/\/timbrehotels.com\/wp-content\/uploads\/2024\/11\/176-768x512.webp 768w, https:\/\/timbrehotels.com\/wp-content\/uploads\/2024\/11\/176-1536x1025.webp 1536w\" sizes=\"(max-width: 1920px) 100vw, 1920px\" \/>\t\t\t\t\t\t\t\t\t\t\t\t\t\t\t<\/div>\n\t\t\t\t\t<\/div>\n\t\t<\/div>\n\t\t\t\t\t<\/div>\n\t\t<\/section>\n\t\t\t\t<section class=\"elementor-section elementor-inner-section elementor-element elementor-element-1768830 elementor-section-full_width elementor-section-height-default elementor-section-height-default\" data-id=\"1768830\" data-element_type=\"section\" data-e-type=\"section\">\n\t\t\t\t\t\t<div class=\"elementor-container elementor-column-gap-no\">\n\t\t\t\t\t<div class=\"elementor-column elementor-col-50 elementor-inner-column elementor-element elementor-element-64ba2da\" data-id=\"64ba2da\" data-element_type=\"column\" data-e-type=\"column\">\n\t\t\t<div class=\"elementor-widget-wrap elementor-element-populated\">\n\t\t\t\t\t\t<div class=\"elementor-element elementor-element-ebed293 elementor-widget elementor-widget-image\" data-id=\"ebed293\" data-element_type=\"widget\" data-e-type=\"widget\" data-widget_type=\"image.default\">\n\t\t\t\t\t\t\t\t\t\t\t\t\t\t\t<img loading=\"lazy\" decoding=\"async\" width=\"1920\" height=\"1280\" src=\"https:\/\/timbrehotels.com\/wp-content\/uploads\/2024\/11\/boavista-1.png\" class=\"attachment-full size-full wp-image-4442\" alt=\"\" srcset=\"https:\/\/timbrehotels.com\/wp-content\/uploads\/2024\/11\/boavista-1.png 1920w, https:\/\/timbrehotels.com\/wp-content\/uploads\/2024\/11\/boavista-1-300x200.png 300w, https:\/\/timbrehotels.com\/wp-content\/uploads\/2024\/11\/boavista-1-1024x683.png 1024w, https:\/\/timbrehotels.com\/wp-content\/uploads\/2024\/11\/boavista-1-768x512.png 768w, https:\/\/timbrehotels.com\/wp-content\/uploads\/2024\/11\/boavista-1-1536x1024.png 1536w\" sizes=\"(max-width: 1920px) 100vw, 1920px\" \/>\t\t\t\t\t\t\t\t\t\t\t\t\t\t\t<\/div>\n\t\t\t\t\t<\/div>\n\t\t<\/div>\n\t\t\t\t<div class=\"elementor-column elementor-col-50 elementor-inner-column elementor-element elementor-element-8dd36c0\" data-id=\"8dd36c0\" data-element_type=\"column\" data-e-type=\"column\">\n\t\t\t<div class=\"elementor-widget-wrap elementor-element-populated\">\n\t\t\t\t\t\t<div class=\"elementor-element elementor-element-4fb4786 elementor-widget elementor-widget-image\" data-id=\"4fb4786\" data-element_type=\"widget\" data-e-type=\"widget\" data-widget_type=\"image.default\">\n\t\t\t\t\t\t\t\t\t\t\t\t\t\t\t<img loading=\"lazy\" decoding=\"async\" width=\"296\" height=\"114\" src=\"https:\/\/timbrehotels.com\/wp-content\/uploads\/2024\/11\/boavista.png\" class=\"attachment-full size-full wp-image-1243\" alt=\"\" \/>\t\t\t\t\t\t\t\t\t\t\t\t\t\t\t<\/div>\n\t\t\t\t<div class=\"elementor-element elementor-element-00bccf7 elementor-widget elementor-widget-text-editor\" data-id=\"00bccf7\" data-element_type=\"widget\" data-e-type=\"widget\" data-widget_type=\"text-editor.default\">\n\t\t\t\t\t\t\t\t\t<p>Modernes et accueillants, nos appartements constituent le choix id\u00e9al pour des s\u00e9jours courts ou longs. Avec service de bar, stationnement et une \u00e9quipe dynamique disponible 24 heures sur 24, le Timbre Boavista offre tout le confort de la maison. Situ\u00e9 \u00e0 seulement 150 m\u00e8tres de l&rsquo;Avenida da Boavista, au c\u0153ur du quartier d&rsquo;affaires de Porto, l&rsquo;aparth\u00f4tel permet un acc\u00e8s facile \u00e0 des lieux embl\u00e9matiques tels que Serralves, la Casa da M\u00fasica et le Parque da Cidade.  <\/p>\n\t\t\t\t\t\t\t\t<\/div>\n\t\t\t\t<div class=\"elementor-element elementor-element-96b8194 elementor-widget__width-auto elementor-widget elementor-widget-heading\" data-id=\"96b8194\" data-element_type=\"widget\" data-e-type=\"widget\" data-widget_type=\"heading.default\">\n\t\t\t\t\t<h2 class=\"elementor-heading-title elementor-size-default\"><a href=\"\/boavista\/fr\/\">Plus d'informations<\/a><\/h2>\t\t\t\t<\/div>\n\t\t\t\t<div class=\"elementor-element elementor-element-f33faee elementor-widget__width-initial e-transform elementor-widget elementor-widget-image\" data-id=\"f33faee\" data-element_type=\"widget\" data-e-type=\"widget\" data-settings=\"{&quot;_transform_translateX_effect_hover&quot;:{&quot;unit&quot;:&quot;px&quot;,&quot;size&quot;:24,&quot;sizes&quot;:[]},&quot;_transform_translateX_effect_hover_tablet&quot;:{&quot;unit&quot;:&quot;px&quot;,&quot;size&quot;:&quot;&quot;,&quot;sizes&quot;:[]},&quot;_transform_translateX_effect_hover_mobile&quot;:{&quot;unit&quot;:&quot;px&quot;,&quot;size&quot;:&quot;&quot;,&quot;sizes&quot;:[]},&quot;_transform_translateY_effect_hover&quot;:{&quot;unit&quot;:&quot;px&quot;,&quot;size&quot;:&quot;&quot;,&quot;sizes&quot;:[]},&quot;_transform_translateY_effect_hover_tablet&quot;:{&quot;unit&quot;:&quot;px&quot;,&quot;size&quot;:&quot;&quot;,&quot;sizes&quot;:[]},&quot;_transform_translateY_effect_hover_mobile&quot;:{&quot;unit&quot;:&quot;px&quot;,&quot;size&quot;:&quot;&quot;,&quot;sizes&quot;:[]}}\" data-widget_type=\"image.default\">\n\t\t\t\t\t\t\t\t\t\t\t\t\t\t\t\t<a href=\"\/boavista\/fr\/\">\n\t\t\t\t\t\t\t<img loading=\"lazy\" decoding=\"async\" width=\"165\" height=\"102\" src=\"https:\/\/timbrehotels.com\/wp-content\/uploads\/2024\/08\/seta_vermelha.png\" class=\"attachment-full size-full wp-image-4441\" alt=\"\" \/>\t\t\t\t\t\t\t\t<\/a>\n\t\t\t\t\t\t\t\t\t\t\t\t\t\t\t<\/div>\n\t\t\t\t\t<\/div>\n\t\t<\/div>\n\t\t\t\t\t<\/div>\n\t\t<\/section>\n\t\t\t\t\t<\/div>\n\t\t<\/div>\n\t\t\t\t\t<\/div>\n\t\t<\/section>\n\t\t\t\t<\/div>\n\t\t","protected":false},"excerpt":{"rendered":"<p>Un h\u00f4tel 5 \u00e9toiles aux racines m\u00e9di\u00e9vales datant du XVIe si\u00e8cle, qui incarne le charme unique de Porto. Situ\u00e9 en bord de rivi\u00e8re, au c\u0153ur du quartier historique de Miragaia, le Timbre Virtudes constitue le point de d\u00e9part id\u00e9al pour explorer et s&rsquo;immerger dans la ville. Plus d&rsquo;informations Le choix parfait pour les voyageurs d&rsquo;affaires. [&hellip;]<\/p>\n","protected":false},"author":2,"featured_media":0,"parent":0,"menu_order":0,"comment_status":"closed","ping_status":"closed","template":"elementor_header_footer","meta":{"_sitemap_exclude":false,"_sitemap_priority":"","_sitemap_frequency":"","footnotes":""},"class_list":["post-4444","page","type-page","status-publish","hentry"],"_links":{"self":[{"href":"https:\/\/timbrehotels.com\/fr\/wp-json\/wp\/v2\/pages\/4444","targetHints":{"allow":["GET"]}}],"collection":[{"href":"https:\/\/timbrehotels.com\/fr\/wp-json\/wp\/v2\/pages"}],"about":[{"href":"https:\/\/timbrehotels.com\/fr\/wp-json\/wp\/v2\/types\/page"}],"author":[{"embeddable":true,"href":"https:\/\/timbrehotels.com\/fr\/wp-json\/wp\/v2\/users\/2"}],"replies":[{"embeddable":true,"href":"https:\/\/timbrehotels.com\/fr\/wp-json\/wp\/v2\/comments?post=4444"}],"version-history":[{"count":3,"href":"https:\/\/timbrehotels.com\/fr\/wp-json\/wp\/v2\/pages\/4444\/revisions"}],"predecessor-version":[{"id":14025,"href":"https:\/\/timbrehotels.com\/fr\/wp-json\/wp\/v2\/pages\/4444\/revisions\/14025"}],"wp:attachment":[{"href":"https:\/\/timbrehotels.com\/fr\/wp-json\/wp\/v2\/media?parent=4444"}],"curies":[{"name":"wp","href":"https:\/\/api.w.org\/{rel}","templated":true}]}}