{"id":4450,"date":"2024-11-13T16:51:55","date_gmt":"2024-11-13T16:51:55","guid":{"rendered":"https:\/\/timbrehotels.com\/faqs\/"},"modified":"2025-03-12T12:20:39","modified_gmt":"2025-03-12T12:20:39","slug":"faqs","status":"publish","type":"page","link":"https:\/\/timbrehotels.com\/fr\/faqs\/","title":{"rendered":"FAQs"},"content":{"rendered":"\t\t<div data-elementor-type=\"wp-page\" data-elementor-id=\"4450\" class=\"elementor elementor-4450 elementor-1345\" data-elementor-post-type=\"page\">\n\t\t\t\t\t\t<section class=\"elementor-section elementor-top-section elementor-element elementor-element-ec06cfe elementor-section-boxed elementor-section-height-default elementor-section-height-default\" data-id=\"ec06cfe\" data-element_type=\"section\" data-e-type=\"section\" data-settings=\"{&quot;background_background&quot;:&quot;classic&quot;}\">\n\t\t\t\t\t\t<div class=\"elementor-container elementor-column-gap-default\">\n\t\t\t\t\t<div class=\"elementor-column elementor-col-100 elementor-top-column elementor-element elementor-element-8e95790\" data-id=\"8e95790\" data-element_type=\"column\" data-e-type=\"column\">\n\t\t\t<div class=\"elementor-widget-wrap elementor-element-populated\">\n\t\t\t\t\t\t<div class=\"elementor-element elementor-element-a5968f8 elementor-widget-divider--view-line_text elementor-widget-divider--element-align-left elementor-widget elementor-widget-divider\" data-id=\"a5968f8\" data-element_type=\"widget\" data-e-type=\"widget\" data-widget_type=\"divider.default\">\n\t\t\t\t\t\t\t<div class=\"elementor-divider\">\n\t\t\t<span class=\"elementor-divider-separator\">\n\t\t\t\t\t\t\t<h2 class=\"elementor-divider__text elementor-divider__element\">\n\t\t\t\tFAQs\t\t\t\t<\/h2>\n\t\t\t\t\t\t<\/span>\n\t\t<\/div>\n\t\t\t\t\t\t<\/div>\n\t\t\t\t<section class=\"elementor-section elementor-inner-section elementor-element elementor-element-5843e5e elementor-section-height-min-height elementor-section-content-middle elementor-section-full_width elementor-section-height-default\" data-id=\"5843e5e\" data-element_type=\"section\" data-e-type=\"section\">\n\t\t\t\t\t\t<div class=\"elementor-container elementor-column-gap-default\">\n\t\t\t\t\t<div class=\"elementor-column elementor-col-33 elementor-inner-column elementor-element elementor-element-7e72b38\" data-id=\"7e72b38\" data-element_type=\"column\" data-e-type=\"column\">\n\t\t\t<div class=\"elementor-widget-wrap elementor-element-populated\">\n\t\t\t\t\t\t<div class=\"elementor-element elementor-element-4a743c2 elementor-widget elementor-widget-image\" data-id=\"4a743c2\" data-element_type=\"widget\" data-e-type=\"widget\" data-widget_type=\"image.default\">\n\t\t\t\t\t\t\t\t\t\t\t\t\t\t\t\t<a href=\"https:\/\/timbrehotels.com\/virtudes\/faqs\">\n\t\t\t\t\t\t\t<img fetchpriority=\"high\" decoding=\"async\" width=\"1920\" height=\"1280\" src=\"https:\/\/timbrehotels.com\/wp-content\/uploads\/2024\/11\/hvirtudes_exterior-2-1-1.webp\" class=\"attachment-full size-full wp-image-1184\" alt=\"\" srcset=\"https:\/\/timbrehotels.com\/wp-content\/uploads\/2024\/11\/hvirtudes_exterior-2-1-1.webp 1920w, https:\/\/timbrehotels.com\/wp-content\/uploads\/2024\/11\/hvirtudes_exterior-2-1-1-300x200.webp 300w, https:\/\/timbrehotels.com\/wp-content\/uploads\/2024\/11\/hvirtudes_exterior-2-1-1-1024x683.webp 1024w, https:\/\/timbrehotels.com\/wp-content\/uploads\/2024\/11\/hvirtudes_exterior-2-1-1-768x512.webp 768w, https:\/\/timbrehotels.com\/wp-content\/uploads\/2024\/11\/hvirtudes_exterior-2-1-1-1536x1024.webp 1536w\" sizes=\"(max-width: 1920px) 100vw, 1920px\" \/>\t\t\t\t\t\t\t\t<\/a>\n\t\t\t\t\t\t\t\t\t\t\t\t\t\t\t<\/div>\n\t\t\t\t<div class=\"elementor-element elementor-element-417af4c elementor-widget elementor-widget-image\" data-id=\"417af4c\" data-element_type=\"widget\" data-e-type=\"widget\" data-widget_type=\"image.default\">\n\t\t\t\t\t\t\t\t\t\t\t\t\t\t\t\t<a href=\"https:\/\/timbrehotels.com\/virtudes\/faqs\" target=\"_blank\">\n\t\t\t\t\t\t\t<img decoding=\"async\" width=\"296\" height=\"114\" src=\"https:\/\/timbrehotels.com\/wp-content\/uploads\/2024\/11\/virtudes.png\" class=\"elementor-animation-grow attachment-full size-full wp-image-1241\" alt=\"\" \/>\t\t\t\t\t\t\t\t<\/a>\n\t\t\t\t\t\t\t\t\t\t\t\t\t\t\t<\/div>\n\t\t\t\t\t<\/div>\n\t\t<\/div>\n\t\t\t\t<div class=\"elementor-column elementor-col-33 elementor-inner-column elementor-element elementor-element-a1b01b3\" data-id=\"a1b01b3\" data-element_type=\"column\" data-e-type=\"column\">\n\t\t\t<div class=\"elementor-widget-wrap elementor-element-populated\">\n\t\t\t\t\t\t<div class=\"elementor-element elementor-element-f8d930d elementor-widget elementor-widget-image\" data-id=\"f8d930d\" data-element_type=\"widget\" data-e-type=\"widget\" data-widget_type=\"image.default\">\n\t\t\t\t\t\t\t\t\t\t\t\t\t\t\t\t<a href=\"https:\/\/timbrehotels.com\/heroismo\/faqs\">\n\t\t\t\t\t\t\t<img decoding=\"async\" width=\"1920\" height=\"1281\" src=\"https:\/\/timbrehotels.com\/wp-content\/uploads\/2024\/11\/176.webp\" class=\"attachment-full size-full wp-image-4452\" alt=\"\" srcset=\"https:\/\/timbrehotels.com\/wp-content\/uploads\/2024\/11\/176.webp 1920w, https:\/\/timbrehotels.com\/wp-content\/uploads\/2024\/11\/176-300x200.webp 300w, https:\/\/timbrehotels.com\/wp-content\/uploads\/2024\/11\/176-1024x683.webp 1024w, https:\/\/timbrehotels.com\/wp-content\/uploads\/2024\/11\/176-768x512.webp 768w, https:\/\/timbrehotels.com\/wp-content\/uploads\/2024\/11\/176-1536x1025.webp 1536w\" sizes=\"(max-width: 1920px) 100vw, 1920px\" \/>\t\t\t\t\t\t\t\t<\/a>\n\t\t\t\t\t\t\t\t\t\t\t\t\t\t\t<\/div>\n\t\t\t\t<div class=\"elementor-element elementor-element-760fc12 elementor-widget elementor-widget-image\" data-id=\"760fc12\" data-element_type=\"widget\" data-e-type=\"widget\" data-widget_type=\"image.default\">\n\t\t\t\t\t\t\t\t\t\t\t\t\t\t\t\t<a href=\"https:\/\/timbrehotels.com\/heroismo\/faqs\" target=\"_blank\">\n\t\t\t\t\t\t\t<img loading=\"lazy\" decoding=\"async\" width=\"634\" height=\"237\" src=\"https:\/\/timbrehotels.com\/wp-content\/uploads\/2024\/11\/heroismologo.png\" class=\"elementor-animation-grow attachment-full size-full wp-image-4451\" alt=\"\" srcset=\"https:\/\/timbrehotels.com\/wp-content\/uploads\/2024\/11\/heroismologo.png 634w, https:\/\/timbrehotels.com\/wp-content\/uploads\/2024\/11\/heroismologo-300x112.png 300w\" sizes=\"(max-width: 634px) 100vw, 634px\" \/>\t\t\t\t\t\t\t\t<\/a>\n\t\t\t\t\t\t\t\t\t\t\t\t\t\t\t<\/div>\n\t\t\t\t\t<\/div>\n\t\t<\/div>\n\t\t\t\t<div class=\"elementor-column elementor-col-33 elementor-inner-column elementor-element elementor-element-c425602\" data-id=\"c425602\" data-element_type=\"column\" data-e-type=\"column\">\n\t\t\t<div class=\"elementor-widget-wrap elementor-element-populated\">\n\t\t\t\t\t\t<div class=\"elementor-element elementor-element-32590d8 elementor-widget elementor-widget-image\" data-id=\"32590d8\" data-element_type=\"widget\" data-e-type=\"widget\" data-widget_type=\"image.default\">\n\t\t\t\t\t\t\t\t\t\t\t\t\t\t\t<img loading=\"lazy\" decoding=\"async\" width=\"1920\" height=\"1280\" src=\"https:\/\/timbrehotels.com\/wp-content\/uploads\/2024\/11\/boavista-1.png\" class=\"attachment-full size-full wp-image-4442\" alt=\"\" srcset=\"https:\/\/timbrehotels.com\/wp-content\/uploads\/2024\/11\/boavista-1.png 1920w, https:\/\/timbrehotels.com\/wp-content\/uploads\/2024\/11\/boavista-1-300x200.png 300w, https:\/\/timbrehotels.com\/wp-content\/uploads\/2024\/11\/boavista-1-1024x683.png 1024w, https:\/\/timbrehotels.com\/wp-content\/uploads\/2024\/11\/boavista-1-768x512.png 768w, https:\/\/timbrehotels.com\/wp-content\/uploads\/2024\/11\/boavista-1-1536x1024.png 1536w\" sizes=\"(max-width: 1920px) 100vw, 1920px\" \/>\t\t\t\t\t\t\t\t\t\t\t\t\t\t\t<\/div>\n\t\t\t\t<div class=\"elementor-element elementor-element-3047fe2 elementor-widget elementor-widget-image\" data-id=\"3047fe2\" data-element_type=\"widget\" data-e-type=\"widget\" data-widget_type=\"image.default\">\n\t\t\t\t\t\t\t\t\t\t\t\t\t\t\t\t<a href=\"https:\/\/timbrehotels.com\/virtudes\/faqs\" target=\"_blank\">\n\t\t\t\t\t\t\t<img loading=\"lazy\" decoding=\"async\" width=\"296\" height=\"114\" src=\"https:\/\/timbrehotels.com\/wp-content\/uploads\/2024\/11\/boavista.png\" class=\"elementor-animation-grow attachment-full size-full wp-image-1243\" alt=\"\" \/>\t\t\t\t\t\t\t\t<\/a>\n\t\t\t\t\t\t\t\t\t\t\t\t\t\t\t<\/div>\n\t\t\t\t\t<\/div>\n\t\t<\/div>\n\t\t\t\t\t<\/div>\n\t\t<\/section>\n\t\t\t\t\t<\/div>\n\t\t<\/div>\n\t\t\t\t\t<\/div>\n\t\t<\/section>\n\t\t\t\t<section class=\"elementor-section elementor-top-section elementor-element elementor-element-ea1f970 elementor-section-boxed elementor-section-height-default elementor-section-height-default\" data-id=\"ea1f970\" data-element_type=\"section\" data-e-type=\"section\" data-settings=\"{&quot;background_background&quot;:&quot;classic&quot;}\">\n\t\t\t\t\t\t<div class=\"elementor-container elementor-column-gap-default\">\n\t\t\t\t\t<div class=\"elementor-column elementor-col-100 elementor-top-column elementor-element elementor-element-f4b902b\" data-id=\"f4b902b\" data-element_type=\"column\" data-e-type=\"column\">\n\t\t\t<div class=\"elementor-widget-wrap elementor-element-populated\">\n\t\t\t\t\t\t<section class=\"elementor-section elementor-inner-section elementor-element elementor-element-6d242ce elementor-section-full_width elementor-section-height-default elementor-section-height-default\" data-id=\"6d242ce\" data-element_type=\"section\" data-e-type=\"section\">\n\t\t\t\t\t\t<div class=\"elementor-container elementor-column-gap-no\">\n\t\t\t\t\t<div class=\"elementor-column elementor-col-50 elementor-inner-column elementor-element elementor-element-3a57014\" data-id=\"3a57014\" data-element_type=\"column\" data-e-type=\"column\">\n\t\t\t<div class=\"elementor-widget-wrap elementor-element-populated\">\n\t\t\t\t\t\t<div class=\"elementor-element elementor-element-4010f62 elementor-widget elementor-widget-heading\" data-id=\"4010f62\" data-element_type=\"widget\" data-e-type=\"widget\" data-widget_type=\"heading.default\">\n\t\t\t\t\t<h2 class=\"elementor-heading-title elementor-size-default\">VENEZ PARLER<br>AVEC NOUS<\/h2>\t\t\t\t<\/div>\n\t\t\t\t<div class=\"elementor-element elementor-element-99fc91c contacts2 elementor-widget elementor-widget-text-editor\" data-id=\"99fc91c\" data-element_type=\"widget\" data-e-type=\"widget\" data-widget_type=\"text-editor.default\">\n\t\t\t\t\t\t\t\t\t<p><a href=\"https:\/\/g.co\/kgs\/9N9L1na\" target=\"_blank\" rel=\"noopener\">Rua do Arquitecto Cassiano Barbosa 44 E9<\/a><br \/>Porto, Portugal<\/p>\n<p><a href=\"tel:+351226105430\">+351 226 105 430<\/a><br \/><a href=\"mailto:info@timbrehotels.com\">info@timbrehotels.com<\/a><\/p>\n\t\t\t\t\t\t\t\t<\/div>\n\t\t\t\t\t<\/div>\n\t\t<\/div>\n\t\t\t\t<div class=\"elementor-column elementor-col-50 elementor-inner-column elementor-element elementor-element-b2417cd\" data-id=\"b2417cd\" data-element_type=\"column\" data-e-type=\"column\">\n\t\t\t<div class=\"elementor-widget-wrap elementor-element-populated\">\n\t\t\t\t\t\t<div class=\"elementor-element elementor-element-e64c439 elementor-widget elementor-widget-elementskit-contact-form7\" data-id=\"e64c439\" data-element_type=\"widget\" data-e-type=\"widget\" data-widget_type=\"elementskit-contact-form7.default\">\n\t\t\t\t\t<div class=\"ekit-wid-con\" ><div class=\"ekit-form\">\n<div class=\"wpcf7 no-js\" id=\"wpcf7-f4641-p4450-o1\" lang=\"fr-FR\" dir=\"ltr\" data-wpcf7-id=\"4641\">\n<div class=\"screen-reader-response\"><p role=\"status\" aria-live=\"polite\" aria-atomic=\"true\"><\/p> <ul><\/ul><\/div>\n<form action=\"\/fr\/faqs\/#wpcf7-f4641-p4450-o1\" method=\"post\" class=\"wpcf7-form init\" aria-label=\"Formulaire de contact\" novalidate=\"novalidate\" data-status=\"init\">\n<fieldset class=\"hidden-fields-container\"><input type=\"hidden\" name=\"_wpcf7\" value=\"4641\" \/><input type=\"hidden\" name=\"_wpcf7_version\" value=\"6.1.5\" \/><input type=\"hidden\" name=\"_wpcf7_locale\" value=\"fr_FR\" \/><input type=\"hidden\" name=\"_wpcf7_unit_tag\" value=\"wpcf7-f4641-p4450-o1\" \/><input type=\"hidden\" name=\"_wpcf7_container_post\" value=\"4450\" \/><input type=\"hidden\" name=\"_wpcf7_posted_data_hash\" value=\"\" \/><input type=\"hidden\" name=\"_uacf7_hidden_conditional_fields\" value=\"\" \/><input type=\"hidden\" name=\"_wpcf7_recaptcha_response\" value=\"\" \/>\n<\/fieldset>\n<div class=\"uacf7-form-wrapper-container uacf7-form-4641  \"><div style=\"display: flex\">\n<div style=\"width: 50%; border: 2px solid #6F878C !important; padding: 3px; margin-bottom: 32px\"><span class=\"wpcf7-form-control-wrap\" data-name=\"your-name\"><input size=\"40\" maxlength=\"400\" class=\"wpcf7-form-control wpcf7-text wpcf7-validates-as-required\" aria-required=\"true\" aria-invalid=\"false\" placeholder=\"Pr\u00e9nom\" value=\"\" type=\"text\" name=\"your-name\" \/><\/span><\/div>\n<div style=\"width: 50%; margin-left: 5%; border: 2px solid #6F878C !important; padding: 3px; margin-bottom: 32px\"><span class=\"wpcf7-form-control-wrap\" data-name=\"your-surname\"><input size=\"40\" maxlength=\"400\" class=\"wpcf7-form-control wpcf7-text wpcf7-validates-as-required\" aria-required=\"true\" aria-invalid=\"false\" placeholder=\"Nom de famille\" value=\"\" type=\"text\" name=\"your-surname\" \/><\/span><\/div>\n<\/div>\n\n<div style=\"display: flex\">\n<div style=\"width: 50%; border: 2px solid #6F878C !important; padding: 3px; margin-bottom: 32px\"><span class=\"wpcf7-form-control-wrap\" data-name=\"your-email\"><input size=\"40\" maxlength=\"400\" class=\"wpcf7-form-control wpcf7-email wpcf7-validates-as-required wpcf7-text wpcf7-validates-as-email\" aria-required=\"true\" aria-invalid=\"false\" placeholder=\"Courriel\" value=\"\" type=\"email\" name=\"your-email\" \/><\/span><\/div>\n<div style=\"width: 50%; margin-left: 5%; border: 2px solid #6F878C !important; padding: 3px; margin-bottom: 32px\"><span class=\"wpcf7-form-control-wrap\" data-name=\"your-phone\"><input size=\"40\" maxlength=\"400\" class=\"wpcf7-form-control wpcf7-tel wpcf7-validates-as-required wpcf7-text wpcf7-validates-as-tel\" aria-required=\"true\" aria-invalid=\"false\" placeholder=\"Num\u00e9ro de t\u00e9l\u00e9phone\" value=\"\" type=\"tel\" name=\"your-phone\" \/><\/span><\/div>\n<\/div>\n\n<div style=\"border: 2px solid #6F878C !important; padding: 3px; margin-bottom: 32px\"><span class=\"wpcf7-form-control-wrap\" data-name=\"your-subject\"><input size=\"40\" maxlength=\"400\" class=\"wpcf7-form-control wpcf7-text\" aria-invalid=\"false\" placeholder=\"Sujet\" value=\"\" type=\"text\" name=\"your-subject\" \/><\/span><\/div>\n\n<div style=\"border: 2px solid #6F878C !important; padding: 3px; margin-bottom: 32px\"><span class=\"wpcf7-form-control-wrap\" data-name=\"menu-317\"><select class=\"wpcf7-form-control wpcf7-select\" aria-invalid=\"false\" name=\"menu-317\"><option value=\"S\u00e9lectionnez une option...\">S\u00e9lectionnez une option...<\/option><option value=\"Offres d&#039;emploi\">Offres d&#039;emploi<\/option><option value=\"D\u00e9veloppement de l&#039;h\u00f4tel\">D\u00e9veloppement de l&#039;h\u00f4tel<\/option><option value=\"G\u00e9rer les r\u00e9servations\">G\u00e9rer les r\u00e9servations<\/option><option value=\"Demande de presse\">Demande de presse<\/option><option value=\"Autres...\">Autres...<\/option><\/select><\/span><\/div>\n\n<div style=\"border: 2px solid #6F878C !important; padding: 3px; margin-bottom: 32px\"><span class=\"wpcf7-form-control-wrap\" data-name=\"your-message\"><textarea cols=\"40\" rows=\"10\" maxlength=\"2000\" class=\"wpcf7-form-control wpcf7-textarea\" aria-invalid=\"false\" placeholder=\"\u00c9crivez-nous quelque chose...\" name=\"your-message\"><\/textarea><\/span><\/div>\n\n\n\n<button type=\"submit\" class=\"custom-submit\">  Envoyer un message<img decoding=\"async\" src=\"https:\/\/timbrehotels.com\/wp-content\/uploads\/2024\/11\/seta_vermelha.png\" alt=\"Ic\u00f4ne\">\n<\/button><\/div><div class=\"wpcf7-response-output\" aria-hidden=\"true\"><\/div>\n<\/form>\n<\/div>\n<\/div><\/div>\t\t\t\t<\/div>\n\t\t\t\t\t<\/div>\n\t\t<\/div>\n\t\t\t\t\t<\/div>\n\t\t<\/section>\n\t\t\t\t\t<\/div>\n\t\t<\/div>\n\t\t\t\t\t<\/div>\n\t\t<\/section>\n\t\t\t\t<\/div>\n\t\t","protected":false},"excerpt":{"rendered":"<p>FAQs VENEZ PARLERAVEC NOUS Rua do Arquitecto Cassiano Barbosa 44 E9Porto, Portugal +351 226 105 430info@timbrehotels.com Select an option&#8230;JobsHotel developmentManage reservationsPress enquiriesOther&#8230; Send Message<\/p>\n","protected":false},"author":2,"featured_media":0,"parent":0,"menu_order":0,"comment_status":"closed","ping_status":"closed","template":"elementor_header_footer","meta":{"_sitemap_exclude":false,"_sitemap_priority":"","_sitemap_frequency":"","footnotes":""},"class_list":["post-4450","page","type-page","status-publish","hentry"],"_links":{"self":[{"href":"https:\/\/timbrehotels.com\/fr\/wp-json\/wp\/v2\/pages\/4450","targetHints":{"allow":["GET"]}}],"collection":[{"href":"https:\/\/timbrehotels.com\/fr\/wp-json\/wp\/v2\/pages"}],"about":[{"href":"https:\/\/timbrehotels.com\/fr\/wp-json\/wp\/v2\/types\/page"}],"author":[{"embeddable":true,"href":"https:\/\/timbrehotels.com\/fr\/wp-json\/wp\/v2\/users\/2"}],"replies":[{"embeddable":true,"href":"https:\/\/timbrehotels.com\/fr\/wp-json\/wp\/v2\/comments?post=4450"}],"version-history":[{"count":0,"href":"https:\/\/timbrehotels.com\/fr\/wp-json\/wp\/v2\/pages\/4450\/revisions"}],"wp:attachment":[{"href":"https:\/\/timbrehotels.com\/fr\/wp-json\/wp\/v2\/media?parent=4450"}],"curies":[{"name":"wp","href":"https:\/\/api.w.org\/{rel}","templated":true}]}}