{"id":4459,"date":"2024-07-31T15:32:02","date_gmt":"2024-07-31T15:32:02","guid":{"rendered":"https:\/\/timbrehotels.com\/restaurants-bars\/"},"modified":"2025-07-26T17:30:12","modified_gmt":"2025-07-26T17:30:12","slug":"restaurants-bars","status":"publish","type":"page","link":"https:\/\/timbrehotels.com\/fr\/restaurants-bars\/","title":{"rendered":"Restaurants &amp; Bars"},"content":{"rendered":"\t\t<div data-elementor-type=\"wp-page\" data-elementor-id=\"4459\" class=\"elementor elementor-4459 elementor-195\" data-elementor-post-type=\"page\">\n\t\t\t\t\t\t<section class=\"elementor-section elementor-top-section elementor-element elementor-element-b2fc697 elementor-section-height-full elementor-section-items-bottom elementor-section-boxed elementor-section-height-default\" data-id=\"b2fc697\" data-element_type=\"section\" data-e-type=\"section\" data-settings=\"{&quot;background_background&quot;:&quot;classic&quot;}\">\n\t\t\t\t\t\t\t<div class=\"elementor-background-overlay\"><\/div>\n\t\t\t\t\t\t\t<div class=\"elementor-container elementor-column-gap-default\">\n\t\t\t\t\t<div class=\"elementor-column elementor-col-50 elementor-top-column elementor-element elementor-element-d9a2f59\" data-id=\"d9a2f59\" data-element_type=\"column\" data-e-type=\"column\">\n\t\t\t<div class=\"elementor-widget-wrap elementor-element-populated\">\n\t\t\t\t\t\t<div class=\"elementor-element elementor-element-88b3e5c elementor-widget elementor-widget-heading\" data-id=\"88b3e5c\" data-element_type=\"widget\" data-e-type=\"widget\" data-widget_type=\"heading.default\">\n\t\t\t\t\t<h2 class=\"elementor-heading-title elementor-size-default\">RESTAURANTS &amp; BARS<\/h2>\t\t\t\t<\/div>\n\t\t\t\t<div class=\"elementor-element elementor-element-aa68fdf elementor-widget elementor-widget-text-editor\" data-id=\"aa68fdf\" data-element_type=\"widget\" data-e-type=\"widget\" data-widget_type=\"text-editor.default\">\n\t\t\t\t\t\t\t\t\t<p>Les h\u00f4tels Timbre proposent une exp\u00e9rience gastronomique unique, o\u00f9 saveurs, modernit\u00e9 et tradition se rencontrent. Avec des options dans des espaces distincts, des menus cr\u00e9atifs aux moments pass\u00e9s sur le rooftop avec des vues imprenables, chaque repas est une occasion de cr\u00e9er des souvenirs inoubliables au c\u0153ur de Porto.<\/p><div id=\"inspect-element-top-layer\" style=\"pointer-events: none; border: unset; padding: 0px;\" data-inspect-element=\"inspectElement\">\u00a0<\/div>\t\t\t\t\t\t\t\t<\/div>\n\t\t\t\t\t<\/div>\n\t\t<\/div>\n\t\t\t\t<div class=\"elementor-column elementor-col-50 elementor-top-column elementor-element elementor-element-5fcac2f\" data-id=\"5fcac2f\" data-element_type=\"column\" data-e-type=\"column\">\n\t\t\t<div class=\"elementor-widget-wrap\">\n\t\t\t\t\t\t\t<\/div>\n\t\t<\/div>\n\t\t\t\t\t<\/div>\n\t\t<\/section>\n\t\t\t\t<section class=\"elementor-section elementor-top-section elementor-element elementor-element-40e1dd2 elementor-section-boxed elementor-section-height-default elementor-section-height-default\" data-id=\"40e1dd2\" data-element_type=\"section\" data-e-type=\"section\" data-settings=\"{&quot;background_background&quot;:&quot;classic&quot;}\">\n\t\t\t\t\t\t<div class=\"elementor-container elementor-column-gap-default\">\n\t\t\t\t\t<div class=\"elementor-column elementor-col-100 elementor-top-column elementor-element elementor-element-4e1d535\" data-id=\"4e1d535\" data-element_type=\"column\" data-e-type=\"column\">\n\t\t\t<div class=\"elementor-widget-wrap elementor-element-populated\">\n\t\t\t\t\t\t<section class=\"elementor-section elementor-inner-section elementor-element elementor-element-460be75 elementor-section-full_width elementor-section-height-default elementor-section-height-default\" data-id=\"460be75\" data-element_type=\"section\" data-e-type=\"section\">\n\t\t\t\t\t\t<div class=\"elementor-container elementor-column-gap-no\">\n\t\t\t\t\t<div class=\"elementor-column elementor-col-50 elementor-inner-column elementor-element elementor-element-6a5fc6e\" data-id=\"6a5fc6e\" data-element_type=\"column\" data-e-type=\"column\">\n\t\t\t<div class=\"elementor-widget-wrap elementor-element-populated\">\n\t\t\t\t\t\t<div class=\"elementor-element elementor-element-4d19bac elementor-widget elementor-widget-image\" data-id=\"4d19bac\" data-element_type=\"widget\" data-e-type=\"widget\" data-widget_type=\"image.default\">\n\t\t\t\t\t\t\t\t\t\t\t\t\t\t\t<img fetchpriority=\"high\" decoding=\"async\" width=\"1262\" height=\"1564\" src=\"https:\/\/timbrehotels.com\/wp-content\/uploads\/2024\/07\/Timbre_website_12_Julho_2024-38.webp\" class=\"attachment-full size-full wp-image-4466\" alt=\"\" srcset=\"https:\/\/timbrehotels.com\/wp-content\/uploads\/2024\/07\/Timbre_website_12_Julho_2024-38.webp 1262w, https:\/\/timbrehotels.com\/wp-content\/uploads\/2024\/07\/Timbre_website_12_Julho_2024-38-242x300.webp 242w, https:\/\/timbrehotels.com\/wp-content\/uploads\/2024\/07\/Timbre_website_12_Julho_2024-38-826x1024.webp 826w, https:\/\/timbrehotels.com\/wp-content\/uploads\/2024\/07\/Timbre_website_12_Julho_2024-38-768x952.webp 768w, https:\/\/timbrehotels.com\/wp-content\/uploads\/2024\/07\/Timbre_website_12_Julho_2024-38-1239x1536.webp 1239w, https:\/\/timbrehotels.com\/wp-content\/uploads\/2024\/07\/Timbre_website_12_Julho_2024-38-1000x1239.webp 1000w, https:\/\/timbrehotels.com\/wp-content\/uploads\/2024\/07\/Timbre_website_12_Julho_2024-38-230x285.webp 230w, https:\/\/timbrehotels.com\/wp-content\/uploads\/2024\/07\/Timbre_website_12_Julho_2024-38-350x434.webp 350w, https:\/\/timbrehotels.com\/wp-content\/uploads\/2024\/07\/Timbre_website_12_Julho_2024-38-480x595.webp 480w\" sizes=\"(max-width: 1262px) 100vw, 1262px\" \/>\t\t\t\t\t\t\t\t\t\t\t\t\t\t\t<\/div>\n\t\t\t\t\t<\/div>\n\t\t<\/div>\n\t\t\t\t<div class=\"elementor-column elementor-col-50 elementor-inner-column elementor-element elementor-element-5ad8b6f\" data-id=\"5ad8b6f\" data-element_type=\"column\" data-e-type=\"column\">\n\t\t\t<div class=\"elementor-widget-wrap elementor-element-populated\">\n\t\t\t\t\t\t<div class=\"elementor-element elementor-element-1d8e528 elementor-widget elementor-widget-image\" data-id=\"1d8e528\" data-element_type=\"widget\" data-e-type=\"widget\" data-widget_type=\"image.default\">\n\t\t\t\t\t\t\t\t\t\t\t\t\t\t\t<img decoding=\"async\" width=\"296\" height=\"114\" src=\"https:\/\/timbrehotels.com\/wp-content\/uploads\/2024\/09\/traves2.png\" class=\"attachment-full size-full wp-image-4484\" alt=\"\" \/>\t\t\t\t\t\t\t\t\t\t\t\t\t\t\t<\/div>\n\t\t\t\t<div class=\"elementor-element elementor-element-6d05fde elementor-widget elementor-widget-text-editor\" data-id=\"6d05fde\" data-element_type=\"widget\" data-e-type=\"widget\" data-widget_type=\"text-editor.default\">\n\t\t\t\t\t\t\t\t\t<div class=\"elementor-element elementor-element-7a4bea6 elementor-widget elementor-widget-text-editor\" data-id=\"7a4bea6\" data-element_type=\"widget\" data-widget_type=\"text-editor.default\">\n<div class=\"elementor-widget-container\">\n<h2>Plus qu\u2019une exp\u00e9rience gastronomique\u2026<\/h2>\n<\/div>\n<\/div>\n<div class=\"elementor-element elementor-element-7a87f4c elementor-widget elementor-widget-text-editor\" data-id=\"7a87f4c\" data-element_type=\"widget\" data-widget_type=\"text-editor.default\">\n<div class=\"elementor-widget-container\">\n<p>Une c\u00e9l\u00e9bration des meilleurs ingr\u00e9dients portugais, savamment \u00e9labor\u00e9s avec la pr\u00e9cision de la haute cuisine internationale \u2013 telle est l\u2019essence de Trav\u00e9s. D\u00e9couvrez un menu con\u00e7u pour une exp\u00e9rience culinaire vraiment exceptionnelle. <\/p>\n<\/div>\n<\/div>\n\t\t\t\t\t\t\t\t<\/div>\n\t\t\t\t<div class=\"elementor-element elementor-element-f908434 elementor-widget__width-initial elementor-widget elementor-widget-heading\" data-id=\"f908434\" data-element_type=\"widget\" data-e-type=\"widget\" data-widget_type=\"heading.default\">\n\t\t\t\t\t<h2 class=\"elementor-heading-title elementor-size-default\"><a href=\"https:\/\/timbrehotels.com\/virtudes\/culinary\/traves\/\" target=\"_blank\">Plus d'informations<\/a><\/h2>\t\t\t\t<\/div>\n\t\t\t\t<div class=\"elementor-element elementor-element-c6ea931 elementor-widget__width-initial e-transform elementor-widget elementor-widget-image\" data-id=\"c6ea931\" data-element_type=\"widget\" data-e-type=\"widget\" data-settings=\"{&quot;_transform_translateX_effect_hover&quot;:{&quot;unit&quot;:&quot;px&quot;,&quot;size&quot;:24,&quot;sizes&quot;:[]},&quot;_transform_translateX_effect_hover_tablet&quot;:{&quot;unit&quot;:&quot;px&quot;,&quot;size&quot;:&quot;&quot;,&quot;sizes&quot;:[]},&quot;_transform_translateX_effect_hover_mobile&quot;:{&quot;unit&quot;:&quot;px&quot;,&quot;size&quot;:&quot;&quot;,&quot;sizes&quot;:[]},&quot;_transform_translateY_effect_hover&quot;:{&quot;unit&quot;:&quot;px&quot;,&quot;size&quot;:&quot;&quot;,&quot;sizes&quot;:[]},&quot;_transform_translateY_effect_hover_tablet&quot;:{&quot;unit&quot;:&quot;px&quot;,&quot;size&quot;:&quot;&quot;,&quot;sizes&quot;:[]},&quot;_transform_translateY_effect_hover_mobile&quot;:{&quot;unit&quot;:&quot;px&quot;,&quot;size&quot;:&quot;&quot;,&quot;sizes&quot;:[]}}\" data-widget_type=\"image.default\">\n\t\t\t\t\t\t\t\t\t\t\t\t\t\t\t\t<a href=\"https:\/\/timbrehotels.com\/virtudes\/culinary\/traves\/\" target=\"_blank\">\n\t\t\t\t\t\t\t<img decoding=\"async\" width=\"165\" height=\"102\" src=\"https:\/\/timbrehotels.com\/wp-content\/uploads\/2024\/08\/seta_vermelha.png\" class=\"attachment-full size-full wp-image-4441\" alt=\"\" \/>\t\t\t\t\t\t\t\t<\/a>\n\t\t\t\t\t\t\t\t\t\t\t\t\t\t\t<\/div>\n\t\t\t\t\t<\/div>\n\t\t<\/div>\n\t\t\t\t\t<\/div>\n\t\t<\/section>\n\t\t\t\t<section class=\"elementor-section elementor-inner-section elementor-element elementor-element-c72f481 elementor-section-full_width elementor-reverse-mobile elementor-reverse-tablet elementor-section-height-default elementor-section-height-default\" data-id=\"c72f481\" data-element_type=\"section\" data-e-type=\"section\">\n\t\t\t\t\t\t<div class=\"elementor-container elementor-column-gap-no\">\n\t\t\t\t\t<div class=\"elementor-column elementor-col-50 elementor-inner-column elementor-element elementor-element-9e6a4af\" data-id=\"9e6a4af\" data-element_type=\"column\" data-e-type=\"column\">\n\t\t\t<div class=\"elementor-widget-wrap elementor-element-populated\">\n\t\t\t\t\t\t<div class=\"elementor-element elementor-element-3f70421 elementor-widget elementor-widget-image\" data-id=\"3f70421\" data-element_type=\"widget\" data-e-type=\"widget\" data-widget_type=\"image.default\">\n\t\t\t\t\t\t\t\t\t\t\t\t\t\t\t<img loading=\"lazy\" decoding=\"async\" width=\"296\" height=\"114\" src=\"https:\/\/timbrehotels.com\/wp-content\/uploads\/2024\/09\/amura1.png\" class=\"attachment-full size-full wp-image-4485\" alt=\"\" \/>\t\t\t\t\t\t\t\t\t\t\t\t\t\t\t<\/div>\n\t\t\t\t<div class=\"elementor-element elementor-element-848eec4 elementor-widget elementor-widget-text-editor\" data-id=\"848eec4\" data-element_type=\"widget\" data-e-type=\"widget\" data-widget_type=\"text-editor.default\">\n\t\t\t\t\t\t\t\t\t<h2 class=\"elementor-heading-title elementor-size-default\">Profitez de deux environnements diff\u00e9rents adapt\u00e9s \u00e0 toutes les occasions.<\/h2>\n<p>Choisissez le luxe et l&rsquo;opulence de notre bar ou la spontan\u00e9it\u00e9 et le design organique de l&rsquo;Amura Rooftop.<\/p>\n\t\t\t\t\t\t\t\t<\/div>\n\t\t\t\t<div class=\"elementor-element elementor-element-9d1efe4 elementor-widget__width-initial elementor-widget elementor-widget-heading\" data-id=\"9d1efe4\" data-element_type=\"widget\" data-e-type=\"widget\" data-widget_type=\"heading.default\">\n\t\t\t\t\t<h2 class=\"elementor-heading-title elementor-size-default\"><a href=\"https:\/\/timbrehotels.com\/virtudes\/culinary\/amura\/\" target=\"_blank\">Plus d'informations<\/a><\/h2>\t\t\t\t<\/div>\n\t\t\t\t<div class=\"elementor-element elementor-element-7adaad2 elementor-widget__width-initial e-transform elementor-widget elementor-widget-image\" data-id=\"7adaad2\" data-element_type=\"widget\" data-e-type=\"widget\" data-settings=\"{&quot;_transform_translateX_effect_hover&quot;:{&quot;unit&quot;:&quot;px&quot;,&quot;size&quot;:24,&quot;sizes&quot;:[]},&quot;_transform_translateX_effect_hover_tablet&quot;:{&quot;unit&quot;:&quot;px&quot;,&quot;size&quot;:&quot;&quot;,&quot;sizes&quot;:[]},&quot;_transform_translateX_effect_hover_mobile&quot;:{&quot;unit&quot;:&quot;px&quot;,&quot;size&quot;:&quot;&quot;,&quot;sizes&quot;:[]},&quot;_transform_translateY_effect_hover&quot;:{&quot;unit&quot;:&quot;px&quot;,&quot;size&quot;:&quot;&quot;,&quot;sizes&quot;:[]},&quot;_transform_translateY_effect_hover_tablet&quot;:{&quot;unit&quot;:&quot;px&quot;,&quot;size&quot;:&quot;&quot;,&quot;sizes&quot;:[]},&quot;_transform_translateY_effect_hover_mobile&quot;:{&quot;unit&quot;:&quot;px&quot;,&quot;size&quot;:&quot;&quot;,&quot;sizes&quot;:[]}}\" data-widget_type=\"image.default\">\n\t\t\t\t\t\t\t\t\t\t\t\t\t\t\t\t<a href=\"https:\/\/timbrehotels.com\/virtudes\/culinary\/amura\/\" target=\"_blank\">\n\t\t\t\t\t\t\t<img decoding=\"async\" width=\"165\" height=\"102\" src=\"https:\/\/timbrehotels.com\/wp-content\/uploads\/2024\/08\/seta_vermelha.png\" class=\"attachment-full size-full wp-image-4441\" alt=\"\" \/>\t\t\t\t\t\t\t\t<\/a>\n\t\t\t\t\t\t\t\t\t\t\t\t\t\t\t<\/div>\n\t\t\t\t\t<\/div>\n\t\t<\/div>\n\t\t\t\t<div class=\"elementor-column elementor-col-50 elementor-inner-column elementor-element elementor-element-4b8d4e4\" data-id=\"4b8d4e4\" data-element_type=\"column\" data-e-type=\"column\">\n\t\t\t<div class=\"elementor-widget-wrap elementor-element-populated\">\n\t\t\t\t\t\t<div class=\"elementor-element elementor-element-a88d164 elementor-widget elementor-widget-image\" data-id=\"a88d164\" data-element_type=\"widget\" data-e-type=\"widget\" data-widget_type=\"image.default\">\n\t\t\t\t\t\t\t\t\t\t\t\t\t\t\t<img loading=\"lazy\" decoding=\"async\" width=\"1185\" height=\"1195\" src=\"https:\/\/timbrehotels.com\/wp-content\/uploads\/2024\/07\/Timbre_website_12_Julho_2024-40.webp\" class=\"attachment-full size-full wp-image-4467\" alt=\"\" srcset=\"https:\/\/timbrehotels.com\/wp-content\/uploads\/2024\/07\/Timbre_website_12_Julho_2024-40.webp 1185w, https:\/\/timbrehotels.com\/wp-content\/uploads\/2024\/07\/Timbre_website_12_Julho_2024-40-297x300.webp 297w, https:\/\/timbrehotels.com\/wp-content\/uploads\/2024\/07\/Timbre_website_12_Julho_2024-40-1015x1024.webp 1015w, https:\/\/timbrehotels.com\/wp-content\/uploads\/2024\/07\/Timbre_website_12_Julho_2024-40-150x150.webp 150w, https:\/\/timbrehotels.com\/wp-content\/uploads\/2024\/07\/Timbre_website_12_Julho_2024-40-768x774.webp 768w, https:\/\/timbrehotels.com\/wp-content\/uploads\/2024\/07\/Timbre_website_12_Julho_2024-40-1000x1008.webp 1000w, https:\/\/timbrehotels.com\/wp-content\/uploads\/2024\/07\/Timbre_website_12_Julho_2024-40-230x232.webp 230w, https:\/\/timbrehotels.com\/wp-content\/uploads\/2024\/07\/Timbre_website_12_Julho_2024-40-350x353.webp 350w, https:\/\/timbrehotels.com\/wp-content\/uploads\/2024\/07\/Timbre_website_12_Julho_2024-40-480x484.webp 480w\" sizes=\"(max-width: 1185px) 100vw, 1185px\" \/>\t\t\t\t\t\t\t\t\t\t\t\t\t\t\t<\/div>\n\t\t\t\t\t<\/div>\n\t\t<\/div>\n\t\t\t\t\t<\/div>\n\t\t<\/section>\n\t\t\t\t\t<\/div>\n\t\t<\/div>\n\t\t\t\t\t<\/div>\n\t\t<\/section>\n\t\t\t\t<section class=\"elementor-section elementor-top-section elementor-element elementor-element-8734572 elementor-section-boxed elementor-section-height-default elementor-section-height-default\" data-id=\"8734572\" data-element_type=\"section\" data-e-type=\"section\" data-settings=\"{&quot;background_background&quot;:&quot;classic&quot;}\">\n\t\t\t\t\t\t<div class=\"elementor-container elementor-column-gap-default\">\n\t\t\t\t\t<div class=\"elementor-column elementor-col-100 elementor-top-column elementor-element elementor-element-6b71b5d\" data-id=\"6b71b5d\" data-element_type=\"column\" data-e-type=\"column\">\n\t\t\t<div class=\"elementor-widget-wrap elementor-element-populated\">\n\t\t\t\t\t\t<div class=\"elementor-element elementor-element-f62d901 elementor-widget elementor-widget-image\" data-id=\"f62d901\" data-element_type=\"widget\" data-e-type=\"widget\" data-widget_type=\"image.default\">\n\t\t\t\t\t\t\t\t\t\t\t\t\t\t\t<img loading=\"lazy\" decoding=\"async\" width=\"1259\" height=\"1036\" src=\"https:\/\/timbrehotels.com\/wp-content\/uploads\/2024\/07\/Timbre_website_12_Julho_2024-41.webp\" class=\"attachment-full size-full wp-image-4468\" alt=\"\" srcset=\"https:\/\/timbrehotels.com\/wp-content\/uploads\/2024\/07\/Timbre_website_12_Julho_2024-41.webp 1259w, https:\/\/timbrehotels.com\/wp-content\/uploads\/2024\/07\/Timbre_website_12_Julho_2024-41-300x247.webp 300w, https:\/\/timbrehotels.com\/wp-content\/uploads\/2024\/07\/Timbre_website_12_Julho_2024-41-1024x843.webp 1024w, https:\/\/timbrehotels.com\/wp-content\/uploads\/2024\/07\/Timbre_website_12_Julho_2024-41-768x632.webp 768w, https:\/\/timbrehotels.com\/wp-content\/uploads\/2024\/07\/Timbre_website_12_Julho_2024-41-1000x823.webp 1000w, https:\/\/timbrehotels.com\/wp-content\/uploads\/2024\/07\/Timbre_website_12_Julho_2024-41-230x189.webp 230w, https:\/\/timbrehotels.com\/wp-content\/uploads\/2024\/07\/Timbre_website_12_Julho_2024-41-350x288.webp 350w, https:\/\/timbrehotels.com\/wp-content\/uploads\/2024\/07\/Timbre_website_12_Julho_2024-41-480x395.webp 480w\" sizes=\"(max-width: 1259px) 100vw, 1259px\" \/>\t\t\t\t\t\t\t\t\t\t\t\t\t\t\t<\/div>\n\t\t\t\t<div class=\"elementor-element elementor-element-9d4a00d elementor-widget elementor-widget-heading\" data-id=\"9d4a00d\" data-element_type=\"widget\" data-e-type=\"widget\" data-widget_type=\"heading.default\">\n\t\t\t\t\t<h2 class=\"elementor-heading-title elementor-size-default\">Amura Bar &amp; Rooftop vue sur la ville <\/h2>\t\t\t\t<\/div>\n\t\t\t\t\t<\/div>\n\t\t<\/div>\n\t\t\t\t\t<\/div>\n\t\t<\/section>\n\t\t\t\t<section class=\"elementor-section elementor-top-section elementor-element elementor-element-42a91d8 elementor-section-boxed elementor-section-height-default elementor-section-height-default\" data-id=\"42a91d8\" data-element_type=\"section\" data-e-type=\"section\" data-settings=\"{&quot;background_background&quot;:&quot;classic&quot;}\">\n\t\t\t\t\t\t<div class=\"elementor-container elementor-column-gap-default\">\n\t\t\t\t\t<div class=\"elementor-column elementor-col-100 elementor-top-column elementor-element elementor-element-55b4bc5\" data-id=\"55b4bc5\" data-element_type=\"column\" data-e-type=\"column\">\n\t\t\t<div class=\"elementor-widget-wrap elementor-element-populated\">\n\t\t\t\t\t\t<section class=\"elementor-section elementor-inner-section elementor-element elementor-element-32ce244 elementor-section-full_width elementor-section-height-default elementor-section-height-default\" data-id=\"32ce244\" data-element_type=\"section\" data-e-type=\"section\">\n\t\t\t\t\t\t<div class=\"elementor-container elementor-column-gap-no\">\n\t\t\t\t\t<div class=\"elementor-column elementor-col-50 elementor-inner-column elementor-element elementor-element-adf16b9\" data-id=\"adf16b9\" data-element_type=\"column\" data-e-type=\"column\">\n\t\t\t<div class=\"elementor-widget-wrap elementor-element-populated\">\n\t\t\t\t\t\t<div class=\"elementor-element elementor-element-4334b9b elementor-widget elementor-widget-image\" data-id=\"4334b9b\" data-element_type=\"widget\" data-e-type=\"widget\" data-widget_type=\"image.default\">\n\t\t\t\t\t\t\t\t\t\t\t\t\t\t\t<img loading=\"lazy\" decoding=\"async\" width=\"1920\" height=\"1281\" src=\"https:\/\/timbrehotels.com\/wp-content\/uploads\/2024\/11\/salarefeicaoes.webp\" class=\"attachment-full size-full wp-image-4489\" alt=\"\" srcset=\"https:\/\/timbrehotels.com\/wp-content\/uploads\/2024\/11\/salarefeicaoes.webp 1920w, https:\/\/timbrehotels.com\/wp-content\/uploads\/2024\/11\/salarefeicaoes-300x200.webp 300w, https:\/\/timbrehotels.com\/wp-content\/uploads\/2024\/11\/salarefeicaoes-1024x683.webp 1024w, https:\/\/timbrehotels.com\/wp-content\/uploads\/2024\/11\/salarefeicaoes-768x512.webp 768w, https:\/\/timbrehotels.com\/wp-content\/uploads\/2024\/11\/salarefeicaoes-1536x1025.webp 1536w\" sizes=\"(max-width: 1920px) 100vw, 1920px\" \/>\t\t\t\t\t\t\t\t\t\t\t\t\t\t\t<\/div>\n\t\t\t\t\t<\/div>\n\t\t<\/div>\n\t\t\t\t<div class=\"elementor-column elementor-col-50 elementor-inner-column elementor-element elementor-element-cb6fdc4\" data-id=\"cb6fdc4\" data-element_type=\"column\" data-e-type=\"column\">\n\t\t\t<div class=\"elementor-widget-wrap elementor-element-populated\">\n\t\t\t\t\t\t<div class=\"elementor-element elementor-element-58f221a elementor-widget elementor-widget-image\" data-id=\"58f221a\" data-element_type=\"widget\" data-e-type=\"widget\" data-widget_type=\"image.default\">\n\t\t\t\t\t\t\t\t\t\t\t\t\t\t\t<img loading=\"lazy\" decoding=\"async\" width=\"436\" height=\"114\" src=\"https:\/\/timbrehotels.com\/wp-content\/uploads\/2024\/09\/addverso4.png\" class=\"attachment-full size-full wp-image-4486\" alt=\"\" srcset=\"https:\/\/timbrehotels.com\/wp-content\/uploads\/2024\/09\/addverso4.png 436w, https:\/\/timbrehotels.com\/wp-content\/uploads\/2024\/09\/addverso4-300x78.png 300w\" sizes=\"(max-width: 436px) 100vw, 436px\" \/>\t\t\t\t\t\t\t\t\t\t\t\t\t\t\t<\/div>\n\t\t\t\t<div class=\"elementor-element elementor-element-607c45e elementor-widget elementor-widget-text-editor\" data-id=\"607c45e\" data-element_type=\"widget\" data-e-type=\"widget\" data-widget_type=\"text-editor.default\">\n\t\t\t\t\t\t\t\t\t<p>Embarquez pour une aventure culinaire inoubliable \u00e0 Addverso, o\u00f9 les saveurs portugaises exceptionnelles sont rehauss\u00e9es d&rsquo;une touche m\u00e9diterran\u00e9enne moderne. Notre \u00e9quipe talentueuse cr\u00e9e soigneusement chaque plat avec passion, alliant tradition et innovation \u2013 de des plats savoureux aux desserts irr\u00e9sistibles qui raviront vos sens. <\/p>\n\t\t\t\t\t\t\t\t<\/div>\n\t\t\t\t<div class=\"elementor-element elementor-element-9048475 elementor-widget__width-initial elementor-widget elementor-widget-heading\" data-id=\"9048475\" data-element_type=\"widget\" data-e-type=\"widget\" data-widget_type=\"heading.default\">\n\t\t\t\t\t<h2 class=\"elementor-heading-title elementor-size-default\"><a href=\"https:\/\/timbrehotels.com\/heroismo\/culinary\/addverso\/\" target=\"_blank\">Plus d'informations<\/a><\/h2>\t\t\t\t<\/div>\n\t\t\t\t<div class=\"elementor-element elementor-element-ebfb7ed elementor-widget__width-initial e-transform elementor-widget elementor-widget-image\" data-id=\"ebfb7ed\" data-element_type=\"widget\" data-e-type=\"widget\" data-settings=\"{&quot;_transform_translateX_effect_hover&quot;:{&quot;unit&quot;:&quot;px&quot;,&quot;size&quot;:24,&quot;sizes&quot;:[]},&quot;_transform_translateX_effect_hover_tablet&quot;:{&quot;unit&quot;:&quot;px&quot;,&quot;size&quot;:&quot;&quot;,&quot;sizes&quot;:[]},&quot;_transform_translateX_effect_hover_mobile&quot;:{&quot;unit&quot;:&quot;px&quot;,&quot;size&quot;:&quot;&quot;,&quot;sizes&quot;:[]},&quot;_transform_translateY_effect_hover&quot;:{&quot;unit&quot;:&quot;px&quot;,&quot;size&quot;:&quot;&quot;,&quot;sizes&quot;:[]},&quot;_transform_translateY_effect_hover_tablet&quot;:{&quot;unit&quot;:&quot;px&quot;,&quot;size&quot;:&quot;&quot;,&quot;sizes&quot;:[]},&quot;_transform_translateY_effect_hover_mobile&quot;:{&quot;unit&quot;:&quot;px&quot;,&quot;size&quot;:&quot;&quot;,&quot;sizes&quot;:[]}}\" data-widget_type=\"image.default\">\n\t\t\t\t\t\t\t\t\t\t\t\t\t\t\t\t<a href=\"https:\/\/timbrehotels.com\/heroismo\/culinary\/addverso\/\" target=\"_blank\">\n\t\t\t\t\t\t\t<img decoding=\"async\" width=\"165\" height=\"102\" src=\"https:\/\/timbrehotels.com\/wp-content\/uploads\/2024\/08\/seta_vermelha.png\" class=\"attachment-full size-full wp-image-4441\" alt=\"\" \/>\t\t\t\t\t\t\t\t<\/a>\n\t\t\t\t\t\t\t\t\t\t\t\t\t\t\t<\/div>\n\t\t\t\t\t<\/div>\n\t\t<\/div>\n\t\t\t\t\t<\/div>\n\t\t<\/section>\n\t\t\t\t\t<\/div>\n\t\t<\/div>\n\t\t\t\t\t<\/div>\n\t\t<\/section>\n\t\t\t\t<section class=\"elementor-section elementor-top-section elementor-element elementor-element-129a24a elementor-section-boxed elementor-section-height-default elementor-section-height-default\" data-id=\"129a24a\" data-element_type=\"section\" data-e-type=\"section\" data-settings=\"{&quot;background_background&quot;:&quot;classic&quot;}\">\n\t\t\t\t\t\t<div class=\"elementor-container elementor-column-gap-default\">\n\t\t\t\t\t<div class=\"elementor-column elementor-col-100 elementor-top-column elementor-element elementor-element-16dd9e9\" data-id=\"16dd9e9\" data-element_type=\"column\" data-e-type=\"column\">\n\t\t\t<div class=\"elementor-widget-wrap elementor-element-populated\">\n\t\t\t\t\t\t<div class=\"elementor-element elementor-element-be0ec57 elementor-widget elementor-widget-image\" data-id=\"be0ec57\" data-element_type=\"widget\" data-e-type=\"widget\" data-widget_type=\"image.default\">\n\t\t\t\t\t\t\t\t\t\t\t\t\t\t\t<img loading=\"lazy\" decoding=\"async\" width=\"1920\" height=\"1281\" src=\"https:\/\/timbrehotels.com\/wp-content\/uploads\/2024\/11\/125.webp\" class=\"attachment-full size-full wp-image-4447\" alt=\"\" srcset=\"https:\/\/timbrehotels.com\/wp-content\/uploads\/2024\/11\/125.webp 1920w, https:\/\/timbrehotels.com\/wp-content\/uploads\/2024\/11\/125-300x200.webp 300w, https:\/\/timbrehotels.com\/wp-content\/uploads\/2024\/11\/125-1024x683.webp 1024w, https:\/\/timbrehotels.com\/wp-content\/uploads\/2024\/11\/125-768x512.webp 768w, https:\/\/timbrehotels.com\/wp-content\/uploads\/2024\/11\/125-1536x1025.webp 1536w\" sizes=\"(max-width: 1920px) 100vw, 1920px\" \/>\t\t\t\t\t\t\t\t\t\t\t\t\t\t\t<\/div>\n\t\t\t\t\t<\/div>\n\t\t<\/div>\n\t\t\t\t\t<\/div>\n\t\t<\/section>\n\t\t\t\t<\/div>\n\t\t","protected":false},"excerpt":{"rendered":"<p>RESTAURANTS &amp; BARS Les h\u00f4tels Timbre proposent une exp\u00e9rience gastronomique unique, o\u00f9 saveurs, modernit\u00e9 et tradition se rencontrent. Avec des options dans des espaces distincts, des menus cr\u00e9atifs aux moments pass\u00e9s sur le rooftop avec des vues imprenables, chaque repas est une occasion de cr\u00e9er des souvenirs inoubliables au c\u0153ur de Porto. \u00a0 Plus qu\u2019une [&hellip;]<\/p>\n","protected":false},"author":2,"featured_media":0,"parent":0,"menu_order":0,"comment_status":"closed","ping_status":"closed","template":"elementor_header_footer","meta":{"_sitemap_exclude":false,"_sitemap_priority":"","_sitemap_frequency":"","footnotes":""},"class_list":["post-4459","page","type-page","status-publish","hentry"],"_links":{"self":[{"href":"https:\/\/timbrehotels.com\/fr\/wp-json\/wp\/v2\/pages\/4459","targetHints":{"allow":["GET"]}}],"collection":[{"href":"https:\/\/timbrehotels.com\/fr\/wp-json\/wp\/v2\/pages"}],"about":[{"href":"https:\/\/timbrehotels.com\/fr\/wp-json\/wp\/v2\/types\/page"}],"author":[{"embeddable":true,"href":"https:\/\/timbrehotels.com\/fr\/wp-json\/wp\/v2\/users\/2"}],"replies":[{"embeddable":true,"href":"https:\/\/timbrehotels.com\/fr\/wp-json\/wp\/v2\/comments?post=4459"}],"version-history":[{"count":0,"href":"https:\/\/timbrehotels.com\/fr\/wp-json\/wp\/v2\/pages\/4459\/revisions"}],"wp:attachment":[{"href":"https:\/\/timbrehotels.com\/fr\/wp-json\/wp\/v2\/media?parent=4459"}],"curies":[{"name":"wp","href":"https:\/\/api.w.org\/{rel}","templated":true}]}}