{"id":4511,"date":"2024-08-06T15:23:44","date_gmt":"2024-08-06T15:23:44","guid":{"rendered":"https:\/\/timbrehotels.com\/plan-du-site\/"},"modified":"2025-03-12T12:17:06","modified_gmt":"2025-03-12T12:17:06","slug":"plan-du-site","status":"publish","type":"page","link":"https:\/\/timbrehotels.com\/fr\/plan-du-site\/","title":{"rendered":"Plan du site"},"content":{"rendered":"\t\t<div data-elementor-type=\"wp-page\" data-elementor-id=\"4511\" class=\"elementor elementor-4511 elementor-432\" data-elementor-post-type=\"page\">\n\t\t\t\t\t\t<section class=\"elementor-section elementor-top-section elementor-element elementor-element-e20f0c4 elementor-section-boxed elementor-section-height-default elementor-section-height-default\" data-id=\"e20f0c4\" data-element_type=\"section\" data-e-type=\"section\" data-settings=\"{&quot;background_background&quot;:&quot;classic&quot;}\">\n\t\t\t\t\t\t<div class=\"elementor-container elementor-column-gap-default\">\n\t\t\t\t\t<div class=\"elementor-column elementor-col-100 elementor-top-column elementor-element elementor-element-b274b80\" data-id=\"b274b80\" data-element_type=\"column\" data-e-type=\"column\">\n\t\t\t<div class=\"elementor-widget-wrap elementor-element-populated\">\n\t\t\t\t\t\t<div class=\"elementor-element elementor-element-11b0c89 elementor-widget-divider--view-line_text elementor-widget-divider--element-align-left elementor-widget elementor-widget-divider\" data-id=\"11b0c89\" data-element_type=\"widget\" data-e-type=\"widget\" data-widget_type=\"divider.default\">\n\t\t\t\t\t\t\t<div class=\"elementor-divider\">\n\t\t\t<span class=\"elementor-divider-separator\">\n\t\t\t\t\t\t\t<h2 class=\"elementor-divider__text elementor-divider__element\">\n\t\t\t\tPLAN DU SITE\t\t\t\t<\/h2>\n\t\t\t\t\t\t<\/span>\n\t\t<\/div>\n\t\t\t\t\t\t<\/div>\n\t\t\t\t<section class=\"elementor-section elementor-inner-section elementor-element elementor-element-0ecf362 elementor-section-boxed elementor-section-height-default elementor-section-height-default\" data-id=\"0ecf362\" data-element_type=\"section\" data-e-type=\"section\">\n\t\t\t\t\t\t<div class=\"elementor-container elementor-column-gap-default\">\n\t\t\t\t\t<div class=\"elementor-column elementor-col-50 elementor-inner-column elementor-element elementor-element-7ce2997\" data-id=\"7ce2997\" data-element_type=\"column\" data-e-type=\"column\">\n\t\t\t<div class=\"elementor-widget-wrap elementor-element-populated\">\n\t\t\t\t\t\t<div class=\"elementor-element elementor-element-626e3b1 elementor-widget elementor-widget-sitemap\" data-id=\"626e3b1\" data-element_type=\"widget\" data-e-type=\"widget\" data-widget_type=\"sitemap.default\">\n\t\t\t\t\t<div class=\"elementor-sitemap-wrap\"><div class=\"elementor-sitemap-section\"><h2 class=\"elementor-sitemap-title elementor-sitemap-page-title\"> <\/h2><ul class=\"elementor-sitemap-list elementor-sitemap-page-list\"><li class=\"elementor-sitemap-item elementor-sitemap-item-page page_item page-item-4491\"><a href=\"https:\/\/timbrehotels.com\/fr\/chambres-suites\/\">Chambres &amp; Suites<\/a><\/li><li class=\"elementor-sitemap-item elementor-sitemap-item-page page_item page-item-14434\"><a href=\"https:\/\/timbrehotels.com\/fr\/termes-et-conditions\/\">Termes et Conditions<\/a><\/li><li class=\"elementor-sitemap-item elementor-sitemap-item-page page_item page-item-15212\"><a href=\"https:\/\/timbrehotels.com\/fr\/offres-speciales\/\">Offres Sp\u00e9ciales<\/a><\/li><li class=\"elementor-sitemap-item elementor-sitemap-item-page page_item page-item-4459\"><a href=\"https:\/\/timbrehotels.com\/fr\/restaurants-bars\/\">Restaurants &amp; Bars<\/a><\/li><li class=\"elementor-sitemap-item elementor-sitemap-item-page page_item page-item-4444\"><a href=\"https:\/\/timbrehotels.com\/fr\/destinations\/\">Destinations<\/a><\/li><li class=\"elementor-sitemap-item elementor-sitemap-item-page page_item page-item-13929\"><a href=\"https:\/\/timbrehotels.com\/fr\/\">I<\/a><\/li><li class=\"elementor-sitemap-item elementor-sitemap-item-page page_item page-item-4456\"><a href=\"https:\/\/timbrehotels.com\/fr\/localisation-contact\/\">Localisation | Contact<\/a><\/li><li class=\"elementor-sitemap-item elementor-sitemap-item-page page_item page-item-4421\"><a href=\"https:\/\/timbrehotels.com\/fr\/accueil\/\">Accueil<\/a><\/li><li class=\"elementor-sitemap-item elementor-sitemap-item-page page_item page-item-4446\"><a href=\"https:\/\/timbrehotels.com\/fr\/a-propos\/\">\u00c0 Propos<\/a><\/li><li class=\"elementor-sitemap-item elementor-sitemap-item-page page_item page-item-4513\"><a href=\"https:\/\/timbrehotels.com\/fr\/black-friday\/\">Black Friday<\/a><\/li><li class=\"elementor-sitemap-item elementor-sitemap-item-page page_item page-item-4537\"><a href=\"https:\/\/timbrehotels.com\/fr\/reunions-evenements\/\">R\u00e9unions &amp; \u00c9v\u00e9nements<\/a><\/li><li class=\"elementor-sitemap-item elementor-sitemap-item-page page_item page-item-4454\"><a href=\"https:\/\/timbrehotels.com\/fr\/galerie\/\">Galerie<\/a><\/li><li class=\"elementor-sitemap-item elementor-sitemap-item-page page_item page-item-14948\"><a href=\"https:\/\/timbrehotels.com\/fr\/offres-speciales-fixe\/\">Offres Sp\u00e9ciales FIX\u00c9<\/a><\/li><\/ul><\/div><\/div>\t\t\t\t<\/div>\n\t\t\t\t\t<\/div>\n\t\t<\/div>\n\t\t\t\t<div class=\"elementor-column elementor-col-50 elementor-inner-column elementor-element elementor-element-cb57d83\" data-id=\"cb57d83\" data-element_type=\"column\" data-e-type=\"column\">\n\t\t\t<div class=\"elementor-widget-wrap elementor-element-populated\">\n\t\t\t\t\t\t<div class=\"elementor-element elementor-element-d42e7ae elementor-widget elementor-widget-heading\" data-id=\"d42e7ae\" data-element_type=\"widget\" data-e-type=\"widget\" data-widget_type=\"heading.default\">\n\t\t\t\t\t<h6 class=\"elementor-heading-title elementor-size-default\">GROUPE TIMBRE<\/h6>\t\t\t\t<\/div>\n\t\t\t\t<div class=\"elementor-element elementor-element-9704780 elementor-icon-list--layout-traditional elementor-list-item-link-full_width elementor-widget elementor-widget-icon-list\" data-id=\"9704780\" data-element_type=\"widget\" data-e-type=\"widget\" id=\"groups1\" data-widget_type=\"icon-list.default\">\n\t\t\t\t\t\t\t<ul class=\"elementor-icon-list-items\">\n\t\t\t\t\t\t\t<li class=\"elementor-icon-list-item\">\n\t\t\t\t\t\t\t\t\t\t\t<a href=\"\/boavista\/\">\n\n\t\t\t\t\t\t\t\t\t\t\t\t<span class=\"elementor-icon-list-icon\">\n\t\t\t\t\t\t\t<svg aria-hidden=\"true\" class=\"e-font-icon-svg e-fas-circle\" viewBox=\"0 0 512 512\" xmlns=\"http:\/\/www.w3.org\/2000\/svg\"><path d=\"M256 8C119 8 8 119 8 256s111 248 248 248 248-111 248-248S393 8 256 8z\"><\/path><\/svg>\t\t\t\t\t\t<\/span>\n\t\t\t\t\t\t\t\t\t\t<span class=\"elementor-icon-list-text\">Timbre Boavista<\/span>\n\t\t\t\t\t\t\t\t\t\t\t<\/a>\n\t\t\t\t\t\t\t\t\t<\/li>\n\t\t\t\t\t\t<\/ul>\n\t\t\t\t\t\t<\/div>\n\t\t\t\t<div class=\"elementor-element elementor-element-fb3d0ec elementor-icon-list--layout-traditional elementor-list-item-link-full_width elementor-widget elementor-widget-icon-list\" data-id=\"fb3d0ec\" data-element_type=\"widget\" data-e-type=\"widget\" id=\"groups2\" data-widget_type=\"icon-list.default\">\n\t\t\t\t\t\t\t<ul class=\"elementor-icon-list-items\">\n\t\t\t\t\t\t\t<li class=\"elementor-icon-list-item\">\n\t\t\t\t\t\t\t\t\t\t\t<a href=\"\/heroismo\/\">\n\n\t\t\t\t\t\t\t\t\t\t\t\t<span class=\"elementor-icon-list-icon\">\n\t\t\t\t\t\t\t<svg aria-hidden=\"true\" class=\"e-font-icon-svg e-fas-circle\" viewBox=\"0 0 512 512\" xmlns=\"http:\/\/www.w3.org\/2000\/svg\"><path d=\"M256 8C119 8 8 119 8 256s111 248 248 248 248-111 248-248S393 8 256 8z\"><\/path><\/svg>\t\t\t\t\t\t<\/span>\n\t\t\t\t\t\t\t\t\t\t<span class=\"elementor-icon-list-text\">Timbre Hero\u00edsmo<\/span>\n\t\t\t\t\t\t\t\t\t\t\t<\/a>\n\t\t\t\t\t\t\t\t\t<\/li>\n\t\t\t\t\t\t<\/ul>\n\t\t\t\t\t\t<\/div>\n\t\t\t\t<div class=\"elementor-element elementor-element-c10c051 elementor-icon-list--layout-traditional elementor-list-item-link-full_width elementor-widget elementor-widget-icon-list\" data-id=\"c10c051\" data-element_type=\"widget\" data-e-type=\"widget\" id=\"groups3\" data-widget_type=\"icon-list.default\">\n\t\t\t\t\t\t\t<ul class=\"elementor-icon-list-items\">\n\t\t\t\t\t\t\t<li class=\"elementor-icon-list-item\">\n\t\t\t\t\t\t\t\t\t\t\t<a href=\"\/virtudes\/\">\n\n\t\t\t\t\t\t\t\t\t\t\t\t<span class=\"elementor-icon-list-icon\">\n\t\t\t\t\t\t\t<svg aria-hidden=\"true\" class=\"e-font-icon-svg e-fas-circle\" viewBox=\"0 0 512 512\" xmlns=\"http:\/\/www.w3.org\/2000\/svg\"><path d=\"M256 8C119 8 8 119 8 256s111 248 248 248 248-111 248-248S393 8 256 8z\"><\/path><\/svg>\t\t\t\t\t\t<\/span>\n\t\t\t\t\t\t\t\t\t\t<span class=\"elementor-icon-list-text\">Timbre Virtudes<\/span>\n\t\t\t\t\t\t\t\t\t\t\t<\/a>\n\t\t\t\t\t\t\t\t\t<\/li>\n\t\t\t\t\t\t<\/ul>\n\t\t\t\t\t\t<\/div>\n\t\t\t\t<div class=\"elementor-element elementor-element-9c3b8ea elementor-widget elementor-widget-heading\" data-id=\"9c3b8ea\" data-element_type=\"widget\" data-e-type=\"widget\" data-widget_type=\"heading.default\">\n\t\t\t\t\t<h6 class=\"elementor-heading-title elementor-size-default\">SUPPORT<\/h6>\t\t\t\t<\/div>\n\t\t\t\t<div class=\"elementor-element elementor-element-e1ed1ea elementor-widget elementor-widget-sitemap\" data-id=\"e1ed1ea\" data-element_type=\"widget\" data-e-type=\"widget\" data-widget_type=\"sitemap.default\">\n\t\t\t\t\t<div class=\"elementor-sitemap-wrap\"><div class=\"elementor-sitemap-section\"><h2 class=\"elementor-sitemap-title elementor-sitemap-page-title\"> <\/h2><ul class=\"elementor-sitemap-list elementor-sitemap-page-list\"><li class=\"elementor-sitemap-item elementor-sitemap-item-page page_item page-item-4450\"><a href=\"https:\/\/timbrehotels.com\/fr\/faqs\/\">FAQs<\/a><\/li><li class=\"elementor-sitemap-item elementor-sitemap-item-page page_item page-item-14434\"><a href=\"https:\/\/timbrehotels.com\/fr\/termes-et-conditions\/\">Termes et Conditions<\/a><\/li><li class=\"elementor-sitemap-item elementor-sitemap-item-page page_item page-item-14948\"><a href=\"https:\/\/timbrehotels.com\/fr\/offres-speciales-fixe\/\">Offres Sp\u00e9ciales FIX\u00c9<\/a><\/li><li class=\"elementor-sitemap-item elementor-sitemap-item-page page_item page-item-13929\"><a href=\"https:\/\/timbrehotels.com\/fr\/\">I<\/a><\/li><li class=\"elementor-sitemap-item elementor-sitemap-item-page page_item page-item-15212\"><a href=\"https:\/\/timbrehotels.com\/fr\/offres-speciales\/\">Offres Sp\u00e9ciales<\/a><\/li><li class=\"elementor-sitemap-item elementor-sitemap-item-page page_item page-item-4522\"><a href=\"https:\/\/timbrehotels.com\/fr\/politique-de-cookies\/\">Politique de Cookies<\/a><\/li><li class=\"elementor-sitemap-item elementor-sitemap-item-page page_item page-item-4527\"><a href=\"https:\/\/timbrehotels.com\/fr\/politique-de-confidentialite\/\">Politique de Confidentialit\u00e9<\/a><\/li><\/ul><\/div><\/div>\t\t\t\t<\/div>\n\t\t\t\t\t<\/div>\n\t\t<\/div>\n\t\t\t\t\t<\/div>\n\t\t<\/section>\n\t\t\t\t\t<\/div>\n\t\t<\/div>\n\t\t\t\t\t<\/div>\n\t\t<\/section>\n\t\t\t\t<\/div>\n\t\t","protected":false},"excerpt":{"rendered":"<p>PLAN DU SITE GROUPE TIMBRE Timbre Boavista Timbre Hero\u00edsmo Timbre Virtudes SUPPORT<\/p>\n","protected":false},"author":2,"featured_media":0,"parent":0,"menu_order":0,"comment_status":"closed","ping_status":"closed","template":"elementor_header_footer","meta":{"_sitemap_exclude":false,"_sitemap_priority":"","_sitemap_frequency":"","footnotes":""},"class_list":["post-4511","page","type-page","status-publish","hentry"],"_links":{"self":[{"href":"https:\/\/timbrehotels.com\/fr\/wp-json\/wp\/v2\/pages\/4511","targetHints":{"allow":["GET"]}}],"collection":[{"href":"https:\/\/timbrehotels.com\/fr\/wp-json\/wp\/v2\/pages"}],"about":[{"href":"https:\/\/timbrehotels.com\/fr\/wp-json\/wp\/v2\/types\/page"}],"author":[{"embeddable":true,"href":"https:\/\/timbrehotels.com\/fr\/wp-json\/wp\/v2\/users\/2"}],"replies":[{"embeddable":true,"href":"https:\/\/timbrehotels.com\/fr\/wp-json\/wp\/v2\/comments?post=4511"}],"version-history":[{"count":0,"href":"https:\/\/timbrehotels.com\/fr\/wp-json\/wp\/v2\/pages\/4511\/revisions"}],"wp:attachment":[{"href":"https:\/\/timbrehotels.com\/fr\/wp-json\/wp\/v2\/media?parent=4511"}],"curies":[{"name":"wp","href":"https:\/\/api.w.org\/{rel}","templated":true}]}}