{"id":4527,"date":"2024-08-06T14:09:22","date_gmt":"2024-08-06T14:09:22","guid":{"rendered":"https:\/\/timbrehotels.com\/politique-de-confidentialite\/"},"modified":"2025-11-16T00:30:17","modified_gmt":"2025-11-16T00:30:17","slug":"politique-de-confidentialite","status":"publish","type":"page","link":"https:\/\/timbrehotels.com\/fr\/politique-de-confidentialite\/","title":{"rendered":"Politique de Confidentialit\u00e9"},"content":{"rendered":"\t\t<div data-elementor-type=\"wp-page\" data-elementor-id=\"4527\" class=\"elementor elementor-4527 elementor-421\" data-elementor-post-type=\"page\">\n\t\t\t\t\t\t<section class=\"elementor-section elementor-top-section elementor-element elementor-element-707d2aa elementor-section-boxed elementor-section-height-default elementor-section-height-default\" data-id=\"707d2aa\" data-element_type=\"section\" data-e-type=\"section\" data-settings=\"{&quot;background_background&quot;:&quot;classic&quot;}\">\n\t\t\t\t\t\t<div class=\"elementor-container elementor-column-gap-default\">\n\t\t\t\t\t<div class=\"elementor-column elementor-col-100 elementor-top-column elementor-element elementor-element-a4be7af\" data-id=\"a4be7af\" data-element_type=\"column\" data-e-type=\"column\">\n\t\t\t<div class=\"elementor-widget-wrap elementor-element-populated\">\n\t\t\t\t\t\t<div class=\"elementor-element elementor-element-a291aae elementor-widget-divider--view-line_text elementor-widget-divider--element-align-left elementor-widget elementor-widget-divider\" data-id=\"a291aae\" data-element_type=\"widget\" data-e-type=\"widget\" data-widget_type=\"divider.default\">\n\t\t\t\t\t\t\t<div class=\"elementor-divider\">\n\t\t\t<span class=\"elementor-divider-separator\">\n\t\t\t\t\t\t\t<h2 class=\"elementor-divider__text elementor-divider__element\">\n\t\t\t\tPOLITIQUE DE CONFIDENTIALIT\u00c9\t\t\t\t<\/h2>\n\t\t\t\t\t\t<\/span>\n\t\t<\/div>\n\t\t\t\t\t\t<\/div>\n\t\t\t\t<div class=\"elementor-element elementor-element-4e56c77 elementor-widget elementor-widget-heading\" data-id=\"4e56c77\" data-element_type=\"widget\" data-e-type=\"widget\" data-widget_type=\"heading.default\">\n\t\t\t\t\t<h3 class=\"elementor-heading-title elementor-size-default\">1. Introduction<\/h3>\t\t\t\t<\/div>\n\t\t\t\t<div class=\"elementor-element elementor-element-9c23c13 policy elementor-widget elementor-widget-text-editor\" data-id=\"9c23c13\" data-element_type=\"widget\" data-e-type=\"widget\" data-widget_type=\"text-editor.default\">\n\t\t\t\t\t\t\t\t\t<p><strong>IME \u2013 Im\u00f3veis e Empreendimentos Hoteleiros, S.A.<\/strong> (\u201cTimbre Hotels \u201c) se consacre \u00e0 la protection des donn\u00e9es personnelles des utilisateurs du site web timbrehotels.com. Cette Politique de Confidentialit\u00e9 explique comment nous collectons, utilisons, stockons et prot\u00e9geons vos donn\u00e9es personnelles, conform\u00e9ment au <strong>R\u00e8glement G\u00e9n\u00e9ral sur la Protection des Donn\u00e9es (RGPD \u2013 R\u00e8glement UE 2016\/679)<\/strong> et \u00e0 la l\u00e9gislation applicable restante.<\/p><p>En utilisant ce site web, l&rsquo;utilisateur d\u00e9clare comprendre et accepter les termes de cette Politique de Confidentialit\u00e9.<\/p><div id=\"inspect-element-top-layer\" style=\"pointer-events: none; border: unset; padding: 0px;\" data-inspect-element=\"inspectElement\">\u00a0<\/div>\t\t\t\t\t\t\t\t<\/div>\n\t\t\t\t<div class=\"elementor-element elementor-element-df7567c elementor-widget elementor-widget-heading\" data-id=\"df7567c\" data-element_type=\"widget\" data-e-type=\"widget\" data-widget_type=\"heading.default\">\n\t\t\t\t\t<h3 class=\"elementor-heading-title elementor-size-default\">2. Responsable du Traitement<\/h3>\t\t\t\t<\/div>\n\t\t\t\t<div class=\"elementor-element elementor-element-5217f02 policy elementor-widget elementor-widget-text-editor\" data-id=\"5217f02\" data-element_type=\"widget\" data-e-type=\"widget\" data-widget_type=\"text-editor.default\">\n\t\t\t\t\t\t\t\t\t<p><strong>Responsable du traitement des donn\u00e9es:<\/strong><\/p><p>IME \u2013 Im\u00f3veis e Empreendimentos Hoteleiros, S.A.<\/p><p>NIPC (N\u00ba fiscal) : 503 226 033<\/p><p>Si\u00e8ge social : Rua do Arquitecto Cassiano Barbosa 44 Esc 9, 4100-009 Porto, Portugal<\/p><p>T\u00e9l\u00e9phone : (+351) 226 105 430 (Appel vers le r\u00e9seau fixe national)<\/p><p>Email : <a href=\"mailto:info@timbrehotels.com\">info@timbrehotels.com<\/a><\/p><div id=\"inspect-element-top-layer\" style=\"pointer-events: none; border: unset; padding: 0px;\" data-inspect-element=\"inspectElement\">\u00a0<\/div>\t\t\t\t\t\t\t\t<\/div>\n\t\t\t\t<div class=\"elementor-element elementor-element-a74d1a5 elementor-widget elementor-widget-heading\" data-id=\"a74d1a5\" data-element_type=\"widget\" data-e-type=\"widget\" data-widget_type=\"heading.default\">\n\t\t\t\t\t<h3 class=\"elementor-heading-title elementor-size-default\">3. Donn\u00e9es Personnelles Collect\u00e9es<\/h3>\t\t\t\t<\/div>\n\t\t\t\t<div class=\"elementor-element elementor-element-b7a01fc policy elementor-widget elementor-widget-text-editor\" data-id=\"b7a01fc\" data-element_type=\"widget\" data-e-type=\"widget\" data-widget_type=\"text-editor.default\">\n\t\t\t\t\t\t\t\t\t<p>Nous collectons uniquement les donn\u00e9es personnelles n\u00e9cessaires aux finalit\u00e9s pr\u00e9vues dans cette Politique, y compris :<\/p><p><strong>3.1. Donn\u00e9es fournies par l&rsquo;utilisateur<\/strong><\/p><ul><li>Nom, email, t\u00e9l\u00e9phone<\/li><li>Donn\u00e9es fournies dans les formulaires de contact<\/li><li>Donn\u00e9es saisies lors du processus de r\u00e9servation<\/li><\/ul><p>\u00a0<\/p><p><strong>3.2. Donn\u00e9es collect\u00e9es automatiquement<\/strong><\/p><ul><li>Adresse IP<\/li><li>Type d&rsquo;appareil et de navigateur<\/li><li>Donn\u00e9es de navigation<\/li><li>Cookies (fonctionnels, statistiques, de pr\u00e9f\u00e9rences et marketing)<\/li><\/ul><p>\u00a0<\/p><p><strong>3.3. Donn\u00e9es relatives \u00e0 la r\u00e9servation<\/strong><\/p><ul><li>Donn\u00e9es d&rsquo;identification<\/li><li>Donn\u00e9es de paiement<\/li><li>Historique des r\u00e9servations<\/li><\/ul>\t\t\t\t\t\t\t\t<\/div>\n\t\t\t\t<div class=\"elementor-element elementor-element-29ec34b elementor-widget elementor-widget-heading\" data-id=\"29ec34b\" data-element_type=\"widget\" data-e-type=\"widget\" data-widget_type=\"heading.default\">\n\t\t\t\t\t<h3 class=\"elementor-heading-title elementor-size-default\">4. Finalit\u00e9s du Traitement et Bases L\u00e9gales<\/h3>\t\t\t\t<\/div>\n\t\t\t\t<div class=\"elementor-element elementor-element-0d57a21 elementor-widget elementor-widget-text-editor\" data-id=\"0d57a21\" data-element_type=\"widget\" data-e-type=\"widget\" data-widget_type=\"text-editor.default\">\n\t\t\t\t\t\t\t\t\tLe traitement de vos donn\u00e9es personnelles est fond\u00e9 sur les bases l\u00e9gales suivantes pr\u00e9vues \u00e0 l&rsquo;article 6 du RGPD\t\t\t\t\t\t\t\t<\/div>\n\t\t\t\t<div class=\"elementor-element elementor-element-01f8168 elementor-widget elementor-widget-text-editor\" data-id=\"01f8168\" data-element_type=\"widget\" data-e-type=\"widget\" data-widget_type=\"text-editor.default\">\n\t\t\t\t\t\t\t\t\t<table width=\"421\">\n<tbody>\n<tr>\n<td width=\"203\"><strong>Finalit\u00e9<\/strong><\/td>\n<td width=\"219\"><strong>Base L\u00e9gale<\/strong><\/td>\n<\/tr>\n<tr>\n<td width=\"203\">Gestion des r\u00e9servations<\/td>\n<td width=\"219\">Ex\u00e9cution d&rsquo;un contrat<\/td>\n<\/tr>\n<tr>\n<td width=\"203\">Traitement des paiements<\/td>\n<td width=\"219\">Ex\u00e9cution d&rsquo;un contrat<\/td>\n<\/tr>\n<tr>\n<td width=\"203\">Communication avec le client<\/td>\n<td width=\"219\">Ex\u00e9cution d&rsquo;un contrat \/ Int\u00e9r\u00eat l\u00e9gitime<\/td>\n<\/tr>\n<tr>\n<td width=\"203\">Facturation<\/td>\n<td width=\"219\">Obligation l\u00e9gale<\/td>\n<\/tr>\n<tr>\n<td width=\"203\">Communication au SEF (SIBA)<\/td>\n<td width=\"219\">Obligation l\u00e9gale<\/td>\n<\/tr>\n<tr>\n<td width=\"203\">Envoi de newsletters<\/td>\n<td width=\"219\">Consentement<\/td>\n<\/tr>\n<tr>\n<td width=\"203\">Am\u00e9lioration de l&rsquo;exp\u00e9rience digitale<\/td>\n<td width=\"219\">Int\u00e9r\u00eat l\u00e9gitime<\/td>\n<\/tr>\n<tr>\n<td width=\"203\">Gestion des cookies<\/td>\n<td width=\"219\">Consentement \/ Int\u00e9r\u00eat l\u00e9gitime<\/td>\n<\/tr>\n<\/tbody>\n<\/table>\t\t\t\t\t\t\t\t<\/div>\n\t\t\t\t<div class=\"elementor-element elementor-element-7037866 elementor-widget elementor-widget-heading\" data-id=\"7037866\" data-element_type=\"widget\" data-e-type=\"widget\" data-widget_type=\"heading.default\">\n\t\t\t\t\t<h3 class=\"elementor-heading-title elementor-size-default\">5. Partage des Donn\u00e9es avec des Tiers<\/h3>\t\t\t\t<\/div>\n\t\t\t\t<div class=\"elementor-element elementor-element-4d6eb37 elementor-widget elementor-widget-text-editor\" data-id=\"4d6eb37\" data-element_type=\"widget\" data-e-type=\"widget\" data-widget_type=\"text-editor.default\">\n\t\t\t\t\t\t\t\t\tLes donn\u00e9es personnelles ne sont pas partag\u00e9es avec des tiers, sauf lorsque cela est n\u00e9cessaire pour les finalit\u00e9s indiqu\u00e9es :\n<ul>\n \t<li><strong>PMS \u2013 Property Management System (Syst\u00e8me de gestion h\u00f4teli\u00e8re)<\/strong><\/li>\n \t<li><strong>Moteur de r\u00e9servation<\/strong><\/li>\n \t<li><strong>Processeurs de paiement<\/strong><\/li>\n \t<li><strong>Entreprises de maintenance informatique<\/strong><\/li>\n \t<li><strong>Autorit\u00e9s l\u00e9gales (ex. : SEF via SIBA)<\/strong><\/li>\n \t<li><strong>Organismes de contr\u00f4le (lorsque la loi l&rsquo;exige)<\/strong><\/li>\n<\/ul>\nTous les sous-traitants respectent le RGPD et suivent les instructions de Timbre Hotels.\t\t\t\t\t\t\t\t<\/div>\n\t\t\t\t<div class=\"elementor-element elementor-element-58816ac elementor-widget elementor-widget-heading\" data-id=\"58816ac\" data-element_type=\"widget\" data-e-type=\"widget\" data-widget_type=\"heading.default\">\n\t\t\t\t\t<h3 class=\"elementor-heading-title elementor-size-default\">6. Communication au SEF (SIBA)<\/h3>\t\t\t\t<\/div>\n\t\t\t\t<div class=\"elementor-element elementor-element-af1510e elementor-widget elementor-widget-text-editor\" data-id=\"af1510e\" data-element_type=\"widget\" data-e-type=\"widget\" data-widget_type=\"text-editor.default\">\n\t\t\t\t\t\t\t\t\t<div class=\"elementor-element elementor-element-a4fffb6 elementor-widget elementor-widget-text-editor\" data-id=\"a4fffb6\" data-element_type=\"widget\" data-widget_type=\"text-editor.default\">\n<div class=\"elementor-widget-container\">\n<div class=\"elementor-text-editor elementor-clearfix\">\n\nLes donn\u00e9es d&rsquo;identification des clients sont communiqu\u00e9es au Service des \u00c9trangers et des Fronti\u00e8res (SEF), via la plateforme SIBA, conform\u00e9ment au D\u00e9cret-Loi n.\u00ba 39\/2008 et \u00e0 l&rsquo;Ordonnance (Portaria) n.\u00ba 415\/2008.\n\t\t\t\t\t\t\t\t<\/div>\n\t\t\t\t<div class=\"elementor-element elementor-element-3c29946 elementor-widget elementor-widget-heading\" data-id=\"3c29946\" data-element_type=\"widget\" data-e-type=\"widget\" data-widget_type=\"heading.default\">\n\t\t\t\t\t<h3 class=\"elementor-heading-title elementor-size-default\">7. Conservation des Donn\u00e9es<\/h3>\t\t\t\t<\/div>\n\t\t\t\t<div class=\"elementor-element elementor-element-f89135f policy elementor-widget elementor-widget-text-editor\" data-id=\"f89135f\" data-element_type=\"widget\" data-e-type=\"widget\" data-widget_type=\"text-editor.default\">\n\t\t\t\t\t\t\t\t\t<p>Les donn\u00e9es personnelles sont conserv\u00e9es uniquement pendant la p\u00e9riode n\u00e9cessaire pour accomplir les finalit\u00e9s qui ont justifi\u00e9 leur collecte.<\/p><div id=\"inspect-element-top-layer\" style=\"pointer-events: none; border: unset; padding: 0px;\" data-inspect-element=\"inspectElement\">\u00a0<\/div>\t\t\t\t\t\t\t\t<\/div>\n\t\t\t\t<div class=\"elementor-element elementor-element-29eec85 policy elementor-widget elementor-widget-text-editor\" data-id=\"29eec85\" data-element_type=\"widget\" data-e-type=\"widget\" data-widget_type=\"text-editor.default\">\n\t\t\t\t\t\t\t\t\t<table width=\"437\">\n<tbody>\n<tr>\n<td width=\"212\"><strong>Type de Donn\u00e9es<\/strong><\/td>\n<td width=\"225\"><strong>Dur\u00e9e de Conservation<\/strong><\/td>\n<\/tr>\n<tr>\n<td width=\"212\">Donn\u00e9es de r\u00e9servation et facturation<\/td>\n<td width=\"225\">10 ans (obligation fiscale)<\/td>\n<\/tr>\n<tr>\n<td width=\"212\">Donn\u00e9es de contact pour le marketing<\/td>\n<td width=\"225\">Jusqu&rsquo;au retrait du consentement<\/td>\n<\/tr>\n<tr>\n<td width=\"212\">Journaux de navigation\/cookies<\/td>\n<td width=\"225\">Conform\u00e9ment \u00e0 la Politique de Cookies<\/td>\n<\/tr>\n<tr>\n<td width=\"212\">Journaux d&rsquo;incidents de s\u00e9curit\u00e9<\/td>\n<td width=\"225\">Jusqu&rsquo;\u00e0 24 mois<\/td>\n<\/tr>\n<tr>\n<td width=\"212\">Donn\u00e9es envoy\u00e9es via formulaires<\/td>\n<td width=\"225\">Jusqu&rsquo;\u00e0 12 mois<\/td>\n<\/tr>\n<\/tbody>\n<\/table>\t\t\t\t\t\t\t\t<\/div>\n\t\t\t\t<div class=\"elementor-element elementor-element-77121a7 policy elementor-widget elementor-widget-text-editor\" data-id=\"77121a7\" data-element_type=\"widget\" data-e-type=\"widget\" data-widget_type=\"text-editor.default\">\n\t\t\t\t\t\t\t\t\t\u00c0 l&rsquo;expiration de ce d\u00e9lai, les donn\u00e9es seront supprim\u00e9es ou anonymis\u00e9es.\t\t\t\t\t\t\t\t<\/div>\n\t\t\t\t<div class=\"elementor-element elementor-element-f2177e4 elementor-widget elementor-widget-heading\" data-id=\"f2177e4\" data-element_type=\"widget\" data-e-type=\"widget\" data-widget_type=\"heading.default\">\n\t\t\t\t\t<h3 class=\"elementor-heading-title elementor-size-default\">8. Droits de l'Utilisateur<\/h3>\t\t\t\t<\/div>\n\t\t\t\t<div class=\"elementor-element elementor-element-3d6bc7d elementor-widget elementor-widget-text-editor\" data-id=\"3d6bc7d\" data-element_type=\"widget\" data-e-type=\"widget\" data-widget_type=\"text-editor.default\">\n\t\t\t\t\t\t\t\t\tL&rsquo;utilisateur peut exercer, \u00e0 tout moment, les droits suivants :\n<ul>\n \t<li>Droit d&rsquo;acc\u00e8s<\/li>\n \t<li>Droit de rectification<\/li>\n \t<li>Droit \u00e0 l&rsquo;effacement<\/li>\n \t<li>Droit \u00e0 la limitation du traitement<\/li>\n \t<li>Droit \u00e0 la portabilit\u00e9<\/li>\n \t<li>Droit d&rsquo;opposition<\/li>\n \t<li>Droit de retirer son consentement<\/li>\n \t<li>Droit d&rsquo;introduire une r\u00e9clamation aupr\u00e8s de la <strong>CNPD \u2013 Comiss\u00e3o Nacional de Prote\u00e7\u00e3o de Dados (Commission Nationale de Protection des Donn\u00e9es)<\/strong><\/li>\n<\/ul>\n<strong>Contact de la CNPD:<\/strong> www.cnpd.pt\n\nLes demandes peuvent \u00eatre envoy\u00e9es \u00e0 : <strong>info@timbrehotels.com<\/strong>\t\t\t\t\t\t\t\t<\/div>\n\t\t\t\t<div class=\"elementor-element elementor-element-ef2cf0e elementor-widget elementor-widget-heading\" data-id=\"ef2cf0e\" data-element_type=\"widget\" data-e-type=\"widget\" data-widget_type=\"heading.default\">\n\t\t\t\t\t<h3 class=\"elementor-heading-title elementor-size-default\">9. S\u00e9curit\u00e9 des Donn\u00e9es<\/h3>\t\t\t\t<\/div>\n\t\t\t\t<div class=\"elementor-element elementor-element-26080f0 elementor-widget elementor-widget-text-editor\" data-id=\"26080f0\" data-element_type=\"widget\" data-e-type=\"widget\" data-widget_type=\"text-editor.default\">\n\t\t\t\t\t\t\t\t\tTimbre Hotels adopte les mesures techniques et organisationnelles appropri\u00e9es pour prot\u00e9ger les donn\u00e9es personnelles contre :\n<ul>\n \t<li>L&rsquo;acc\u00e8s non autoris\u00e9<\/li>\n \t<li>La perte<\/li>\n \t<li>L&rsquo;alt\u00e9ration<\/li>\n \t<li>La divulgation indue<\/li>\n<\/ul>\nCelles-ci incluent des mesures telles que le cryptage des communications, les pare-feux (firewalls), les sauvegardes et les syst\u00e8mes de contr\u00f4le d&rsquo;acc\u00e8s.\n\nMalgr\u00e9 les mesures adopt\u00e9es, aucun syst\u00e8me n&rsquo;est compl\u00e8tement inviolable, c&rsquo;est pourquoi nous recommandons l&rsquo;utilisation de logiciels \u00e0 jour et l&rsquo;acc\u00e8s \u00e0 des r\u00e9seaux s\u00e9curis\u00e9s.\t\t\t\t\t\t\t\t<\/div>\n\t\t\t\t<div class=\"elementor-element elementor-element-39c8816 elementor-widget elementor-widget-heading\" data-id=\"39c8816\" data-element_type=\"widget\" data-e-type=\"widget\" data-widget_type=\"heading.default\">\n\t\t\t\t\t<h3 class=\"elementor-heading-title elementor-size-default\">10. Cookies<\/h3>\t\t\t\t<\/div>\n\t\t\t\t<div class=\"elementor-element elementor-element-1d3601c elementor-widget elementor-widget-text-editor\" data-id=\"1d3601c\" data-element_type=\"widget\" data-e-type=\"widget\" data-widget_type=\"text-editor.default\">\n\t\t\t\t\t\t\t\t\tLe site web utilise des cookies pour assurer son bon fonctionnement, am\u00e9liorer l&rsquo;exp\u00e9rience utilisateur et personnaliser les contenus.\n\nLes cat\u00e9gories de cookies utilis\u00e9es comprennent :\n<ul>\n \t<li><strong>Essentiels\/fonctionnels<\/strong><\/li>\n \t<li><strong>Statistiques\/analytiques<\/strong><\/li>\n \t<li><strong>Pr\u00e9f\u00e9rences<\/strong><\/li>\n \t<li><strong>Marketing et publicit\u00e9<\/strong><\/li>\n<\/ul>\nL&rsquo;utilisateur peut configurer ou retirer son consentement \u00e0 tout moment via la banni\u00e8re de cookies.\n\nPour plus d&rsquo;informations, veuillez consulter la <strong>Politique de Cookies<\/strong>.\t\t\t\t\t\t\t\t<\/div>\n\t\t\t\t<div class=\"elementor-element elementor-element-997cf56 elementor-widget elementor-widget-heading\" data-id=\"997cf56\" data-element_type=\"widget\" data-e-type=\"widget\" data-widget_type=\"heading.default\">\n\t\t\t\t\t<h3 class=\"elementor-heading-title elementor-size-default\">11. Liens vers des Tiers<\/h3>\t\t\t\t<\/div>\n\t\t\t\t<div class=\"elementor-element elementor-element-16899f7 elementor-widget elementor-widget-text-editor\" data-id=\"16899f7\" data-element_type=\"widget\" data-e-type=\"widget\" data-widget_type=\"text-editor.default\">\n\t\t\t\t\t\t\t\t\tTimbre Hotels peut mettre \u00e0 jour cette Politique p\u00e9riodiquement. Toutes les modifications seront publi\u00e9es sur cette page avec la date de mise \u00e0 jour.\t\t\t\t\t\t\t\t<\/div>\n\t\t\t\t<div class=\"elementor-element elementor-element-b5704fb elementor-widget elementor-widget-heading\" data-id=\"b5704fb\" data-element_type=\"widget\" data-e-type=\"widget\" data-widget_type=\"heading.default\">\n\t\t\t\t\t<h3 class=\"elementor-heading-title elementor-size-default\">12. Modifications de cette Politique de Confidentialit\u00e9<\/h3>\t\t\t\t<\/div>\n\t\t\t\t<div class=\"elementor-element elementor-element-51a39e6 elementor-widget elementor-widget-text-editor\" data-id=\"51a39e6\" data-element_type=\"widget\" data-e-type=\"widget\" data-widget_type=\"text-editor.default\">\n\t\t\t\t\t\t\t\t\tLe site web peut inclure des liens vers des sites tiers. Timbre Hotels ne contr\u00f4le pas et n&rsquo;est pas responsable des pratiques de confidentialit\u00e9 de ces sites.\t\t\t\t\t\t\t\t<\/div>\n\t\t\t\t<div class=\"elementor-element elementor-element-59ad653 elementor-widget elementor-widget-heading\" data-id=\"59ad653\" data-element_type=\"widget\" data-e-type=\"widget\" data-widget_type=\"heading.default\">\n\t\t\t\t\t<h3 class=\"elementor-heading-title elementor-size-default\">13. Contact pour les Questions de Confidentialit\u00e9<\/h3>\t\t\t\t<\/div>\n\t\t\t\t<div class=\"elementor-element elementor-element-aa23b89 elementor-widget elementor-widget-text-editor\" data-id=\"aa23b89\" data-element_type=\"widget\" data-e-type=\"widget\" data-widget_type=\"text-editor.default\">\n\t\t\t\t\t\t\t\t\t<p>Pour toute clarification ou pour l&rsquo;exercice de vos droits, veuillez contacter :<\/p><p><strong>IME \u2013 Im\u00f3veis e Empreendimentos Hoteleiros, S.A.<\/strong><br \/>Email: <a href=\"mailto:info@timbrehotels.com\">info@timbrehotels.com<\/a><br \/>Adresse: Rua do Arquitecto Cassiano Barbosa 44 Esc 9, 4100-009 Porto, Portugal<\/p><div id=\"inspect-element-top-layer\" style=\"pointer-events: none; border: unset; padding: 0px;\" data-inspect-element=\"inspectElement\">\u00a0<\/div>\t\t\t\t\t\t\t\t<\/div>\n\t\t\t\t\t<\/div>\n\t\t<\/div>\n\t\t\t\t\t<\/div>\n\t\t<\/section>\n\t\t\t\t<\/div>\n\t\t","protected":false},"excerpt":{"rendered":"<p>POLITIQUE DE CONFIDENTIALIT\u00c9 1. Introduction IME \u2013 Im\u00f3veis e Empreendimentos Hoteleiros, S.A. (\u201cTimbre Hotels \u201c) se consacre \u00e0 la protection des donn\u00e9es personnelles des utilisateurs du site web timbrehotels.com. Cette Politique de Confidentialit\u00e9 explique comment nous collectons, utilisons, stockons et prot\u00e9geons vos donn\u00e9es personnelles, conform\u00e9ment au R\u00e8glement G\u00e9n\u00e9ral sur la Protection des Donn\u00e9es (RGPD \u2013 [&hellip;]<\/p>\n","protected":false},"author":2,"featured_media":0,"parent":0,"menu_order":0,"comment_status":"closed","ping_status":"closed","template":"elementor_header_footer","meta":{"_sitemap_exclude":false,"_sitemap_priority":"","_sitemap_frequency":"","footnotes":""},"class_list":["post-4527","page","type-page","status-publish","hentry"],"_links":{"self":[{"href":"https:\/\/timbrehotels.com\/fr\/wp-json\/wp\/v2\/pages\/4527","targetHints":{"allow":["GET"]}}],"collection":[{"href":"https:\/\/timbrehotels.com\/fr\/wp-json\/wp\/v2\/pages"}],"about":[{"href":"https:\/\/timbrehotels.com\/fr\/wp-json\/wp\/v2\/types\/page"}],"author":[{"embeddable":true,"href":"https:\/\/timbrehotels.com\/fr\/wp-json\/wp\/v2\/users\/2"}],"replies":[{"embeddable":true,"href":"https:\/\/timbrehotels.com\/fr\/wp-json\/wp\/v2\/comments?post=4527"}],"version-history":[{"count":6,"href":"https:\/\/timbrehotels.com\/fr\/wp-json\/wp\/v2\/pages\/4527\/revisions"}],"predecessor-version":[{"id":14505,"href":"https:\/\/timbrehotels.com\/fr\/wp-json\/wp\/v2\/pages\/4527\/revisions\/14505"}],"wp:attachment":[{"href":"https:\/\/timbrehotels.com\/fr\/wp-json\/wp\/v2\/media?parent=4527"}],"curies":[{"name":"wp","href":"https:\/\/api.w.org\/{rel}","templated":true}]}}