{"id":3746,"date":"2024-10-31T15:56:29","date_gmt":"2024-10-31T15:56:29","guid":{"rendered":"https:\/\/timbrehotels.com\/heroismo\/mapa-del-sitio\/"},"modified":"2025-01-08T11:39:37","modified_gmt":"2025-01-08T11:39:37","slug":"mapa-del-sitio","status":"publish","type":"page","link":"https:\/\/timbrehotels.com\/heroismo\/es\/mapa-del-sitio\/","title":{"rendered":"Mapa del S\u00edtio"},"content":{"rendered":"\t\t<div data-elementor-type=\"wp-page\" data-elementor-id=\"3746\" class=\"elementor elementor-3746 elementor-571\" data-elementor-post-type=\"page\">\n\t\t\t\t\t\t<section class=\"elementor-section elementor-top-section elementor-element elementor-element-ef854bd elementor-section-boxed elementor-section-height-default elementor-section-height-default\" data-id=\"ef854bd\" data-element_type=\"section\" data-e-type=\"section\" data-settings=\"{&quot;background_background&quot;:&quot;classic&quot;}\">\n\t\t\t\t\t\t<div class=\"elementor-container elementor-column-gap-default\">\n\t\t\t\t\t<div class=\"elementor-column elementor-col-100 elementor-top-column elementor-element elementor-element-432cbd0\" data-id=\"432cbd0\" data-element_type=\"column\" data-e-type=\"column\">\n\t\t\t<div class=\"elementor-widget-wrap elementor-element-populated\">\n\t\t\t\t\t\t<div class=\"elementor-element elementor-element-b585943 elementor-widget-divider--view-line_text elementor-widget-divider--element-align-left elementor-widget elementor-widget-divider\" data-id=\"b585943\" data-element_type=\"widget\" data-e-type=\"widget\" data-widget_type=\"divider.default\">\n\t\t\t\t\t\t\t<div class=\"elementor-divider\">\n\t\t\t<span class=\"elementor-divider-separator\">\n\t\t\t\t\t\t\t<h2 class=\"elementor-divider__text elementor-divider__element\">\n\t\t\t\tMAPA DEL S\u00cdTIO\t\t\t\t<\/h2>\n\t\t\t\t\t\t<\/span>\n\t\t<\/div>\n\t\t\t\t\t\t<\/div>\n\t\t\t\t<section class=\"elementor-section elementor-inner-section elementor-element elementor-element-6f417b3 elementor-section-boxed elementor-section-height-default elementor-section-height-default\" data-id=\"6f417b3\" data-element_type=\"section\" data-e-type=\"section\">\n\t\t\t\t\t\t<div class=\"elementor-container elementor-column-gap-default\">\n\t\t\t\t\t<div class=\"elementor-column elementor-col-50 elementor-inner-column elementor-element elementor-element-bd086ec\" data-id=\"bd086ec\" data-element_type=\"column\" data-e-type=\"column\">\n\t\t\t<div class=\"elementor-widget-wrap elementor-element-populated\">\n\t\t\t\t\t\t<div class=\"elementor-element elementor-element-56cc490 elementor-widget elementor-widget-sitemap\" data-id=\"56cc490\" data-element_type=\"widget\" data-e-type=\"widget\" data-widget_type=\"sitemap.default\">\n\t\t\t\t\t<div class=\"elementor-sitemap-wrap\"><div class=\"elementor-sitemap-section\"><h2 class=\"elementor-sitemap-title elementor-sitemap-page-title\"> <\/h2><ul class=\"elementor-sitemap-list elementor-sitemap-page-list\"><li class=\"elementor-sitemap-item elementor-sitemap-item-page page_item page-item-3708\"><a href=\"https:\/\/timbrehotels.com\/heroismo\/es\/servicios-del-hotel\/\">Servicios del Hotel<\/a><\/li><li class=\"elementor-sitemap-item elementor-sitemap-item-page page_item page-item-3718\"><a href=\"https:\/\/timbrehotels.com\/heroismo\/es\/ubicacion-contact\/\">Ubicaci\u00f3n | Contact<\/a><\/li><li class=\"elementor-sitemap-item elementor-sitemap-item-page page_item page-item-3716\"><a href=\"https:\/\/timbrehotels.com\/heroismo\/es\/faqs\/\">FAQs<\/a><\/li><li class=\"elementor-sitemap-item elementor-sitemap-item-page page_item page-item-3748\"><a href=\"https:\/\/timbrehotels.com\/heroismo\/es\/habitaciones-suites\/\">Habitaciones &amp; Su\u00edtes<\/a><ul class='children'><li class=\"elementor-sitemap-item elementor-sitemap-item-page page_item page-item-3793\"><a href=\"https:\/\/timbrehotels.com\/heroismo\/es\/habitaciones-suites\/triplo\/\">Triplo<\/a><\/li><li class=\"elementor-sitemap-item elementor-sitemap-item-page page_item page-item-3776\"><a href=\"https:\/\/timbrehotels.com\/heroismo\/es\/habitaciones-suites\/deluxe-con-balcon\/\">Deluxe con Balc\u00f3n<\/a><\/li><li class=\"elementor-sitemap-item elementor-sitemap-item-page page_item page-item-3790\"><a href=\"https:\/\/timbrehotels.com\/heroismo\/es\/habitaciones-suites\/suite\/\">Suite<\/a><\/li><li class=\"elementor-sitemap-item elementor-sitemap-item-page page_item page-item-3754\"><a href=\"https:\/\/timbrehotels.com\/heroismo\/es\/habitaciones-suites\/doble-twin\/\">Doble\/Twin<\/a><\/li><\/ul><\/li><li class=\"elementor-sitemap-item elementor-sitemap-item-page page_item page-item-3720\"><a href=\"https:\/\/timbrehotels.com\/heroismo\/es\/gastronomia\/\">Gastronom\u00eda<\/a><ul class='children'><li class=\"elementor-sitemap-item elementor-sitemap-item-page page_item page-item-3729\"><a href=\"https:\/\/timbrehotels.com\/heroismo\/es\/gastronomia\/addverso\/\">AddVerso<\/a><\/li><\/ul><\/li><li class=\"elementor-sitemap-item elementor-sitemap-item-page page_item page-item-5283\"><a href=\"https:\/\/timbrehotels.com\/heroismo\/es\/terminos-y-condiciones\/\">T\u00e9rminos y Condiciones<\/a><\/li><li class=\"elementor-sitemap-item elementor-sitemap-item-page page_item page-item-3704\"><a href=\"https:\/\/timbrehotels.com\/heroismo\/es\/galeria\/\">Galer\u00eda<\/a><\/li><li class=\"elementor-sitemap-item elementor-sitemap-item-page page_item page-item-3744\"><a href=\"https:\/\/timbrehotels.com\/heroismo\/es\/reuniones-eventos\/\">Reuniones &amp; Eventos<\/a><\/li><li class=\"elementor-sitemap-item elementor-sitemap-item-page page_item page-item-3690\"><a href=\"https:\/\/timbrehotels.com\/heroismo\/es\/\">P\u00e1gina Principal<\/a><\/li><li class=\"elementor-sitemap-item elementor-sitemap-item-page page_item page-item-5557\"><a href=\"https:\/\/timbrehotels.com\/heroismo\/es\/ofertas-especiales\/\">Ofertas Especiales<\/a><\/li><\/ul><\/div><\/div>\t\t\t\t<\/div>\n\t\t\t\t\t<\/div>\n\t\t<\/div>\n\t\t\t\t<div class=\"elementor-column elementor-col-50 elementor-inner-column elementor-element elementor-element-e6788e1\" data-id=\"e6788e1\" data-element_type=\"column\" data-e-type=\"column\">\n\t\t\t<div class=\"elementor-widget-wrap elementor-element-populated\">\n\t\t\t\t\t\t<div class=\"elementor-element elementor-element-37fcfb0 elementor-widget elementor-widget-heading\" data-id=\"37fcfb0\" data-element_type=\"widget\" data-e-type=\"widget\" data-widget_type=\"heading.default\">\n\t\t\t\t\t<h6 class=\"elementor-heading-title elementor-size-default\">GRUPO TIMBRE<\/h6>\t\t\t\t<\/div>\n\t\t\t\t<div class=\"elementor-element elementor-element-b2b930c elementor-icon-list--layout-traditional elementor-list-item-link-full_width elementor-widget elementor-widget-icon-list\" data-id=\"b2b930c\" data-element_type=\"widget\" data-e-type=\"widget\" data-widget_type=\"icon-list.default\">\n\t\t\t\t\t\t\t<ul class=\"elementor-icon-list-items\">\n\t\t\t\t\t\t\t<li class=\"elementor-icon-list-item\">\n\t\t\t\t\t\t\t\t\t\t\t<a href=\"https:\/\/timbrehotels.com\/boavista\">\n\n\t\t\t\t\t\t\t\t\t\t\t\t<span class=\"elementor-icon-list-icon\">\n\t\t\t\t\t\t\t<svg aria-hidden=\"true\" class=\"e-font-icon-svg e-fas-circle\" viewBox=\"0 0 512 512\" xmlns=\"http:\/\/www.w3.org\/2000\/svg\"><path d=\"M256 8C119 8 8 119 8 256s111 248 248 248 248-111 248-248S393 8 256 8z\"><\/path><\/svg>\t\t\t\t\t\t<\/span>\n\t\t\t\t\t\t\t\t\t\t<span class=\"elementor-icon-list-text\">Timbre Boavista<\/span>\n\t\t\t\t\t\t\t\t\t\t\t<\/a>\n\t\t\t\t\t\t\t\t\t<\/li>\n\t\t\t\t\t\t<\/ul>\n\t\t\t\t\t\t<\/div>\n\t\t\t\t<div class=\"elementor-element elementor-element-a509287 elementor-icon-list--layout-traditional elementor-list-item-link-full_width elementor-widget elementor-widget-icon-list\" data-id=\"a509287\" data-element_type=\"widget\" data-e-type=\"widget\" data-widget_type=\"icon-list.default\">\n\t\t\t\t\t\t\t<ul class=\"elementor-icon-list-items\">\n\t\t\t\t\t\t\t<li class=\"elementor-icon-list-item\">\n\t\t\t\t\t\t\t\t\t\t\t<a href=\"https:\/\/timbrehotels.com\/heroismo\/es\/\">\n\n\t\t\t\t\t\t\t\t\t\t\t\t<span class=\"elementor-icon-list-icon\">\n\t\t\t\t\t\t\t<svg aria-hidden=\"true\" class=\"e-font-icon-svg e-fas-circle\" viewBox=\"0 0 512 512\" xmlns=\"http:\/\/www.w3.org\/2000\/svg\"><path d=\"M256 8C119 8 8 119 8 256s111 248 248 248 248-111 248-248S393 8 256 8z\"><\/path><\/svg>\t\t\t\t\t\t<\/span>\n\t\t\t\t\t\t\t\t\t\t<span class=\"elementor-icon-list-text\">Timbre Hero\u00edsmo<\/span>\n\t\t\t\t\t\t\t\t\t\t\t<\/a>\n\t\t\t\t\t\t\t\t\t<\/li>\n\t\t\t\t\t\t<\/ul>\n\t\t\t\t\t\t<\/div>\n\t\t\t\t<div class=\"elementor-element elementor-element-e09f06d elementor-icon-list--layout-traditional elementor-list-item-link-full_width elementor-widget elementor-widget-icon-list\" data-id=\"e09f06d\" data-element_type=\"widget\" data-e-type=\"widget\" data-widget_type=\"icon-list.default\">\n\t\t\t\t\t\t\t<ul class=\"elementor-icon-list-items\">\n\t\t\t\t\t\t\t<li class=\"elementor-icon-list-item\">\n\t\t\t\t\t\t\t\t\t\t\t<a href=\"https:\/\/timbrehotels.com\/virtudes\">\n\n\t\t\t\t\t\t\t\t\t\t\t\t<span class=\"elementor-icon-list-icon\">\n\t\t\t\t\t\t\t<svg aria-hidden=\"true\" class=\"e-font-icon-svg e-fas-circle\" viewBox=\"0 0 512 512\" xmlns=\"http:\/\/www.w3.org\/2000\/svg\"><path d=\"M256 8C119 8 8 119 8 256s111 248 248 248 248-111 248-248S393 8 256 8z\"><\/path><\/svg>\t\t\t\t\t\t<\/span>\n\t\t\t\t\t\t\t\t\t\t<span class=\"elementor-icon-list-text\">Timbre Virtudes<\/span>\n\t\t\t\t\t\t\t\t\t\t\t<\/a>\n\t\t\t\t\t\t\t\t\t<\/li>\n\t\t\t\t\t\t<\/ul>\n\t\t\t\t\t\t<\/div>\n\t\t\t\t<div class=\"elementor-element elementor-element-a4b178b elementor-widget elementor-widget-heading\" data-id=\"a4b178b\" data-element_type=\"widget\" data-e-type=\"widget\" data-widget_type=\"heading.default\">\n\t\t\t\t\t<h6 class=\"elementor-heading-title elementor-size-default\">SOPORTE<\/h6>\t\t\t\t<\/div>\n\t\t\t\t<div class=\"elementor-element elementor-element-531809d elementor-widget elementor-widget-sitemap\" data-id=\"531809d\" data-element_type=\"widget\" data-e-type=\"widget\" data-widget_type=\"sitemap.default\">\n\t\t\t\t\t<div class=\"elementor-sitemap-wrap\"><div class=\"elementor-sitemap-section\"><h2 class=\"elementor-sitemap-title elementor-sitemap-page-title\"> <\/h2><ul class=\"elementor-sitemap-list elementor-sitemap-page-list\"><li class=\"elementor-sitemap-item elementor-sitemap-item-page page_item page-item-3863\"><a href=\"https:\/\/timbrehotels.com\/heroismo\/es\/politica-de-cookies\/\">Pol\u00edtica de Cookies<\/a><\/li><li class=\"elementor-sitemap-item elementor-sitemap-item-page page_item page-item-3871\"><a href=\"https:\/\/timbrehotels.com\/heroismo\/es\/politica-de-privacidad\/\">Pol\u00edtica de Privacidad<\/a><\/li><li class=\"elementor-sitemap-item elementor-sitemap-item-page page_item page-item-3716\"><a href=\"https:\/\/timbrehotels.com\/heroismo\/es\/faqs\/\">FAQs<\/a><\/li><li class=\"elementor-sitemap-item elementor-sitemap-item-page page_item page-item-3744\"><a href=\"https:\/\/timbrehotels.com\/heroismo\/es\/reuniones-eventos\/\">Reuniones &amp; Eventos<\/a><\/li><li class=\"elementor-sitemap-item elementor-sitemap-item-page page_item page-item-5283\"><a href=\"https:\/\/timbrehotels.com\/heroismo\/es\/terminos-y-condiciones\/\">T\u00e9rminos y Condiciones<\/a><\/li><li class=\"elementor-sitemap-item elementor-sitemap-item-page page_item page-item-5557\"><a href=\"https:\/\/timbrehotels.com\/heroismo\/es\/ofertas-especiales\/\">Ofertas Especiales<\/a><\/li><\/ul><\/div><\/div>\t\t\t\t<\/div>\n\t\t\t\t\t<\/div>\n\t\t<\/div>\n\t\t\t\t\t<\/div>\n\t\t<\/section>\n\t\t\t\t\t<\/div>\n\t\t<\/div>\n\t\t\t\t\t<\/div>\n\t\t<\/section>\n\t\t\t\t<\/div>\n\t\t","protected":false},"excerpt":{"rendered":"<p>MAPA DEL S\u00cdTIO GRUPO TIMBRE Timbre Boavista Timbre Hero\u00edsmo Timbre Virtudes SOPORTE<\/p>\n","protected":false},"author":2,"featured_media":0,"parent":0,"menu_order":0,"comment_status":"closed","ping_status":"closed","template":"elementor_header_footer","meta":{"_sitemap_exclude":false,"_sitemap_priority":"","_sitemap_frequency":"","footnotes":""},"class_list":["post-3746","page","type-page","status-publish","hentry"],"yoast_head":"<!-- This site is optimized with the Yoast SEO plugin v27.4 - https:\/\/yoast.com\/product\/yoast-seo-wordpress\/ -->\n<title>Mapa del S\u00edtio - Timbre Hero\u00edsmo<\/title>\n<meta name=\"robots\" content=\"noindex, nofollow\" \/>\n<meta property=\"og:locale\" content=\"es_ES\" \/>\n<meta property=\"og:type\" content=\"article\" \/>\n<meta property=\"og:title\" content=\"Mapa del S\u00edtio - Timbre Hero\u00edsmo\" \/>\n<meta property=\"og:description\" content=\"MAPA DEL S\u00cdTIO GRUPO TIMBRE Timbre Boavista Timbre Hero\u00edsmo Timbre Virtudes SOPORTE\" \/>\n<meta property=\"og:url\" content=\"https:\/\/timbrehotels.com\/heroismo\/es\/mapa-del-sitio\/\" \/>\n<meta property=\"og:site_name\" content=\"Timbre Hero\u00edsmo\" \/>\n<meta property=\"article:modified_time\" content=\"2025-01-08T11:39:37+00:00\" \/>\n<meta name=\"twitter:card\" content=\"summary_large_image\" \/>\n<script type=\"application\/ld+json\" class=\"yoast-schema-graph\">{\"@context\":\"https:\\\/\\\/schema.org\",\"@graph\":[{\"@type\":\"WebPage\",\"@id\":\"https:\\\/\\\/timbrehotels.com\\\/heroismo\\\/es\\\/mapa-del-sitio\\\/\",\"url\":\"https:\\\/\\\/timbrehotels.com\\\/heroismo\\\/es\\\/mapa-del-sitio\\\/\",\"name\":\"Mapa del S\u00edtio - Timbre Hero\u00edsmo\",\"isPartOf\":{\"@id\":\"https:\\\/\\\/timbrehotels.com\\\/heroismo\\\/es\\\/#website\"},\"datePublished\":\"2024-10-31T15:56:29+00:00\",\"dateModified\":\"2025-01-08T11:39:37+00:00\",\"breadcrumb\":{\"@id\":\"https:\\\/\\\/timbrehotels.com\\\/heroismo\\\/es\\\/mapa-del-sitio\\\/#breadcrumb\"},\"inLanguage\":\"es\",\"potentialAction\":[{\"@type\":\"ReadAction\",\"target\":[\"https:\\\/\\\/timbrehotels.com\\\/heroismo\\\/es\\\/mapa-del-sitio\\\/\"]}]},{\"@type\":\"BreadcrumbList\",\"@id\":\"https:\\\/\\\/timbrehotels.com\\\/heroismo\\\/es\\\/mapa-del-sitio\\\/#breadcrumb\",\"itemListElement\":[{\"@type\":\"ListItem\",\"position\":1,\"name\":\"In\u00edcio\",\"item\":\"https:\\\/\\\/timbrehotels.com\\\/heroismo\\\/es\\\/\"},{\"@type\":\"ListItem\",\"position\":2,\"name\":\"Mapa del S\u00edtio\"}]},{\"@type\":\"WebSite\",\"@id\":\"https:\\\/\\\/timbrehotels.com\\\/heroismo\\\/es\\\/#website\",\"url\":\"https:\\\/\\\/timbrehotels.com\\\/heroismo\\\/es\\\/\",\"name\":\"Timbre Hero\u00edsmo\",\"description\":\"\",\"publisher\":{\"@id\":\"https:\\\/\\\/timbrehotels.com\\\/heroismo\\\/es\\\/#organization\"},\"potentialAction\":[{\"@type\":\"SearchAction\",\"target\":{\"@type\":\"EntryPoint\",\"urlTemplate\":\"https:\\\/\\\/timbrehotels.com\\\/heroismo\\\/es\\\/?s={search_term_string}\"},\"query-input\":{\"@type\":\"PropertyValueSpecification\",\"valueRequired\":true,\"valueName\":\"search_term_string\"}}],\"inLanguage\":\"es\"},{\"@type\":\"Organization\",\"@id\":\"https:\\\/\\\/timbrehotels.com\\\/heroismo\\\/es\\\/#organization\",\"name\":\"Timbre Hero\u00edsmo\",\"url\":\"https:\\\/\\\/timbrehotels.com\\\/heroismo\\\/es\\\/\",\"logo\":{\"@type\":\"ImageObject\",\"inLanguage\":\"es\",\"@id\":\"https:\\\/\\\/timbrehotels.com\\\/heroismo\\\/es\\\/#\\\/schema\\\/logo\\\/image\\\/\",\"url\":\"https:\\\/\\\/timbrehotels.com\\\/heroismo\\\/wp-content\\\/uploads\\\/sites\\\/3\\\/2024\\\/10\\\/heroismo-1.png\",\"contentUrl\":\"https:\\\/\\\/timbrehotels.com\\\/heroismo\\\/wp-content\\\/uploads\\\/sites\\\/3\\\/2024\\\/10\\\/heroismo-1.png\",\"width\":289,\"height\":110,\"caption\":\"Timbre Hero\u00edsmo\"},\"image\":{\"@id\":\"https:\\\/\\\/timbrehotels.com\\\/heroismo\\\/es\\\/#\\\/schema\\\/logo\\\/image\\\/\"}}]}<\/script>\n<!-- \/ Yoast SEO plugin. -->","yoast_head_json":{"title":"Mapa del S\u00edtio - Timbre Hero\u00edsmo","robots":{"index":"noindex","follow":"nofollow"},"og_locale":"es_ES","og_type":"article","og_title":"Mapa del S\u00edtio - Timbre Hero\u00edsmo","og_description":"MAPA DEL S\u00cdTIO GRUPO TIMBRE Timbre Boavista Timbre Hero\u00edsmo Timbre Virtudes SOPORTE","og_url":"https:\/\/timbrehotels.com\/heroismo\/es\/mapa-del-sitio\/","og_site_name":"Timbre Hero\u00edsmo","article_modified_time":"2025-01-08T11:39:37+00:00","twitter_card":"summary_large_image","schema":{"@context":"https:\/\/schema.org","@graph":[{"@type":"WebPage","@id":"https:\/\/timbrehotels.com\/heroismo\/es\/mapa-del-sitio\/","url":"https:\/\/timbrehotels.com\/heroismo\/es\/mapa-del-sitio\/","name":"Mapa del S\u00edtio - Timbre Hero\u00edsmo","isPartOf":{"@id":"https:\/\/timbrehotels.com\/heroismo\/es\/#website"},"datePublished":"2024-10-31T15:56:29+00:00","dateModified":"2025-01-08T11:39:37+00:00","breadcrumb":{"@id":"https:\/\/timbrehotels.com\/heroismo\/es\/mapa-del-sitio\/#breadcrumb"},"inLanguage":"es","potentialAction":[{"@type":"ReadAction","target":["https:\/\/timbrehotels.com\/heroismo\/es\/mapa-del-sitio\/"]}]},{"@type":"BreadcrumbList","@id":"https:\/\/timbrehotels.com\/heroismo\/es\/mapa-del-sitio\/#breadcrumb","itemListElement":[{"@type":"ListItem","position":1,"name":"In\u00edcio","item":"https:\/\/timbrehotels.com\/heroismo\/es\/"},{"@type":"ListItem","position":2,"name":"Mapa del S\u00edtio"}]},{"@type":"WebSite","@id":"https:\/\/timbrehotels.com\/heroismo\/es\/#website","url":"https:\/\/timbrehotels.com\/heroismo\/es\/","name":"Timbre Hero\u00edsmo","description":"","publisher":{"@id":"https:\/\/timbrehotels.com\/heroismo\/es\/#organization"},"potentialAction":[{"@type":"SearchAction","target":{"@type":"EntryPoint","urlTemplate":"https:\/\/timbrehotels.com\/heroismo\/es\/?s={search_term_string}"},"query-input":{"@type":"PropertyValueSpecification","valueRequired":true,"valueName":"search_term_string"}}],"inLanguage":"es"},{"@type":"Organization","@id":"https:\/\/timbrehotels.com\/heroismo\/es\/#organization","name":"Timbre Hero\u00edsmo","url":"https:\/\/timbrehotels.com\/heroismo\/es\/","logo":{"@type":"ImageObject","inLanguage":"es","@id":"https:\/\/timbrehotels.com\/heroismo\/es\/#\/schema\/logo\/image\/","url":"https:\/\/timbrehotels.com\/heroismo\/wp-content\/uploads\/sites\/3\/2024\/10\/heroismo-1.png","contentUrl":"https:\/\/timbrehotels.com\/heroismo\/wp-content\/uploads\/sites\/3\/2024\/10\/heroismo-1.png","width":289,"height":110,"caption":"Timbre Hero\u00edsmo"},"image":{"@id":"https:\/\/timbrehotels.com\/heroismo\/es\/#\/schema\/logo\/image\/"}}]}},"_links":{"self":[{"href":"https:\/\/timbrehotels.com\/heroismo\/es\/wp-json\/wp\/v2\/pages\/3746","targetHints":{"allow":["GET"]}}],"collection":[{"href":"https:\/\/timbrehotels.com\/heroismo\/es\/wp-json\/wp\/v2\/pages"}],"about":[{"href":"https:\/\/timbrehotels.com\/heroismo\/es\/wp-json\/wp\/v2\/types\/page"}],"author":[{"embeddable":true,"href":"https:\/\/timbrehotels.com\/heroismo\/es\/wp-json\/wp\/v2\/users\/2"}],"replies":[{"embeddable":true,"href":"https:\/\/timbrehotels.com\/heroismo\/es\/wp-json\/wp\/v2\/comments?post=3746"}],"version-history":[{"count":0,"href":"https:\/\/timbrehotels.com\/heroismo\/es\/wp-json\/wp\/v2\/pages\/3746\/revisions"}],"wp:attachment":[{"href":"https:\/\/timbrehotels.com\/heroismo\/es\/wp-json\/wp\/v2\/media?parent=3746"}],"curies":[{"name":"wp","href":"https:\/\/api.w.org\/{rel}","templated":true}]}}