{"id":6849,"date":"2025-11-15T21:12:59","date_gmt":"2025-11-15T21:12:59","guid":{"rendered":"https:\/\/timbrehotels.com\/virtudes\/terminos-y-condiciones\/"},"modified":"2025-11-16T00:40:41","modified_gmt":"2025-11-16T00:40:41","slug":"terminos-y-condiciones","status":"publish","type":"page","link":"https:\/\/timbrehotels.com\/virtudes\/es\/terminos-y-condiciones\/","title":{"rendered":"T\u00e9rminos y Condiciones"},"content":{"rendered":"\t\t<div data-elementor-type=\"wp-page\" data-elementor-id=\"6849\" class=\"elementor elementor-6849 elementor-6834\" data-elementor-post-type=\"page\">\n\t\t\t\t\t\t<section class=\"elementor-section elementor-top-section elementor-element elementor-element-0582df1 elementor-section-boxed elementor-section-height-default elementor-section-height-default\" data-id=\"0582df1\" data-element_type=\"section\" data-e-type=\"section\" data-settings=\"{&quot;background_background&quot;:&quot;classic&quot;}\">\n\t\t\t\t\t\t<div class=\"elementor-container elementor-column-gap-default\">\n\t\t\t\t\t<div class=\"elementor-column elementor-col-100 elementor-top-column elementor-element elementor-element-88dea2f\" data-id=\"88dea2f\" data-element_type=\"column\" data-e-type=\"column\">\n\t\t\t<div class=\"elementor-widget-wrap elementor-element-populated\">\n\t\t\t\t\t\t<div class=\"elementor-element elementor-element-ba7c4c6 elementor-widget-divider--view-line_text elementor-widget-divider--element-align-left elementor-widget elementor-widget-divider\" data-id=\"ba7c4c6\" data-element_type=\"widget\" data-e-type=\"widget\" data-widget_type=\"divider.default\">\n\t\t\t\t<div class=\"elementor-widget-container\">\n\t\t\t\t\t\t\t<div class=\"elementor-divider\">\n\t\t\t<span class=\"elementor-divider-separator\">\n\t\t\t\t\t\t\t<h2 class=\"elementor-divider__text elementor-divider__element\">\n\t\t\t\tT\u00c9RMMINOS Y CONDICIONES\t\t\t\t<\/h2>\n\t\t\t\t\t\t<\/span>\n\t\t<\/div>\n\t\t\t\t\t\t<\/div>\n\t\t\t\t<\/div>\n\t\t\t\t<div class=\"elementor-element elementor-element-ff53059 elementor-widget elementor-widget-heading\" data-id=\"ff53059\" data-element_type=\"widget\" data-e-type=\"widget\" data-widget_type=\"heading.default\">\n\t\t\t\t<div class=\"elementor-widget-container\">\n\t\t\t\t\t<h3 class=\"elementor-heading-title elementor-size-default\">1. Identificaci\u00f3n de la Empresa <\/h3>\t\t\t\t<\/div>\n\t\t\t\t<\/div>\n\t\t\t\t<div class=\"elementor-element elementor-element-b3ac19e policy elementor-widget elementor-widget-text-editor\" data-id=\"b3ac19e\" data-element_type=\"widget\" data-e-type=\"widget\" data-widget_type=\"text-editor.default\">\n\t\t\t\t<div class=\"elementor-widget-container\">\n\t\t\t\t\t\t\t\t\t<p>La gesti\u00f3n y explotaci\u00f3n del presente sitio web es responsabilidad de:<br \/><strong>IME \u2013 Im\u00f3veis e Empreendimentos Hoteleiros, S.A.<\/strong><br \/>NIPC (NIF): 503 226 033 Sede: Rua do Arquitecto Cassiano Barbosa 44 Esc 9, 4100-009 Porto, Portugal<br \/>Tel\u00e9fono: (+351) 226 105 430 (Llamada a red fija nacional)<br \/>Email: <a href=\"mailto:info@timbrehotels.com\">info@timbrehotels.com <\/a><\/p><div id=\"inspect-element-top-layer\" style=\"pointer-events: none; border: unset; padding: 0px;\" data-inspect-element=\"inspectElement\">\u00a0<\/div><div id=\"inspect-element-top-layer\" style=\"pointer-events: none; border: unset; padding: 0px;\" data-inspect-element=\"inspectElement\">\u00a0<\/div>\t\t\t\t\t\t\t\t<\/div>\n\t\t\t\t<\/div>\n\t\t\t\t<div class=\"elementor-element elementor-element-11f630b elementor-widget elementor-widget-heading\" data-id=\"11f630b\" data-element_type=\"widget\" data-e-type=\"widget\" data-widget_type=\"heading.default\">\n\t\t\t\t<div class=\"elementor-widget-container\">\n\t\t\t\t\t<h3 class=\"elementor-heading-title elementor-size-default\">2. Objeto de los T\u00e9rminos y Condiciones <\/h3>\t\t\t\t<\/div>\n\t\t\t\t<\/div>\n\t\t\t\t<div class=\"elementor-element elementor-element-4bdb59d policy elementor-widget elementor-widget-text-editor\" data-id=\"4bdb59d\" data-element_type=\"widget\" data-e-type=\"widget\" data-widget_type=\"text-editor.default\">\n\t\t\t\t<div class=\"elementor-widget-container\">\n\t\t\t\t\t\t\t\t\tEstos T\u00e9rminos y Condiciones regulan el acceso y la utilizaci\u00f3n del sitio web timbrehotels.com, as\u00ed como las condiciones aplicables a las reservas efectuadas a trav\u00e9s del sitio.\t\t\t\t\t\t\t\t<\/div>\n\t\t\t\t<\/div>\n\t\t\t\t<div class=\"elementor-element elementor-element-c042df3 elementor-widget elementor-widget-heading\" data-id=\"c042df3\" data-element_type=\"widget\" data-e-type=\"widget\" data-widget_type=\"heading.default\">\n\t\t\t\t<div class=\"elementor-widget-container\">\n\t\t\t\t\t<h3 class=\"elementor-heading-title elementor-size-default\">3. Condiciones de las Reservas<\/h3>\t\t\t\t<\/div>\n\t\t\t\t<\/div>\n\t\t\t\t<div class=\"elementor-element elementor-element-eaada4c policy elementor-widget elementor-widget-text-editor\" data-id=\"eaada4c\" data-element_type=\"widget\" data-e-type=\"widget\" data-widget_type=\"text-editor.default\">\n\t\t\t\t<div class=\"elementor-widget-container\">\n\t\t\t\t\t\t\t\t\t<p><strong>3.1. Momento del cargo<\/strong><\/p><p>El importe a pagar se presenta en el momento de la reserva, dependiendo de las tarifas y condiciones seleccionadas.<\/p><ul><li><strong>Tarifas No Reembolsables:<\/strong> El importe total se carga inmediatamente despu\u00e9s de la confirmaci\u00f3n de la reserva.<\/li><li><strong>Tarifas Flexibles: <\/strong>La tarjeta de cr\u00e9dito podr\u00e1 ser pre-autorizada. El pago final se efect\u00faa en el check-in o check-out, seg\u00fan las condiciones de la tarifa elegida.<\/li><\/ul><p><strong>3.2. Pol\u00edtica de cancelaci\u00f3n<\/strong><\/p><p>\u00a0Las condiciones de cancelaci\u00f3n se presentan durante el proceso de reserva y var\u00edan seg\u00fan la tarifa seleccionada.<\/p><p><strong>Ejemplos t\u00edpicos:<\/strong><\/p><ul><li><strong>Tarifa Flexible: <\/strong>Cancelaci\u00f3n gratuita hasta 48 horas antes de la fecha de llegada; despu\u00e9s de ese per\u00edodo, se podr\u00e1 cobrar el valor de la primera noche o el valor total, seg\u00fan la pol\u00edtica aplicable.<\/li><li><strong>Tarifa No Reembolsable: <\/strong>No permite cancelaciones ni modificaciones; en caso de cancelaci\u00f3n, modificaci\u00f3n o no presentaci\u00f3n (no-show), el importe total pagado no es reembolsado.<\/li><\/ul><div id=\"inspect-element-top-layer\" style=\"pointer-events: none; border: unset; padding: 0px;\" data-inspect-element=\"inspectElement\">\u00a0<\/div>\t\t\t\t\t\t\t\t<\/div>\n\t\t\t\t<\/div>\n\t\t\t\t<div class=\"elementor-element elementor-element-0e0a084 elementor-widget elementor-widget-heading\" data-id=\"0e0a084\" data-element_type=\"widget\" data-e-type=\"widget\" data-widget_type=\"heading.default\">\n\t\t\t\t<div class=\"elementor-widget-container\">\n\t\t\t\t\t<h3 class=\"elementor-heading-title elementor-size-default\">4. Precios e Impuestos <\/h3>\t\t\t\t<\/div>\n\t\t\t\t<\/div>\n\t\t\t\t<div class=\"elementor-element elementor-element-e1b3e80 elementor-widget elementor-widget-text-editor\" data-id=\"e1b3e80\" data-element_type=\"widget\" data-e-type=\"widget\" data-widget_type=\"text-editor.default\">\n\t\t\t\t<div class=\"elementor-widget-container\">\n\t\t\t\t\t\t\t\t\tLos precios presentados incluyen el IVA al tipo legal vigente. El Ayuntamiento de Oporto (Munic\u00edpio do Porto) aplica una Tasa Municipal Tur\u00edstica, cuyo valor se informa durante el proceso de reserva y se cobra de acuerdo con las reglas vigentes. \t\t\t\t\t\t\t\t<\/div>\n\t\t\t\t<\/div>\n\t\t\t\t<div class=\"elementor-element elementor-element-45cb935 elementor-widget elementor-widget-heading\" data-id=\"45cb935\" data-element_type=\"widget\" data-e-type=\"widget\" data-widget_type=\"heading.default\">\n\t\t\t\t<div class=\"elementor-widget-container\">\n\t\t\t\t\t<h3 class=\"elementor-heading-title elementor-size-default\">5. Derechos del Consumidor <\/h3>\t\t\t\t<\/div>\n\t\t\t\t<\/div>\n\t\t\t\t<div class=\"elementor-element elementor-element-4c8775d elementor-widget elementor-widget-text-editor\" data-id=\"4c8775d\" data-element_type=\"widget\" data-e-type=\"widget\" data-widget_type=\"text-editor.default\">\n\t\t\t\t<div class=\"elementor-widget-container\">\n\t\t\t\t\t\t\t\t\t<p>El consumidor tiene derecho a presentar una reclamaci\u00f3n al amparo de la legislaci\u00f3n portuguesa, concretamente a trav\u00e9s de la <strong>Direcci\u00f3n General del Consumidor (Dire\u00e7\u00e3o-Geral do Consumidor) <\/strong>o del<strong> Libro de Reclamaciones Electr\u00f3nico (Livro de Reclama\u00e7\u00f5es Eletr\u00f3nico)<\/strong>, accesible a trav\u00e9s de este sitio web.<\/p><p>En caso de litigio de consumo, el consumidor puede recurrir a las entidades de Resoluci\u00f3n Alternativa de Litigios (RAL) previstas en la Ley n.\u00ba 144\/2015, incluidos los <strong>Juzgados de Paz (Julgados de Paz)<\/strong>, cuando sean territorialmente competentes, y los Centros de Arbitraje de Conflictos de Consumo. <\/p><p>M\u00e1s informaci\u00f3n disponible en: <a href=\"https:\/\/www.consumidor.gov.pt\">https:\/\/www.consumidor.gov.pt<\/a><\/p>\t\t\t\t\t\t\t\t<\/div>\n\t\t\t\t<\/div>\n\t\t\t\t<div class=\"elementor-element elementor-element-6dc218c elementor-widget elementor-widget-heading\" data-id=\"6dc218c\" data-element_type=\"widget\" data-e-type=\"widget\" data-widget_type=\"heading.default\">\n\t\t\t\t<div class=\"elementor-widget-container\">\n\t\t\t\t\t<h3 class=\"elementor-heading-title elementor-size-default\">6. Privacidad y Protecci\u00f3n de Datos <\/h3>\t\t\t\t<\/div>\n\t\t\t\t<\/div>\n\t\t\t\t<div class=\"elementor-element elementor-element-7560f0a elementor-widget elementor-widget-text-editor\" data-id=\"7560f0a\" data-element_type=\"widget\" data-e-type=\"widget\" data-widget_type=\"text-editor.default\">\n\t\t\t\t<div class=\"elementor-widget-container\">\n\t\t\t\t\t\t\t\t\tLos datos personales tratados en el \u00e1mbito del uso del sitio web y de las reservas se utilizan exclusivamente para:\n<ul>\n \t<li>Gesti\u00f3n y confirmaci\u00f3n de reservas<\/li>\n \t<li>Facturaci\u00f3n<\/li>\n \t<li>Comunicaci\u00f3n con el hu\u00e9sped<\/li>\n \t<li>Cumplimiento de obligaciones legales, incluida la comunicaci\u00f3n al SEF<\/li>\n \t<li>Seguridad y prevenci\u00f3n de fraude<\/li>\n<\/ul>\nLos datos personales <strong>no se comparten con terceros<\/strong>, excepto cuando sea necesario para:\n<ul>\n \t<li>Entidades procesadoras de pago<\/li>\n \t<li>PMS (Property Management System)<\/li>\n \t<li>Motor de reservas<\/li>\n \t<li>Obligaciones legales impuestas por autoridades p\u00fablicas<\/li>\n<\/ul>\nEl tratamiento de datos cumple con el RGPD (Reglamento UE 2016\/679). Para m\u00e1s informaci\u00f3n, consulte nuestra <strong>Pol\u00edtica de Privacidad<\/strong>.<br> \t\t\t\t\t\t\t\t<\/div>\n\t\t\t\t<\/div>\n\t\t\t\t<div class=\"elementor-element elementor-element-5318469 elementor-widget elementor-widget-heading\" data-id=\"5318469\" data-element_type=\"widget\" data-e-type=\"widget\" data-widget_type=\"heading.default\">\n\t\t\t\t<div class=\"elementor-widget-container\">\n\t\t\t\t\t<h3 class=\"elementor-heading-title elementor-size-default\">7. Propiedad Intelectual <\/h3>\t\t\t\t<\/div>\n\t\t\t\t<\/div>\n\t\t\t\t<div class=\"elementor-element elementor-element-e835c79 policy elementor-widget elementor-widget-text-editor\" data-id=\"e835c79\" data-element_type=\"widget\" data-e-type=\"widget\" data-widget_type=\"text-editor.default\">\n\t\t\t\t<div class=\"elementor-widget-container\">\n\t\t\t\t\t\t\t\t\tTodo el contenido del sitio web (textos, im\u00e1genes, gr\u00e1ficos, marcas, logotipos) es propiedad de Timbre Hotels o se utiliza con autorizaci\u00f3n, no pudiendo ser copiado o reproducido sin consentimiento previo.\t\t\t\t\t\t\t\t<\/div>\n\t\t\t\t<\/div>\n\t\t\t\t<div class=\"elementor-element elementor-element-686a8da elementor-widget elementor-widget-heading\" data-id=\"686a8da\" data-element_type=\"widget\" data-e-type=\"widget\" data-widget_type=\"heading.default\">\n\t\t\t\t<div class=\"elementor-widget-container\">\n\t\t\t\t\t<h3 class=\"elementor-heading-title elementor-size-default\">8. Responsabilidad <\/h3>\t\t\t\t<\/div>\n\t\t\t\t<\/div>\n\t\t\t\t<div class=\"elementor-element elementor-element-69d36bd elementor-widget elementor-widget-text-editor\" data-id=\"69d36bd\" data-element_type=\"widget\" data-e-type=\"widget\" data-widget_type=\"text-editor.default\">\n\t\t\t\t<div class=\"elementor-widget-container\">\n\t\t\t\t\t\t\t\t\t<strong>IME \u2013 Im\u00f3veis e Empreendimentos Hoteleiros, S.A. <\/strong>(\u201cTimbre Hotels\u201d) no garantiza que el sitio web funcione sin interrupciones o errores t\u00e9cnicos. No es responsable de los da\u00f1os derivados del uso indebido del sitio, fallos de comunicaci\u00f3n o accesos no autorizados. \t\t\t\t\t\t\t\t<\/div>\n\t\t\t\t<\/div>\n\t\t\t\t<div class=\"elementor-element elementor-element-e9b457d elementor-widget elementor-widget-heading\" data-id=\"e9b457d\" data-element_type=\"widget\" data-e-type=\"widget\" data-widget_type=\"heading.default\">\n\t\t\t\t<div class=\"elementor-widget-container\">\n\t\t\t\t\t<h3 class=\"elementor-heading-title elementor-size-default\">9. Enlaces a Sitios de Terceros <\/h3>\t\t\t\t<\/div>\n\t\t\t\t<\/div>\n\t\t\t\t<div class=\"elementor-element elementor-element-fdd464f elementor-widget elementor-widget-text-editor\" data-id=\"fdd464f\" data-element_type=\"widget\" data-e-type=\"widget\" data-widget_type=\"text-editor.default\">\n\t\t\t\t<div class=\"elementor-widget-container\">\n\t\t\t\t\t\t\t\t\tEl sitio web puede contener enlaces externos. Timbre Hotels no asume ninguna responsabilidad por los contenidos de terceros. \t\t\t\t\t\t\t\t<\/div>\n\t\t\t\t<\/div>\n\t\t\t\t<div class=\"elementor-element elementor-element-8219152 elementor-widget elementor-widget-heading\" data-id=\"8219152\" data-element_type=\"widget\" data-e-type=\"widget\" data-widget_type=\"heading.default\">\n\t\t\t\t<div class=\"elementor-widget-container\">\n\t\t\t\t\t<h3 class=\"elementor-heading-title elementor-size-default\">10. Ley Aplicable y Jurisdicci\u00f3n<\/h3>\t\t\t\t<\/div>\n\t\t\t\t<\/div>\n\t\t\t\t<div class=\"elementor-element elementor-element-6fd45c2 elementor-widget elementor-widget-text-editor\" data-id=\"6fd45c2\" data-element_type=\"widget\" data-e-type=\"widget\" data-widget_type=\"text-editor.default\">\n\t\t\t\t<div class=\"elementor-widget-container\">\n\t\t\t\t\t\t\t\t\tLos presentes T\u00e9rminos y Condiciones se rigen por la <strong>Ley Portuguesa<\/strong>.<br>En caso de litigio, es competente el tribunal de la <strong>Comarca de Oporto (Foro da Comarca do Porto)<\/strong>, sin perjuicio del recurso a las entidades RAL previstas en la ley. \t\t\t\t\t\t\t\t<\/div>\n\t\t\t\t<\/div>\n\t\t\t\t<div class=\"elementor-element elementor-element-fef9f62 elementor-widget elementor-widget-heading\" data-id=\"fef9f62\" data-element_type=\"widget\" data-e-type=\"widget\" data-widget_type=\"heading.default\">\n\t\t\t\t<div class=\"elementor-widget-container\">\n\t\t\t\t\t<h3 class=\"elementor-heading-title elementor-size-default\">11. Modificaciones de los T\u00e9rminos y Condiciones <\/h3>\t\t\t\t<\/div>\n\t\t\t\t<\/div>\n\t\t\t\t<div class=\"elementor-element elementor-element-b570ac4 elementor-widget elementor-widget-text-editor\" data-id=\"b570ac4\" data-element_type=\"widget\" data-e-type=\"widget\" data-widget_type=\"text-editor.default\">\n\t\t\t\t<div class=\"elementor-widget-container\">\n\t\t\t\t\t\t\t\t\t<p><strong>IME \u2013 Im\u00f3veis e Empreendimentos Hoteleiros, S.A.<\/strong> (\u201cTimbre Hotels\u201d) se reserva el derecho de modificar estos T\u00e9rminos y Condiciones en cualquier momento. Las modificaciones entran en vigor tras su publicaci\u00f3n en el sitio web.<\/p><div id=\"inspect-element-top-layer\" style=\"pointer-events: none; border: unset; padding: 0px;\" data-inspect-element=\"inspectElement\">\u00a0<\/div>\t\t\t\t\t\t\t\t<\/div>\n\t\t\t\t<\/div>\n\t\t\t\t\t<\/div>\n\t\t<\/div>\n\t\t\t\t\t<\/div>\n\t\t<\/section>\n\t\t\t\t<\/div>\n\t\t","protected":false},"excerpt":{"rendered":"<p>T\u00c9RMMINOS Y CONDICIONES 1. Identificaci\u00f3n de la Empresa La gesti\u00f3n y explotaci\u00f3n del presente sitio web es responsabilidad de:IME \u2013 Im\u00f3veis e Empreendimentos Hoteleiros, S.A.NIPC (NIF): 503 226 033 Sede: Rua do Arquitecto Cassiano Barbosa 44 Esc 9, 4100-009 Porto, PortugalTel\u00e9fono: (+351) 226 105 430 (Llamada a red fija nacional)Email: info@timbrehotels.com \u00a0\u00a0 2. Objeto de [&hellip;]<\/p>\n","protected":false},"author":2,"featured_media":0,"parent":0,"menu_order":0,"comment_status":"closed","ping_status":"closed","template":"elementor_header_footer","meta":{"_sitemap_exclude":false,"_sitemap_priority":"","_sitemap_frequency":"","footnotes":""},"class_list":["post-6849","page","type-page","status-publish","hentry"],"yoast_head":"<!-- This site is optimized with the Yoast SEO plugin v27.4 - https:\/\/yoast.com\/product\/yoast-seo-wordpress\/ -->\n<title>T\u00e9rminos y Condiciones - Timbre Virtudes<\/title>\n<meta name=\"robots\" content=\"index, follow, max-snippet:-1, max-image-preview:large, max-video-preview:-1\" \/>\n<link rel=\"canonical\" href=\"https:\/\/timbrehotels.com\/virtudes\/es\/terminos-y-condiciones\/\" \/>\n<meta property=\"og:locale\" content=\"es_ES\" \/>\n<meta property=\"og:type\" content=\"article\" \/>\n<meta property=\"og:title\" content=\"T\u00e9rminos y Condiciones - Timbre Virtudes\" \/>\n<meta property=\"og:description\" content=\"T\u00c9RMMINOS Y CONDICIONES 1. Identificaci\u00f3n de la Empresa La gesti\u00f3n y explotaci\u00f3n del presente sitio web es responsabilidad de:IME \u2013 Im\u00f3veis e Empreendimentos Hoteleiros, S.A.NIPC (NIF): 503 226 033 Sede: Rua do Arquitecto Cassiano Barbosa 44 Esc 9, 4100-009 Porto, PortugalTel\u00e9fono: (+351) 226 105 430 (Llamada a red fija nacional)Email: info@timbrehotels.com \u00a0\u00a0 2. Objeto de [&hellip;]\" \/>\n<meta property=\"og:url\" content=\"https:\/\/timbrehotels.com\/virtudes\/es\/terminos-y-condiciones\/\" \/>\n<meta property=\"og:site_name\" content=\"Timbre Virtudes\" \/>\n<meta property=\"article:modified_time\" content=\"2025-11-16T00:40:41+00:00\" \/>\n<meta name=\"twitter:card\" content=\"summary_large_image\" \/>\n<meta name=\"twitter:label1\" content=\"Tiempo de lectura\" \/>\n\t<meta name=\"twitter:data1\" content=\"4 minutos\" \/>\n<script type=\"application\/ld+json\" class=\"yoast-schema-graph\">{\"@context\":\"https:\\\/\\\/schema.org\",\"@graph\":[{\"@type\":\"WebPage\",\"@id\":\"https:\\\/\\\/timbrehotels.com\\\/virtudes\\\/es\\\/terminos-y-condiciones\\\/\",\"url\":\"https:\\\/\\\/timbrehotels.com\\\/virtudes\\\/es\\\/terminos-y-condiciones\\\/\",\"name\":\"T\u00e9rminos y Condiciones - Timbre Virtudes\",\"isPartOf\":{\"@id\":\"https:\\\/\\\/timbrehotels.com\\\/virtudes\\\/es\\\/#website\"},\"datePublished\":\"2025-11-15T21:12:59+00:00\",\"dateModified\":\"2025-11-16T00:40:41+00:00\",\"breadcrumb\":{\"@id\":\"https:\\\/\\\/timbrehotels.com\\\/virtudes\\\/es\\\/terminos-y-condiciones\\\/#breadcrumb\"},\"inLanguage\":\"es\",\"potentialAction\":[{\"@type\":\"ReadAction\",\"target\":[\"https:\\\/\\\/timbrehotels.com\\\/virtudes\\\/es\\\/terminos-y-condiciones\\\/\"]}]},{\"@type\":\"BreadcrumbList\",\"@id\":\"https:\\\/\\\/timbrehotels.com\\\/virtudes\\\/es\\\/terminos-y-condiciones\\\/#breadcrumb\",\"itemListElement\":[{\"@type\":\"ListItem\",\"position\":1,\"name\":\"In\u00edcio\",\"item\":\"https:\\\/\\\/timbrehotels.com\\\/virtudes\\\/es\\\/\"},{\"@type\":\"ListItem\",\"position\":2,\"name\":\"T\u00e9rminos y Condiciones\"}]},{\"@type\":\"WebSite\",\"@id\":\"https:\\\/\\\/timbrehotels.com\\\/virtudes\\\/es\\\/#website\",\"url\":\"https:\\\/\\\/timbrehotels.com\\\/virtudes\\\/es\\\/\",\"name\":\"Timbre Virtudes\",\"description\":\"\",\"publisher\":{\"@id\":\"https:\\\/\\\/timbrehotels.com\\\/virtudes\\\/es\\\/#organization\"},\"potentialAction\":[{\"@type\":\"SearchAction\",\"target\":{\"@type\":\"EntryPoint\",\"urlTemplate\":\"https:\\\/\\\/timbrehotels.com\\\/virtudes\\\/es\\\/?s={search_term_string}\"},\"query-input\":{\"@type\":\"PropertyValueSpecification\",\"valueRequired\":true,\"valueName\":\"search_term_string\"}}],\"inLanguage\":\"es\"},{\"@type\":\"Organization\",\"@id\":\"https:\\\/\\\/timbrehotels.com\\\/virtudes\\\/es\\\/#organization\",\"name\":\"Timbre Virtudes\",\"url\":\"https:\\\/\\\/timbrehotels.com\\\/virtudes\\\/es\\\/\",\"logo\":{\"@type\":\"ImageObject\",\"inLanguage\":\"es\",\"@id\":\"https:\\\/\\\/timbrehotels.com\\\/virtudes\\\/es\\\/#\\\/schema\\\/logo\\\/image\\\/\",\"url\":\"https:\\\/\\\/timbrehotels.com\\\/virtudes\\\/wp-content\\\/uploads\\\/sites\\\/2\\\/2024\\\/08\\\/virtudes2.png\",\"contentUrl\":\"https:\\\/\\\/timbrehotels.com\\\/virtudes\\\/wp-content\\\/uploads\\\/sites\\\/2\\\/2024\\\/08\\\/virtudes2.png\",\"width\":298,\"height\":111,\"caption\":\"Timbre Virtudes\"},\"image\":{\"@id\":\"https:\\\/\\\/timbrehotels.com\\\/virtudes\\\/es\\\/#\\\/schema\\\/logo\\\/image\\\/\"}}]}<\/script>\n<!-- \/ Yoast SEO plugin. -->","yoast_head_json":{"title":"T\u00e9rminos y Condiciones - Timbre Virtudes","robots":{"index":"index","follow":"follow","max-snippet":"max-snippet:-1","max-image-preview":"max-image-preview:large","max-video-preview":"max-video-preview:-1"},"canonical":"https:\/\/timbrehotels.com\/virtudes\/es\/terminos-y-condiciones\/","og_locale":"es_ES","og_type":"article","og_title":"T\u00e9rminos y Condiciones - Timbre Virtudes","og_description":"T\u00c9RMMINOS Y CONDICIONES 1. Identificaci\u00f3n de la Empresa La gesti\u00f3n y explotaci\u00f3n del presente sitio web es responsabilidad de:IME \u2013 Im\u00f3veis e Empreendimentos Hoteleiros, S.A.NIPC (NIF): 503 226 033 Sede: Rua do Arquitecto Cassiano Barbosa 44 Esc 9, 4100-009 Porto, PortugalTel\u00e9fono: (+351) 226 105 430 (Llamada a red fija nacional)Email: info@timbrehotels.com \u00a0\u00a0 2. Objeto de [&hellip;]","og_url":"https:\/\/timbrehotels.com\/virtudes\/es\/terminos-y-condiciones\/","og_site_name":"Timbre Virtudes","article_modified_time":"2025-11-16T00:40:41+00:00","twitter_card":"summary_large_image","twitter_misc":{"Tiempo de lectura":"4 minutos"},"schema":{"@context":"https:\/\/schema.org","@graph":[{"@type":"WebPage","@id":"https:\/\/timbrehotels.com\/virtudes\/es\/terminos-y-condiciones\/","url":"https:\/\/timbrehotels.com\/virtudes\/es\/terminos-y-condiciones\/","name":"T\u00e9rminos y Condiciones - Timbre Virtudes","isPartOf":{"@id":"https:\/\/timbrehotels.com\/virtudes\/es\/#website"},"datePublished":"2025-11-15T21:12:59+00:00","dateModified":"2025-11-16T00:40:41+00:00","breadcrumb":{"@id":"https:\/\/timbrehotels.com\/virtudes\/es\/terminos-y-condiciones\/#breadcrumb"},"inLanguage":"es","potentialAction":[{"@type":"ReadAction","target":["https:\/\/timbrehotels.com\/virtudes\/es\/terminos-y-condiciones\/"]}]},{"@type":"BreadcrumbList","@id":"https:\/\/timbrehotels.com\/virtudes\/es\/terminos-y-condiciones\/#breadcrumb","itemListElement":[{"@type":"ListItem","position":1,"name":"In\u00edcio","item":"https:\/\/timbrehotels.com\/virtudes\/es\/"},{"@type":"ListItem","position":2,"name":"T\u00e9rminos y Condiciones"}]},{"@type":"WebSite","@id":"https:\/\/timbrehotels.com\/virtudes\/es\/#website","url":"https:\/\/timbrehotels.com\/virtudes\/es\/","name":"Timbre Virtudes","description":"","publisher":{"@id":"https:\/\/timbrehotels.com\/virtudes\/es\/#organization"},"potentialAction":[{"@type":"SearchAction","target":{"@type":"EntryPoint","urlTemplate":"https:\/\/timbrehotels.com\/virtudes\/es\/?s={search_term_string}"},"query-input":{"@type":"PropertyValueSpecification","valueRequired":true,"valueName":"search_term_string"}}],"inLanguage":"es"},{"@type":"Organization","@id":"https:\/\/timbrehotels.com\/virtudes\/es\/#organization","name":"Timbre Virtudes","url":"https:\/\/timbrehotels.com\/virtudes\/es\/","logo":{"@type":"ImageObject","inLanguage":"es","@id":"https:\/\/timbrehotels.com\/virtudes\/es\/#\/schema\/logo\/image\/","url":"https:\/\/timbrehotels.com\/virtudes\/wp-content\/uploads\/sites\/2\/2024\/08\/virtudes2.png","contentUrl":"https:\/\/timbrehotels.com\/virtudes\/wp-content\/uploads\/sites\/2\/2024\/08\/virtudes2.png","width":298,"height":111,"caption":"Timbre Virtudes"},"image":{"@id":"https:\/\/timbrehotels.com\/virtudes\/es\/#\/schema\/logo\/image\/"}}]}},"_links":{"self":[{"href":"https:\/\/timbrehotels.com\/virtudes\/es\/wp-json\/wp\/v2\/pages\/6849","targetHints":{"allow":["GET"]}}],"collection":[{"href":"https:\/\/timbrehotels.com\/virtudes\/es\/wp-json\/wp\/v2\/pages"}],"about":[{"href":"https:\/\/timbrehotels.com\/virtudes\/es\/wp-json\/wp\/v2\/types\/page"}],"author":[{"embeddable":true,"href":"https:\/\/timbrehotels.com\/virtudes\/es\/wp-json\/wp\/v2\/users\/2"}],"replies":[{"embeddable":true,"href":"https:\/\/timbrehotels.com\/virtudes\/es\/wp-json\/wp\/v2\/comments?post=6849"}],"version-history":[{"count":12,"href":"https:\/\/timbrehotels.com\/virtudes\/es\/wp-json\/wp\/v2\/pages\/6849\/revisions"}],"predecessor-version":[{"id":6908,"href":"https:\/\/timbrehotels.com\/virtudes\/es\/wp-json\/wp\/v2\/pages\/6849\/revisions\/6908"}],"wp:attachment":[{"href":"https:\/\/timbrehotels.com\/virtudes\/es\/wp-json\/wp\/v2\/media?parent=6849"}],"curies":[{"name":"wp","href":"https:\/\/api.w.org\/{rel}","templated":true}]}}