{"id":5088,"date":"2024-08-29T15:28:46","date_gmt":"2024-08-29T15:28:46","guid":{"rendered":"https:\/\/timbrehotels.com\/virtudes\/plan-du-site\/"},"modified":"2025-01-03T11:56:50","modified_gmt":"2025-01-03T11:56:50","slug":"plan-du-site","status":"publish","type":"page","link":"https:\/\/timbrehotels.com\/virtudes\/fr\/plan-du-site\/","title":{"rendered":"Plan du site"},"content":{"rendered":"\t\t<div data-elementor-type=\"wp-page\" data-elementor-id=\"5088\" class=\"elementor elementor-5088 elementor-217\" data-elementor-post-type=\"page\">\n\t\t\t\t\t\t<section class=\"elementor-section elementor-top-section elementor-element elementor-element-6acc5b8 elementor-section-boxed elementor-section-height-default elementor-section-height-default\" data-id=\"6acc5b8\" data-element_type=\"section\" data-e-type=\"section\" data-settings=\"{&quot;background_background&quot;:&quot;classic&quot;}\">\n\t\t\t\t\t\t<div class=\"elementor-container elementor-column-gap-default\">\n\t\t\t\t\t<div class=\"elementor-column elementor-col-100 elementor-top-column elementor-element elementor-element-a358f68\" data-id=\"a358f68\" data-element_type=\"column\" data-e-type=\"column\">\n\t\t\t<div class=\"elementor-widget-wrap elementor-element-populated\">\n\t\t\t\t\t\t<div class=\"elementor-element elementor-element-15058fb elementor-widget-divider--view-line_text elementor-widget-divider--element-align-left elementor-widget elementor-widget-divider\" data-id=\"15058fb\" data-element_type=\"widget\" data-e-type=\"widget\" data-widget_type=\"divider.default\">\n\t\t\t\t<div class=\"elementor-widget-container\">\n\t\t\t\t\t\t\t<div class=\"elementor-divider\">\n\t\t\t<span class=\"elementor-divider-separator\">\n\t\t\t\t\t\t\t<h2 class=\"elementor-divider__text elementor-divider__element\">\n\t\t\t\tPLAN DU SITE\t\t\t\t<\/h2>\n\t\t\t\t\t\t<\/span>\n\t\t<\/div>\n\t\t\t\t\t\t<\/div>\n\t\t\t\t<\/div>\n\t\t\t\t<section class=\"elementor-section elementor-inner-section elementor-element elementor-element-6d24c5f elementor-section-boxed elementor-section-height-default elementor-section-height-default\" data-id=\"6d24c5f\" data-element_type=\"section\" data-e-type=\"section\">\n\t\t\t\t\t\t<div class=\"elementor-container elementor-column-gap-default\">\n\t\t\t\t\t<div class=\"elementor-column elementor-col-50 elementor-inner-column elementor-element elementor-element-b2ed2c7\" data-id=\"b2ed2c7\" data-element_type=\"column\" data-e-type=\"column\">\n\t\t\t<div class=\"elementor-widget-wrap elementor-element-populated\">\n\t\t\t\t\t\t<div class=\"elementor-element elementor-element-fe419d9 elementor-widget elementor-widget-sitemap\" data-id=\"fe419d9\" data-element_type=\"widget\" data-e-type=\"widget\" data-widget_type=\"sitemap.default\">\n\t\t\t\t<div class=\"elementor-widget-container\">\n\t\t\t\t\t<div class=\"elementor-sitemap-wrap\"><div class=\"elementor-sitemap-section\"><h2 class=\"elementor-sitemap-title elementor-sitemap-page-title\"> <\/h2><ul class=\"elementor-sitemap-list elementor-sitemap-page-list\"><li class=\"elementor-sitemap-item elementor-sitemap-item-page page_item page-item-7232\"><a href=\"https:\/\/timbrehotels.com\/virtudes\/fr\/offres-speciales\/\">Offres Sp\u00e9ciales<\/a><\/li><li class=\"elementor-sitemap-item elementor-sitemap-item-page page_item page-item-5056\"><a href=\"https:\/\/timbrehotels.com\/virtudes\/fr\/chambres-suites\/\">Chambres &amp; Suites<\/a><ul class='children'><li class=\"elementor-sitemap-item elementor-sitemap-item-page page_item page-item-5140\"><a href=\"https:\/\/timbrehotels.com\/virtudes\/fr\/chambres-suites\/chambre-superieure\/\">Chambre Sup\u00e9rieure<\/a><\/li><li class=\"elementor-sitemap-item elementor-sitemap-item-page page_item page-item-5100\"><a href=\"https:\/\/timbrehotels.com\/virtudes\/fr\/chambres-suites\/chambre-superieure-avec-balcon\/\">Chambre Sup\u00e9rieure avec Balcon<\/a><\/li><li class=\"elementor-sitemap-item elementor-sitemap-item-page page_item page-item-5090\"><a href=\"https:\/\/timbrehotels.com\/virtudes\/fr\/chambres-suites\/grand-suite-alfandega\/\">Grand Suite Alf\u00e2ndega<\/a><\/li><li class=\"elementor-sitemap-item elementor-sitemap-item-page page_item page-item-5105\"><a href=\"https:\/\/timbrehotels.com\/virtudes\/fr\/chambres-suites\/chambre-duplex\/\">Chambre Duplex<\/a><\/li><li class=\"elementor-sitemap-item elementor-sitemap-item-page page_item page-item-5128\"><a href=\"https:\/\/timbrehotels.com\/virtudes\/fr\/chambres-suites\/chambre-classique-avec-terrasse\/\">Chambre Classique avec Terrasse<\/a><\/li><\/ul><\/li><li class=\"elementor-sitemap-item elementor-sitemap-item-page page_item page-item-4979\"><a href=\"https:\/\/timbrehotels.com\/virtudes\/fr\/services-de-lhotel\/\">Services de l&rsquo;H\u00f4tel<\/a><\/li><li class=\"elementor-sitemap-item elementor-sitemap-item-page page_item page-item-5018\"><a href=\"https:\/\/timbrehotels.com\/virtudes\/fr\/gastronomie\/\">Gastronomie<\/a><ul class='children'><li class=\"elementor-sitemap-item elementor-sitemap-item-page page_item page-item-5042\"><a href=\"https:\/\/timbrehotels.com\/virtudes\/fr\/gastronomie\/amura\/\">Amura<\/a><\/li><li class=\"elementor-sitemap-item elementor-sitemap-item-page page_item page-item-5035\"><a href=\"https:\/\/timbrehotels.com\/virtudes\/fr\/gastronomie\/traves\/\">Trav\u00e9s<\/a><\/li><\/ul><\/li><li class=\"elementor-sitemap-item elementor-sitemap-item-page page_item page-item-6853\"><a href=\"https:\/\/timbrehotels.com\/virtudes\/fr\/termes-et-conditions\/\">Termes et Conditions<\/a><\/li><li class=\"elementor-sitemap-item elementor-sitemap-item-page page_item page-item-5204\"><a href=\"https:\/\/timbrehotels.com\/virtudes\/fr\/faqs\/\">FAQs<\/a><\/li><li class=\"elementor-sitemap-item elementor-sitemap-item-page page_item page-item-4967\"><a href=\"https:\/\/timbrehotels.com\/virtudes\/fr\/\">Accueil<\/a><\/li><li class=\"elementor-sitemap-item elementor-sitemap-item-page page_item page-item-4995\"><a href=\"https:\/\/timbrehotels.com\/virtudes\/fr\/galerie\/\">Galerie<\/a><\/li><li class=\"elementor-sitemap-item elementor-sitemap-item-page page_item page-item-5206\"><a href=\"https:\/\/timbrehotels.com\/virtudes\/fr\/emplacement-contact\/\">Emplacement | Contact<\/a><\/li><li class=\"elementor-sitemap-item elementor-sitemap-item-page page_item page-item-5006\"><a href=\"https:\/\/timbrehotels.com\/virtudes\/fr\/reunions-evenements\/\">R\u00e9unions &amp; \u00c9v\u00e9nements<\/a><\/li><li class=\"elementor-sitemap-item elementor-sitemap-item-page page_item page-item-4989\"><a href=\"https:\/\/timbrehotels.com\/virtudes\/fr\/patrimoine\/\">Patrimoine<\/a><\/li><\/ul><\/div><\/div>\t\t\t\t<\/div>\n\t\t\t\t<\/div>\n\t\t\t\t\t<\/div>\n\t\t<\/div>\n\t\t\t\t<div class=\"elementor-column elementor-col-50 elementor-inner-column elementor-element elementor-element-dc6e5df\" data-id=\"dc6e5df\" data-element_type=\"column\" data-e-type=\"column\">\n\t\t\t<div class=\"elementor-widget-wrap elementor-element-populated\">\n\t\t\t\t\t\t<div class=\"elementor-element elementor-element-3b0a993 elementor-widget elementor-widget-heading\" data-id=\"3b0a993\" data-element_type=\"widget\" data-e-type=\"widget\" data-widget_type=\"heading.default\">\n\t\t\t\t<div class=\"elementor-widget-container\">\n\t\t\t\t\t<h6 class=\"elementor-heading-title elementor-size-default\">GROUPE TIMBRE<\/h6>\t\t\t\t<\/div>\n\t\t\t\t<\/div>\n\t\t\t\t<div class=\"elementor-element elementor-element-707c154 elementor-icon-list--layout-traditional elementor-list-item-link-full_width elementor-widget elementor-widget-icon-list\" data-id=\"707c154\" data-element_type=\"widget\" data-e-type=\"widget\" id=\"sitemap\" data-widget_type=\"icon-list.default\">\n\t\t\t\t<div class=\"elementor-widget-container\">\n\t\t\t\t\t\t\t<ul class=\"elementor-icon-list-items\">\n\t\t\t\t\t\t\t<li class=\"elementor-icon-list-item\">\n\t\t\t\t\t\t\t\t\t\t\t<a href=\"https:\/\/timbrehotels.com\/boavista\" target=\"_blank\">\n\n\t\t\t\t\t\t\t\t\t\t\t\t<span class=\"elementor-icon-list-icon\">\n\t\t\t\t\t\t\t<svg aria-hidden=\"true\" class=\"e-font-icon-svg e-fas-circle\" viewBox=\"0 0 512 512\" xmlns=\"http:\/\/www.w3.org\/2000\/svg\"><path d=\"M256 8C119 8 8 119 8 256s111 248 248 248 248-111 248-248S393 8 256 8z\"><\/path><\/svg>\t\t\t\t\t\t<\/span>\n\t\t\t\t\t\t\t\t\t\t<span class=\"elementor-icon-list-text\">Timbre Boavista<\/span>\n\t\t\t\t\t\t\t\t\t\t\t<\/a>\n\t\t\t\t\t\t\t\t\t<\/li>\n\t\t\t\t\t\t<\/ul>\n\t\t\t\t\t\t<\/div>\n\t\t\t\t<\/div>\n\t\t\t\t<div class=\"elementor-element elementor-element-ef6823a elementor-icon-list--layout-traditional elementor-list-item-link-full_width elementor-widget elementor-widget-icon-list\" data-id=\"ef6823a\" data-element_type=\"widget\" data-e-type=\"widget\" id=\"sitemap\" data-widget_type=\"icon-list.default\">\n\t\t\t\t<div class=\"elementor-widget-container\">\n\t\t\t\t\t\t\t<ul class=\"elementor-icon-list-items\">\n\t\t\t\t\t\t\t<li class=\"elementor-icon-list-item\">\n\t\t\t\t\t\t\t\t\t\t\t<a href=\"https:\/\/timbrehotels.com\/heroismo\">\n\n\t\t\t\t\t\t\t\t\t\t\t\t<span class=\"elementor-icon-list-icon\">\n\t\t\t\t\t\t\t<svg aria-hidden=\"true\" class=\"e-font-icon-svg e-fas-circle\" viewBox=\"0 0 512 512\" xmlns=\"http:\/\/www.w3.org\/2000\/svg\"><path d=\"M256 8C119 8 8 119 8 256s111 248 248 248 248-111 248-248S393 8 256 8z\"><\/path><\/svg>\t\t\t\t\t\t<\/span>\n\t\t\t\t\t\t\t\t\t\t<span class=\"elementor-icon-list-text\">Timbre Hero\u00edsmo<\/span>\n\t\t\t\t\t\t\t\t\t\t\t<\/a>\n\t\t\t\t\t\t\t\t\t<\/li>\n\t\t\t\t\t\t<\/ul>\n\t\t\t\t\t\t<\/div>\n\t\t\t\t<\/div>\n\t\t\t\t<div class=\"elementor-element elementor-element-c1a8f15 elementor-icon-list--layout-traditional elementor-list-item-link-full_width elementor-widget elementor-widget-icon-list\" data-id=\"c1a8f15\" data-element_type=\"widget\" data-e-type=\"widget\" id=\"sitemap\" data-widget_type=\"icon-list.default\">\n\t\t\t\t<div class=\"elementor-widget-container\">\n\t\t\t\t\t\t\t<ul class=\"elementor-icon-list-items\">\n\t\t\t\t\t\t\t<li class=\"elementor-icon-list-item\">\n\t\t\t\t\t\t\t\t\t\t\t<a href=\"https:\/\/timbrehotels.com\/virtudes\/fr\/\">\n\n\t\t\t\t\t\t\t\t\t\t\t\t<span class=\"elementor-icon-list-icon\">\n\t\t\t\t\t\t\t<svg aria-hidden=\"true\" class=\"e-font-icon-svg e-fas-circle\" viewBox=\"0 0 512 512\" xmlns=\"http:\/\/www.w3.org\/2000\/svg\"><path d=\"M256 8C119 8 8 119 8 256s111 248 248 248 248-111 248-248S393 8 256 8z\"><\/path><\/svg>\t\t\t\t\t\t<\/span>\n\t\t\t\t\t\t\t\t\t\t<span class=\"elementor-icon-list-text\">Timbre Virtudes<\/span>\n\t\t\t\t\t\t\t\t\t\t\t<\/a>\n\t\t\t\t\t\t\t\t\t<\/li>\n\t\t\t\t\t\t<\/ul>\n\t\t\t\t\t\t<\/div>\n\t\t\t\t<\/div>\n\t\t\t\t<div class=\"elementor-element elementor-element-daa664f elementor-widget elementor-widget-heading\" data-id=\"daa664f\" data-element_type=\"widget\" data-e-type=\"widget\" data-widget_type=\"heading.default\">\n\t\t\t\t<div class=\"elementor-widget-container\">\n\t\t\t\t\t<h6 class=\"elementor-heading-title elementor-size-default\">SUPPORT<\/h6>\t\t\t\t<\/div>\n\t\t\t\t<\/div>\n\t\t\t\t<div class=\"elementor-element elementor-element-e73f081 elementor-widget elementor-widget-sitemap\" data-id=\"e73f081\" data-element_type=\"widget\" data-e-type=\"widget\" data-widget_type=\"sitemap.default\">\n\t\t\t\t<div class=\"elementor-widget-container\">\n\t\t\t\t\t<div class=\"elementor-sitemap-wrap\"><div class=\"elementor-sitemap-section\"><h2 class=\"elementor-sitemap-title elementor-sitemap-page-title\"> <\/h2><ul class=\"elementor-sitemap-list elementor-sitemap-page-list\"><li class=\"elementor-sitemap-item elementor-sitemap-item-page page_item page-item-7232\"><a href=\"https:\/\/timbrehotels.com\/virtudes\/fr\/offres-speciales\/\">Offres Sp\u00e9ciales<\/a><\/li><li class=\"elementor-sitemap-item elementor-sitemap-item-page page_item page-item-5204\"><a href=\"https:\/\/timbrehotels.com\/virtudes\/fr\/faqs\/\">FAQs<\/a><\/li><li class=\"elementor-sitemap-item elementor-sitemap-item-page page_item page-item-5002\"><a href=\"https:\/\/timbrehotels.com\/virtudes\/fr\/politique-de-cookies\/\">Politique de Cookies<\/a><\/li><li class=\"elementor-sitemap-item elementor-sitemap-item-page page_item page-item-5004\"><a href=\"https:\/\/timbrehotels.com\/virtudes\/fr\/politique-de-confidentialite\/\">Politique de Confidentialit\u00e9<\/a><\/li><li class=\"elementor-sitemap-item elementor-sitemap-item-page page_item page-item-6853\"><a href=\"https:\/\/timbrehotels.com\/virtudes\/fr\/termes-et-conditions\/\">Termes et Conditions<\/a><\/li><\/ul><\/div><\/div>\t\t\t\t<\/div>\n\t\t\t\t<\/div>\n\t\t\t\t\t<\/div>\n\t\t<\/div>\n\t\t\t\t\t<\/div>\n\t\t<\/section>\n\t\t\t\t\t<\/div>\n\t\t<\/div>\n\t\t\t\t\t<\/div>\n\t\t<\/section>\n\t\t\t\t<\/div>\n\t\t","protected":false},"excerpt":{"rendered":"<p>PLAN DU SITE GROUPE TIMBRE Timbre Boavista Timbre Hero\u00edsmo Timbre Virtudes SUPPORT<\/p>\n","protected":false},"author":2,"featured_media":0,"parent":0,"menu_order":0,"comment_status":"closed","ping_status":"closed","template":"elementor_header_footer","meta":{"_sitemap_exclude":false,"_sitemap_priority":"","_sitemap_frequency":"","footnotes":""},"class_list":["post-5088","page","type-page","status-publish","hentry"],"yoast_head":"<!-- This site is optimized with the Yoast SEO plugin v27.4 - https:\/\/yoast.com\/product\/yoast-seo-wordpress\/ -->\n<title>Plan du site - Timbre Virtudes<\/title>\n<meta name=\"robots\" content=\"noindex, nofollow\" \/>\n<meta property=\"og:locale\" content=\"fr_FR\" \/>\n<meta property=\"og:type\" content=\"article\" \/>\n<meta property=\"og:title\" content=\"Plan du site - Timbre Virtudes\" \/>\n<meta property=\"og:description\" content=\"PLAN DU SITE GROUPE TIMBRE Timbre Boavista Timbre Hero\u00edsmo Timbre Virtudes SUPPORT\" \/>\n<meta property=\"og:url\" content=\"https:\/\/timbrehotels.com\/virtudes\/fr\/plan-du-site\/\" \/>\n<meta property=\"og:site_name\" content=\"Timbre Virtudes\" \/>\n<meta property=\"article:modified_time\" content=\"2025-01-03T11:56:50+00:00\" \/>\n<meta name=\"twitter:card\" content=\"summary_large_image\" \/>\n<script type=\"application\/ld+json\" class=\"yoast-schema-graph\">{\"@context\":\"https:\\\/\\\/schema.org\",\"@graph\":[{\"@type\":\"WebPage\",\"@id\":\"https:\\\/\\\/timbrehotels.com\\\/virtudes\\\/fr\\\/plan-du-site\\\/\",\"url\":\"https:\\\/\\\/timbrehotels.com\\\/virtudes\\\/fr\\\/plan-du-site\\\/\",\"name\":\"Plan du site - Timbre Virtudes\",\"isPartOf\":{\"@id\":\"https:\\\/\\\/timbrehotels.com\\\/virtudes\\\/fr\\\/#website\"},\"datePublished\":\"2024-08-29T15:28:46+00:00\",\"dateModified\":\"2025-01-03T11:56:50+00:00\",\"breadcrumb\":{\"@id\":\"https:\\\/\\\/timbrehotels.com\\\/virtudes\\\/fr\\\/plan-du-site\\\/#breadcrumb\"},\"inLanguage\":\"fr-FR\",\"potentialAction\":[{\"@type\":\"ReadAction\",\"target\":[\"https:\\\/\\\/timbrehotels.com\\\/virtudes\\\/fr\\\/plan-du-site\\\/\"]}]},{\"@type\":\"BreadcrumbList\",\"@id\":\"https:\\\/\\\/timbrehotels.com\\\/virtudes\\\/fr\\\/plan-du-site\\\/#breadcrumb\",\"itemListElement\":[{\"@type\":\"ListItem\",\"position\":1,\"name\":\"In\u00edcio\",\"item\":\"https:\\\/\\\/timbrehotels.com\\\/virtudes\\\/fr\\\/\"},{\"@type\":\"ListItem\",\"position\":2,\"name\":\"Plan du site\"}]},{\"@type\":\"WebSite\",\"@id\":\"https:\\\/\\\/timbrehotels.com\\\/virtudes\\\/fr\\\/#website\",\"url\":\"https:\\\/\\\/timbrehotels.com\\\/virtudes\\\/fr\\\/\",\"name\":\"Timbre Virtudes\",\"description\":\"\",\"publisher\":{\"@id\":\"https:\\\/\\\/timbrehotels.com\\\/virtudes\\\/fr\\\/#organization\"},\"potentialAction\":[{\"@type\":\"SearchAction\",\"target\":{\"@type\":\"EntryPoint\",\"urlTemplate\":\"https:\\\/\\\/timbrehotels.com\\\/virtudes\\\/fr\\\/?s={search_term_string}\"},\"query-input\":{\"@type\":\"PropertyValueSpecification\",\"valueRequired\":true,\"valueName\":\"search_term_string\"}}],\"inLanguage\":\"fr-FR\"},{\"@type\":\"Organization\",\"@id\":\"https:\\\/\\\/timbrehotels.com\\\/virtudes\\\/fr\\\/#organization\",\"name\":\"Timbre Virtudes\",\"url\":\"https:\\\/\\\/timbrehotels.com\\\/virtudes\\\/fr\\\/\",\"logo\":{\"@type\":\"ImageObject\",\"inLanguage\":\"fr-FR\",\"@id\":\"https:\\\/\\\/timbrehotels.com\\\/virtudes\\\/fr\\\/#\\\/schema\\\/logo\\\/image\\\/\",\"url\":\"https:\\\/\\\/timbrehotels.com\\\/virtudes\\\/wp-content\\\/uploads\\\/sites\\\/2\\\/2024\\\/08\\\/virtudes2.png\",\"contentUrl\":\"https:\\\/\\\/timbrehotels.com\\\/virtudes\\\/wp-content\\\/uploads\\\/sites\\\/2\\\/2024\\\/08\\\/virtudes2.png\",\"width\":298,\"height\":111,\"caption\":\"Timbre Virtudes\"},\"image\":{\"@id\":\"https:\\\/\\\/timbrehotels.com\\\/virtudes\\\/fr\\\/#\\\/schema\\\/logo\\\/image\\\/\"}}]}<\/script>\n<!-- \/ Yoast SEO plugin. -->","yoast_head_json":{"title":"Plan du site - Timbre Virtudes","robots":{"index":"noindex","follow":"nofollow"},"og_locale":"fr_FR","og_type":"article","og_title":"Plan du site - Timbre Virtudes","og_description":"PLAN DU SITE GROUPE TIMBRE Timbre Boavista Timbre Hero\u00edsmo Timbre Virtudes SUPPORT","og_url":"https:\/\/timbrehotels.com\/virtudes\/fr\/plan-du-site\/","og_site_name":"Timbre Virtudes","article_modified_time":"2025-01-03T11:56:50+00:00","twitter_card":"summary_large_image","schema":{"@context":"https:\/\/schema.org","@graph":[{"@type":"WebPage","@id":"https:\/\/timbrehotels.com\/virtudes\/fr\/plan-du-site\/","url":"https:\/\/timbrehotels.com\/virtudes\/fr\/plan-du-site\/","name":"Plan du site - Timbre Virtudes","isPartOf":{"@id":"https:\/\/timbrehotels.com\/virtudes\/fr\/#website"},"datePublished":"2024-08-29T15:28:46+00:00","dateModified":"2025-01-03T11:56:50+00:00","breadcrumb":{"@id":"https:\/\/timbrehotels.com\/virtudes\/fr\/plan-du-site\/#breadcrumb"},"inLanguage":"fr-FR","potentialAction":[{"@type":"ReadAction","target":["https:\/\/timbrehotels.com\/virtudes\/fr\/plan-du-site\/"]}]},{"@type":"BreadcrumbList","@id":"https:\/\/timbrehotels.com\/virtudes\/fr\/plan-du-site\/#breadcrumb","itemListElement":[{"@type":"ListItem","position":1,"name":"In\u00edcio","item":"https:\/\/timbrehotels.com\/virtudes\/fr\/"},{"@type":"ListItem","position":2,"name":"Plan du site"}]},{"@type":"WebSite","@id":"https:\/\/timbrehotels.com\/virtudes\/fr\/#website","url":"https:\/\/timbrehotels.com\/virtudes\/fr\/","name":"Timbre Virtudes","description":"","publisher":{"@id":"https:\/\/timbrehotels.com\/virtudes\/fr\/#organization"},"potentialAction":[{"@type":"SearchAction","target":{"@type":"EntryPoint","urlTemplate":"https:\/\/timbrehotels.com\/virtudes\/fr\/?s={search_term_string}"},"query-input":{"@type":"PropertyValueSpecification","valueRequired":true,"valueName":"search_term_string"}}],"inLanguage":"fr-FR"},{"@type":"Organization","@id":"https:\/\/timbrehotels.com\/virtudes\/fr\/#organization","name":"Timbre Virtudes","url":"https:\/\/timbrehotels.com\/virtudes\/fr\/","logo":{"@type":"ImageObject","inLanguage":"fr-FR","@id":"https:\/\/timbrehotels.com\/virtudes\/fr\/#\/schema\/logo\/image\/","url":"https:\/\/timbrehotels.com\/virtudes\/wp-content\/uploads\/sites\/2\/2024\/08\/virtudes2.png","contentUrl":"https:\/\/timbrehotels.com\/virtudes\/wp-content\/uploads\/sites\/2\/2024\/08\/virtudes2.png","width":298,"height":111,"caption":"Timbre Virtudes"},"image":{"@id":"https:\/\/timbrehotels.com\/virtudes\/fr\/#\/schema\/logo\/image\/"}}]}},"_links":{"self":[{"href":"https:\/\/timbrehotels.com\/virtudes\/fr\/wp-json\/wp\/v2\/pages\/5088","targetHints":{"allow":["GET"]}}],"collection":[{"href":"https:\/\/timbrehotels.com\/virtudes\/fr\/wp-json\/wp\/v2\/pages"}],"about":[{"href":"https:\/\/timbrehotels.com\/virtudes\/fr\/wp-json\/wp\/v2\/types\/page"}],"author":[{"embeddable":true,"href":"https:\/\/timbrehotels.com\/virtudes\/fr\/wp-json\/wp\/v2\/users\/2"}],"replies":[{"embeddable":true,"href":"https:\/\/timbrehotels.com\/virtudes\/fr\/wp-json\/wp\/v2\/comments?post=5088"}],"version-history":[{"count":0,"href":"https:\/\/timbrehotels.com\/virtudes\/fr\/wp-json\/wp\/v2\/pages\/5088\/revisions"}],"wp:attachment":[{"href":"https:\/\/timbrehotels.com\/virtudes\/fr\/wp-json\/wp\/v2\/media?parent=5088"}],"curies":[{"name":"wp","href":"https:\/\/api.w.org\/{rel}","templated":true}]}}